{"id":6485,"date":"2025-05-05T16:45:30","date_gmt":"2025-05-05T14:45:30","guid":{"rendered":"https:\/\/www.kaspar-spirituosen.de\/shop\/produkt\/rossbacher-kraeuterlikoer-07-lt\/"},"modified":"2025-10-24T16:23:58","modified_gmt":"2025-10-24T14:23:58","slug":"rossbacher-kraeuterlikoer-07-lt","status":"publish","type":"product","link":"https:\/\/www.kaspar-spirituosen.de\/shop\/produkt\/rossbacher-kraeuterlikoer-07-lt\/","title":{"rendered":"Rossbacher Kr\u00e4uterlik\u00f6r 0,7 lt."},"content":{"rendered":"","protected":false},"excerpt":{"rendered":"<p>Die klassische \u00f6sterreichische Kr\u00e4uterspezialit\u00e4t wird seit \u00fcber 100 Jahren nach dem \u00fcberlieferten Originalrezept erzeugt. Die angenehme Geruchs- und Geschmacksharmonie entsteht durch eine ausgewogene Zusammensetzung hochwertiger Kr\u00e4uter, Wurzeln und Beeren.<\/p>\n<p>Alkoholgehalt 32 %.<\/p>\n<p>Rossbacher Vertriebs GmbH<br \/>\nHeiligenst\u00e4dter Strasse 41-43<br \/>\n1190 Wien<br \/>\n\u00d6sterreich<\/p>\n<p>&nbsp;<\/p>\n","protected":false},"featured_media":31003,"comment_status":"closed","ping_status":"closed","template":"","meta":{"_acf_changed":false},"product_brand":[],"product_cat":[1563,1571],"product_tag":[465],"class_list":{"0":"post-6485","1":"product","2":"type-product","3":"status-publish","4":"has-post-thumbnail","6":"product_cat-gin-rum-weitere-spirituosen-likoere","7":"product_cat-kraeuterlikoere","8":"product_tag-rossbacher-likoer-oesterreich-oesterreich-digestif-bitter-kraeuter-rolf-kaspar-nrw-essen-fachhandel","10":"first","11":"instock","12":"taxable","13":"shipping-taxable","14":"purchasable","15":"product-type-simple"},"acf":[],"_links":{"self":[{"href":"https:\/\/www.kaspar-spirituosen.de\/shop\/wp-json\/wp\/v2\/product\/6485","targetHints":{"allow":["GET"]}}],"collection":[{"href":"https:\/\/www.kaspar-spirituosen.de\/shop\/wp-json\/wp\/v2\/product"}],"about":[{"href":"https:\/\/www.kaspar-spirituosen.de\/shop\/wp-json\/wp\/v2\/types\/product"}],"replies":[{"embeddable":true,"href":"https:\/\/www.kaspar-spirituosen.de\/shop\/wp-json\/wp\/v2\/comments?post=6485"}],"wp:featuredmedia":[{"embeddable":true,"href":"https:\/\/www.kaspar-spirituosen.de\/shop\/wp-json\/wp\/v2\/media\/31003"}],"wp:attachment":[{"href":"https:\/\/www.kaspar-spirituosen.de\/shop\/wp-json\/wp\/v2\/media?parent=6485"}],"wp:term":[{"taxonomy":"product_brand","embeddable":true,"href":"https:\/\/www.kaspar-spirituosen.de\/shop\/wp-json\/wp\/v2\/product_brand?post=6485"},{"taxonomy":"product_cat","embeddable":true,"href":"https:\/\/www.kaspar-spirituosen.de\/shop\/wp-json\/wp\/v2\/product_cat?post=6485"},{"taxonomy":"product_tag","embeddable":true,"href":"https:\/\/www.kaspar-spirituosen.de\/shop\/wp-json\/wp\/v2\/product_tag?post=6485"}],"curies":[{"name":"wp","href":"https:\/\/api.w.org\/{rel}","templated":true}]}}