{"id":6499,"date":"2025-05-05T16:45:30","date_gmt":"2025-05-05T14:45:30","guid":{"rendered":"https:\/\/www.kaspar-spirituosen.de\/shop\/produkt\/calvados-boulard-x-o-07-lt\/"},"modified":"2025-10-24T16:24:01","modified_gmt":"2025-10-24T14:24:01","slug":"calvados-boulard-x-o-07-lt","status":"publish","type":"product","link":"https:\/\/www.kaspar-spirituosen.de\/shop\/produkt\/calvados-boulard-x-o-07-lt\/","title":{"rendered":"Calvados Boulard X.O., 0,7 lt"},"content":{"rendered":"<p>Calvados Boulard geh\u00f6rt heute zu den renommiertesten Herstellern hochwertiger Calvados-Qualit\u00e4ten. Sie repr\u00e4sentieren mit ihren delikaten Aromen in jeder Ausbauart den klassischen Calvados Pays d&#8217;Auge.<\/p>\n<p>Der Calvados Boulard Grand Solage ist eine Verm\u00e4hlung aus drei bis sechsj\u00e4hrigem Calvados du Pays d\u00b4Auge. Gold bis Kupferfarben, pr\u00e4sente, charakteristische Apfelnote, ausgewogener Vanilleduft.<\/p>\n<p>Alkoholgehalt 40%vol.<br \/>\nCalvados Boulard, 14130 Coquainvilliers, Frankreich<br \/>\nImport: Schlumberger K.G., D-53340 Meckenheim<\/p>\n","protected":false},"excerpt":{"rendered":"<p>Calvados Boulard geh\u00f6rt heute zu den renommiertesten Herstellern hochwertiger Calvados-Qualit\u00e4ten. Sie repr\u00e4sentieren mit ihren delikaten Aromen in jeder Ausbauart den klassischen Calvados Pays d&#8217;Auge.<\/p>\n<p>Der Calvados Boulard Grand Solage ist eine Verm\u00e4hlung aus drei bis sechsj\u00e4hrigem Calvados du Pays d\u00b4Auge. Gold bis Kupferfarben, pr\u00e4sente, charakteristische Apfelnote, ausgewogener Vanilleduft.<\/p>\n<p>Alkoholgehalt 40%vol.<br \/>\nCalvados Boulard, 14130 Coquainvilliers, Frankreich<br \/>\nImport: Schlumberger K.G., D-53340 Meckenheim<\/p>\n","protected":false},"featured_media":31010,"comment_status":"closed","ping_status":"closed","template":"","meta":{"_acf_changed":false},"product_brand":[],"product_cat":[1585],"product_tag":[473],"class_list":{"0":"post-6499","1":"product","2":"type-product","3":"status-publish","4":"has-post-thumbnail","6":"product_cat-cognac-calvados-armagnac","7":"product_tag-calvados-boulard-frankreich-pays-auge-rolf-kaspar-essen-nrw","9":"first","10":"instock","11":"taxable","12":"shipping-taxable","13":"purchasable","14":"product-type-simple"},"acf":[],"_links":{"self":[{"href":"https:\/\/www.kaspar-spirituosen.de\/shop\/wp-json\/wp\/v2\/product\/6499","targetHints":{"allow":["GET"]}}],"collection":[{"href":"https:\/\/www.kaspar-spirituosen.de\/shop\/wp-json\/wp\/v2\/product"}],"about":[{"href":"https:\/\/www.kaspar-spirituosen.de\/shop\/wp-json\/wp\/v2\/types\/product"}],"replies":[{"embeddable":true,"href":"https:\/\/www.kaspar-spirituosen.de\/shop\/wp-json\/wp\/v2\/comments?post=6499"}],"wp:featuredmedia":[{"embeddable":true,"href":"https:\/\/www.kaspar-spirituosen.de\/shop\/wp-json\/wp\/v2\/media\/31010"}],"wp:attachment":[{"href":"https:\/\/www.kaspar-spirituosen.de\/shop\/wp-json\/wp\/v2\/media?parent=6499"}],"wp:term":[{"taxonomy":"product_brand","embeddable":true,"href":"https:\/\/www.kaspar-spirituosen.de\/shop\/wp-json\/wp\/v2\/product_brand?post=6499"},{"taxonomy":"product_cat","embeddable":true,"href":"https:\/\/www.kaspar-spirituosen.de\/shop\/wp-json\/wp\/v2\/product_cat?post=6499"},{"taxonomy":"product_tag","embeddable":true,"href":"https:\/\/www.kaspar-spirituosen.de\/shop\/wp-json\/wp\/v2\/product_tag?post=6499"}],"curies":[{"name":"wp","href":"https:\/\/api.w.org\/{rel}","templated":true}]}}