{"id":6507,"date":"2025-05-05T16:45:30","date_gmt":"2025-05-05T14:45:30","guid":{"rendered":"https:\/\/www.kaspar-spirituosen.de\/shop\/produkt\/pierre-huet-calvados-cordon-argent-07-lt\/"},"modified":"2026-01-11T17:55:48","modified_gmt":"2026-01-11T16:55:48","slug":"pierre-huet-calvados-cordon-argent-07-lt","status":"publish","type":"product","link":"https:\/\/www.kaspar-spirituosen.de\/shop\/produkt\/pierre-huet-calvados-cordon-argent-07-lt\/","title":{"rendered":"Pierre Huet Calvados Cordon Argent 0,7 lt"},"content":{"rendered":"","protected":false},"excerpt":{"rendered":"<p>Die eleganten, raffinierten und destillierten \u00c4pfel des Pierre Huet kamen uns in Zeiten unter die Nase, als wir in unserem Sortiment die Br\u00e4nde von einigen anderen Lieferanten importierten. Selten haben wir solche Aromen probieren d\u00fcrfen! In Vergleichsverkostungen setzte sich Pierre Huet entspannt gegen die etablierte Konkurrenz durch. Wer ihn einmal gerochen hat, kann ihn nicht vergessen. Unsere Verkaufszahlen sind der schlagende Beweis daf\u00fcr, dass dieser Calvados nachhaltig wirkt. Wir haben eine gro\u00dfe Auswahl in unserem Sortiment, und f\u00fcr einen tieferen Blick ins Glas stehen wir Ihnen gerne zur Verf\u00fcgung.<\/p>\n<p>Der <strong>Cordon Argent<\/strong> wurde \u00fcber 20 Jahre in Holzf\u00e4ssern gelagert. Hier ist der Geschmack eines wirklich gereiften, alten Calvados eingefangen. Von monumentaler Struktur, lang und mit einer typischen S\u00e4ure. 20 Jahre gereift.<br \/>\n<strong><span style=\"color: #cc0000;\">&#8212; Versandkostenfrei &#8212;<\/span><\/strong><\/p>\n<p>Calvados<br \/>\nAppelation Calvados Contr\u00f4l\u00e9e<br \/>\nCalvados Pierre Huet SARL., Manoir La Bri\u00e8re des Fontaines, 14340 Cambremer<br \/>\nAlkoholgehalt 40%vol.<\/p>\n","protected":false},"featured_media":31014,"comment_status":"closed","ping_status":"closed","template":"","meta":{"_acf_changed":false},"product_brand":[],"product_cat":[1585],"product_tag":[471],"class_list":{"0":"post-6507","1":"product","2":"type-product","3":"status-publish","4":"has-post-thumbnail","6":"product_cat-cognac-calvados-armagnac","7":"product_tag-huet-pierre-calvados-cambremer-apfelbrand-apfelschnaps-apfeldestillat-frankreich-vieux-vieille-reserve-tradition-cordon-argent-digestif-apfelmost-spirituose","9":"first","10":"instock","11":"taxable","12":"shipping-taxable","13":"purchasable","14":"product-type-simple"},"acf":[],"_links":{"self":[{"href":"https:\/\/www.kaspar-spirituosen.de\/shop\/wp-json\/wp\/v2\/product\/6507","targetHints":{"allow":["GET"]}}],"collection":[{"href":"https:\/\/www.kaspar-spirituosen.de\/shop\/wp-json\/wp\/v2\/product"}],"about":[{"href":"https:\/\/www.kaspar-spirituosen.de\/shop\/wp-json\/wp\/v2\/types\/product"}],"replies":[{"embeddable":true,"href":"https:\/\/www.kaspar-spirituosen.de\/shop\/wp-json\/wp\/v2\/comments?post=6507"}],"wp:featuredmedia":[{"embeddable":true,"href":"https:\/\/www.kaspar-spirituosen.de\/shop\/wp-json\/wp\/v2\/media\/31014"}],"wp:attachment":[{"href":"https:\/\/www.kaspar-spirituosen.de\/shop\/wp-json\/wp\/v2\/media?parent=6507"}],"wp:term":[{"taxonomy":"product_brand","embeddable":true,"href":"https:\/\/www.kaspar-spirituosen.de\/shop\/wp-json\/wp\/v2\/product_brand?post=6507"},{"taxonomy":"product_cat","embeddable":true,"href":"https:\/\/www.kaspar-spirituosen.de\/shop\/wp-json\/wp\/v2\/product_cat?post=6507"},{"taxonomy":"product_tag","embeddable":true,"href":"https:\/\/www.kaspar-spirituosen.de\/shop\/wp-json\/wp\/v2\/product_tag?post=6507"}],"curies":[{"name":"wp","href":"https:\/\/api.w.org\/{rel}","templated":true}]}}