{"id":6521,"date":"2025-05-05T16:45:43","date_gmt":"2025-05-05T14:45:43","guid":{"rendered":"https:\/\/www.kaspar-spirituosen.de\/shop\/produkt\/chinchon-dulce-10-lt\/"},"modified":"2025-10-24T16:23:26","modified_gmt":"2025-10-24T14:23:26","slug":"chinchon-dulce-10-lt","status":"publish","type":"product","link":"https:\/\/www.kaspar-spirituosen.de\/shop\/produkt\/chinchon-dulce-10-lt\/","title":{"rendered":"Chinch\u00f3n Dulce 1,0 lt"},"content":{"rendered":"<p>Chinch\u00f3n Dulce wird durch die Destillation von gr\u00fcnem Anis gewonnen, ohne Aromastoffe, ein 100% nat\u00fcrliches Erzeugnis. Intensive, blitzsaubere Anisaromatik und typischer Duft.<\/p>\n<p>Alkoholgehalt: 35% vol.<\/p>\n<p>Spirituose, Zutaten: Alkohol, Zucker, Anis<\/p>\n<p>Gonzales Byass, S.A., Manuel Maria Gonzales, 12 11403, Jerez, Spanien<\/p>\n","protected":false},"excerpt":{"rendered":"<p>Chinch\u00f3n Dulce wird durch die Destillation von gr\u00fcnem Anis gewonnen, ohne Aromastoffe, ein 100% nat\u00fcrliches Erzeugnis. Intensive, blitzsaubere Anisaromatik und typischer Duft.<\/p>\n<p>Alkoholgehalt: 35% vol.<\/p>\n<p>Spirituose, Zutaten: Alkohol, Zucker, Anis<\/p>\n<p>Gonzales Byass, S.A., Manuel Maria Gonzales, 12 11403, Jerez, Spanien<\/p>\n","protected":false},"featured_media":31021,"comment_status":"closed","ping_status":"closed","template":"","meta":{"_acf_changed":false},"product_brand":[],"product_cat":[1563,1572],"product_tag":[486],"class_list":{"0":"post-6521","1":"product","2":"type-product","3":"status-publish","4":"has-post-thumbnail","6":"product_cat-gin-rum-weitere-spirituosen-likoere","7":"product_cat-pastis-anis-ouzo","8":"product_tag-spanien-spanisch-anis-chinchon-dulce-rolf-kaspar-essen-suess","10":"first","11":"instock","12":"taxable","13":"shipping-taxable","14":"purchasable","15":"product-type-simple"},"acf":[],"_links":{"self":[{"href":"https:\/\/www.kaspar-spirituosen.de\/shop\/wp-json\/wp\/v2\/product\/6521","targetHints":{"allow":["GET"]}}],"collection":[{"href":"https:\/\/www.kaspar-spirituosen.de\/shop\/wp-json\/wp\/v2\/product"}],"about":[{"href":"https:\/\/www.kaspar-spirituosen.de\/shop\/wp-json\/wp\/v2\/types\/product"}],"replies":[{"embeddable":true,"href":"https:\/\/www.kaspar-spirituosen.de\/shop\/wp-json\/wp\/v2\/comments?post=6521"}],"wp:featuredmedia":[{"embeddable":true,"href":"https:\/\/www.kaspar-spirituosen.de\/shop\/wp-json\/wp\/v2\/media\/31021"}],"wp:attachment":[{"href":"https:\/\/www.kaspar-spirituosen.de\/shop\/wp-json\/wp\/v2\/media?parent=6521"}],"wp:term":[{"taxonomy":"product_brand","embeddable":true,"href":"https:\/\/www.kaspar-spirituosen.de\/shop\/wp-json\/wp\/v2\/product_brand?post=6521"},{"taxonomy":"product_cat","embeddable":true,"href":"https:\/\/www.kaspar-spirituosen.de\/shop\/wp-json\/wp\/v2\/product_cat?post=6521"},{"taxonomy":"product_tag","embeddable":true,"href":"https:\/\/www.kaspar-spirituosen.de\/shop\/wp-json\/wp\/v2\/product_tag?post=6521"}],"curies":[{"name":"wp","href":"https:\/\/api.w.org\/{rel}","templated":true}]}}