{"id":6525,"date":"2025-05-05T16:45:43","date_gmt":"2025-05-05T14:45:43","guid":{"rendered":"https:\/\/www.kaspar-spirituosen.de\/shop\/produkt\/de-geele-koem-07-lt\/"},"modified":"2026-03-09T18:01:35","modified_gmt":"2026-03-09T17:01:35","slug":"de-geele-koem-07-lt","status":"publish","type":"product","link":"https:\/\/www.kaspar-spirituosen.de\/shop\/produkt\/de-geele-koem-07-lt\/","title":{"rendered":"De Geele K\u00f6m 0,7 lt."},"content":{"rendered":"<p style=\"font-size: 16px; font-family: Arial, Verdana, Helvetica;\"><strong>Gelber K\u00f6m<\/strong>, verfeinert mit edlen Kr\u00e4utern und Gew\u00fcrzen.<\/p>\n<p style=\"font-size: 16px; font-family: Arial, Verdana, Helvetica;\">K\u00f6m ist ein<strong> friesischer Schnaps auf K\u00fcmmelbasis<\/strong>, der entweder (wie hier) leicht gelblich oder klar ist. Er ist die Basis f\u00fcr den in Norddeutschland sehr beliebten <strong>K\u00f6m-Punsch <\/strong>(2\/3 schwarzer Tee, 1\/3 K\u00f6m, nach belieben Zucker dazu); mancher trinkt ihn jedoch lieber pur oder auf Eis.<\/p>\n<p style=\"font-size: 16px; font-family: Arial, Verdana, Helvetica;\">Alkoholgehalt 32% vol., Spirituose, 0,7l<\/p>\n<p style=\"font-size: 16px; font-family: Arial, Verdana, Helvetica;\">Waldemar Behn GmbH<br \/>\nKadekerweg 2<br \/>\n24340 Eckernf\u00f6rde<br \/>\nTel.: +49 4351 479 0<br \/>\nE-Mail: info@behn.de<\/p>\n","protected":false},"excerpt":{"rendered":"<p>Gelber K\u00f6m, verfeinert mit edlen Kr\u00e4utern und Gew\u00fcrzen &#8211;\u00a0<span style=\"font-family: Arial, Verdana, Helvetica; font-size: 16px;\">ein friesischer Schnaps auf K\u00fcmmelbasis<\/span><\/p>\n<p>&nbsp;<\/p>\n","protected":false},"featured_media":31023,"comment_status":"closed","ping_status":"closed","template":"","meta":{"_acf_changed":false},"product_brand":[],"product_cat":[1563,1564],"product_tag":[488],"class_list":{"0":"post-6525","1":"product","2":"type-product","3":"status-publish","4":"has-post-thumbnail","6":"product_cat-gin-rum-weitere-spirituosen-likoere","7":"product_cat-gin-vodka-klare","8":"product_tag-koem-koeoem-geel-geele-behn-friesisch-nordfriesland-schleswig-holstein-friesen-punsch-rolf-kaspar-essen-braende-brand-edle-schnapsbrenner-brenner","10":"first","11":"outofstock","12":"taxable","13":"shipping-taxable","14":"purchasable","15":"product-type-simple"},"acf":[],"_links":{"self":[{"href":"https:\/\/www.kaspar-spirituosen.de\/shop\/wp-json\/wp\/v2\/product\/6525","targetHints":{"allow":["GET"]}}],"collection":[{"href":"https:\/\/www.kaspar-spirituosen.de\/shop\/wp-json\/wp\/v2\/product"}],"about":[{"href":"https:\/\/www.kaspar-spirituosen.de\/shop\/wp-json\/wp\/v2\/types\/product"}],"replies":[{"embeddable":true,"href":"https:\/\/www.kaspar-spirituosen.de\/shop\/wp-json\/wp\/v2\/comments?post=6525"}],"wp:featuredmedia":[{"embeddable":true,"href":"https:\/\/www.kaspar-spirituosen.de\/shop\/wp-json\/wp\/v2\/media\/31023"}],"wp:attachment":[{"href":"https:\/\/www.kaspar-spirituosen.de\/shop\/wp-json\/wp\/v2\/media?parent=6525"}],"wp:term":[{"taxonomy":"product_brand","embeddable":true,"href":"https:\/\/www.kaspar-spirituosen.de\/shop\/wp-json\/wp\/v2\/product_brand?post=6525"},{"taxonomy":"product_cat","embeddable":true,"href":"https:\/\/www.kaspar-spirituosen.de\/shop\/wp-json\/wp\/v2\/product_cat?post=6525"},{"taxonomy":"product_tag","embeddable":true,"href":"https:\/\/www.kaspar-spirituosen.de\/shop\/wp-json\/wp\/v2\/product_tag?post=6525"}],"curies":[{"name":"wp","href":"https:\/\/api.w.org\/{rel}","templated":true}]}}