{"id":6573,"date":"2025-05-05T16:45:55","date_gmt":"2025-05-05T14:45:55","guid":{"rendered":"https:\/\/www.kaspar-spirituosen.de\/shop\/produkt\/ximenez-spinola-old-harvest-px-05l\/"},"modified":"2025-10-24T16:23:19","modified_gmt":"2025-10-24T14:23:19","slug":"ximenez-spinola-old-harvest-px-05l","status":"publish","type":"product","link":"https:\/\/www.kaspar-spirituosen.de\/shop\/produkt\/ximenez-spinola-old-harvest-px-05l\/","title":{"rendered":"Xim\u00e9nez-Spinola Old Harvest PX 0,5l"},"content":{"rendered":"<p>Bernsteinfarben, mit herrlichen Aromen von Haselnuss, Nougat und ein wenig Lakritz. Am Gaumen entfaltet er seine vollaromatische Kraft, intensiv nussig, aromatisch aber butterweich. Halbtrocken mit einer feinen W\u00fcrze und Mineralit\u00e4t bleibt er f\u00fcr lange Zeit pr\u00e4sent.<\/p>\n<p>Xim\u00e9nez-Spinola<br \/>\nOld Harvest Pedro Xim\u00e9nez ist ein <strong>Oloroso aus Pedro-Xim\u00e9nez-Trauben<\/strong>, nicht wie \u00fcblich aus Palomino Fino. Nach der Ernte werden die Trauben f\u00fcr drei Tage getrocknet und anschlie\u00dfend auf die F\u00e4sser der Solera zur G\u00e4rung verteilt. Die Solera besteht bereits seit 1964 und ist einzigartig. Es gibt keine zweite Solera, in der ausschlie\u00dflich <strong>Pedro Xim\u00e9nez<\/strong> oxidativ ausgebaut wird.<\/p>\n<p>Sherry, Alkoholgehalt 15%vol., 0,5l,\u00a0<span style=\"font-family: Arial, Verdana, Helvetica; font-size: 18px;\">enth\u00e4lt Sulfite<\/span><br \/>\nImporteur: Weinkontor Freund GmbH, Nienkamp 17, D-33829 Borgholzhausen<\/p>\n","protected":false},"excerpt":{"rendered":"<p><span style=\"font-family: Arial, Verdana, Helvetica; font-size: 18px;\">Aromen von Haselnuss, Nougat und ein wenig Lakritz, intensiv nussig, aromatisch, halbtrocken mit einer feinen W\u00fcrze und Mineralit\u00e4t<\/span><\/p>\n","protected":false},"featured_media":31044,"comment_status":"closed","ping_status":"closed","template":"","meta":{"_acf_changed":false},"product_brand":[],"product_cat":[1544,1545],"product_tag":[514],"class_list":{"0":"post-6573","1":"product","2":"type-product","3":"status-publish","4":"has-post-thumbnail","6":"product_cat-sherry-port-co","7":"product_cat-sherry","8":"product_tag-ximenez-spinola-sherry-solera-very-old-pedro-ximenez-px","10":"first","11":"outofstock","12":"taxable","13":"shipping-taxable","14":"purchasable","15":"product-type-simple"},"acf":[],"_links":{"self":[{"href":"https:\/\/www.kaspar-spirituosen.de\/shop\/wp-json\/wp\/v2\/product\/6573","targetHints":{"allow":["GET"]}}],"collection":[{"href":"https:\/\/www.kaspar-spirituosen.de\/shop\/wp-json\/wp\/v2\/product"}],"about":[{"href":"https:\/\/www.kaspar-spirituosen.de\/shop\/wp-json\/wp\/v2\/types\/product"}],"replies":[{"embeddable":true,"href":"https:\/\/www.kaspar-spirituosen.de\/shop\/wp-json\/wp\/v2\/comments?post=6573"}],"wp:featuredmedia":[{"embeddable":true,"href":"https:\/\/www.kaspar-spirituosen.de\/shop\/wp-json\/wp\/v2\/media\/31044"}],"wp:attachment":[{"href":"https:\/\/www.kaspar-spirituosen.de\/shop\/wp-json\/wp\/v2\/media?parent=6573"}],"wp:term":[{"taxonomy":"product_brand","embeddable":true,"href":"https:\/\/www.kaspar-spirituosen.de\/shop\/wp-json\/wp\/v2\/product_brand?post=6573"},{"taxonomy":"product_cat","embeddable":true,"href":"https:\/\/www.kaspar-spirituosen.de\/shop\/wp-json\/wp\/v2\/product_cat?post=6573"},{"taxonomy":"product_tag","embeddable":true,"href":"https:\/\/www.kaspar-spirituosen.de\/shop\/wp-json\/wp\/v2\/product_tag?post=6573"}],"curies":[{"name":"wp","href":"https:\/\/api.w.org\/{rel}","templated":true}]}}