{"id":6583,"date":"2025-05-05T16:45:55","date_gmt":"2025-05-05T14:45:55","guid":{"rendered":"https:\/\/www.kaspar-spirituosen.de\/shop\/produkt\/sherry-lustau-oloroso-don-nuno-075-lt\/"},"modified":"2025-10-24T16:23:21","modified_gmt":"2025-10-24T14:23:21","slug":"sherry-lustau-oloroso-don-nuno-075-lt","status":"publish","type":"product","link":"https:\/\/www.kaspar-spirituosen.de\/shop\/produkt\/sherry-lustau-oloroso-don-nuno-075-lt\/","title":{"rendered":"Sherry Lustau Oloroso Don Nuno 0,75 lt."},"content":{"rendered":"","protected":false},"excerpt":{"rendered":"<p>Oloroso steht beim Sherry f\u00fcr den vollen, k\u00f6rperreichen Sherry. Er kommt w\u00e4hrend seiner Reifung in der Solera g\u00e4nzlich ohne Florhefe aus, so dass er unter Sauerstoffeinflu\u00df oxydativ zu dem heranreift, was wir so sehr lieben. Duftet w\u00fcrzig nach D\u00f6rrpflaumen, Zimt und Kastanienholz. Der Sherry hat eine beachtliche Tiefe und Konzentration. WOW!<\/p>\n<p>Enth\u00e4lt Sulfite, 0,75 L, 20 % vol.<\/p>\n<p>Emilio Lustau<br \/>\nAdresse: Calle Arcos, 53, 11402 Jerez de la Frontera, C\u00e1diz, Spanien<br \/>\nTelefon:+34 956 34 15 97<\/p>\n","protected":false},"featured_media":31048,"comment_status":"closed","ping_status":"closed","template":"","meta":{"_acf_changed":false},"product_brand":[],"product_cat":[1544,1545],"product_tag":[520],"class_list":{"0":"post-6583","1":"product","2":"type-product","3":"status-publish","4":"has-post-thumbnail","6":"product_cat-sherry-port-co","7":"product_cat-sherry","8":"product_tag-dry-oloroso-don-nuno-lustau-emilio-sherry-jerez-frontera-sanlucar-barrameda","10":"first","11":"instock","12":"taxable","13":"shipping-taxable","14":"purchasable","15":"product-type-simple"},"acf":[],"_links":{"self":[{"href":"https:\/\/www.kaspar-spirituosen.de\/shop\/wp-json\/wp\/v2\/product\/6583","targetHints":{"allow":["GET"]}}],"collection":[{"href":"https:\/\/www.kaspar-spirituosen.de\/shop\/wp-json\/wp\/v2\/product"}],"about":[{"href":"https:\/\/www.kaspar-spirituosen.de\/shop\/wp-json\/wp\/v2\/types\/product"}],"replies":[{"embeddable":true,"href":"https:\/\/www.kaspar-spirituosen.de\/shop\/wp-json\/wp\/v2\/comments?post=6583"}],"wp:featuredmedia":[{"embeddable":true,"href":"https:\/\/www.kaspar-spirituosen.de\/shop\/wp-json\/wp\/v2\/media\/31048"}],"wp:attachment":[{"href":"https:\/\/www.kaspar-spirituosen.de\/shop\/wp-json\/wp\/v2\/media?parent=6583"}],"wp:term":[{"taxonomy":"product_brand","embeddable":true,"href":"https:\/\/www.kaspar-spirituosen.de\/shop\/wp-json\/wp\/v2\/product_brand?post=6583"},{"taxonomy":"product_cat","embeddable":true,"href":"https:\/\/www.kaspar-spirituosen.de\/shop\/wp-json\/wp\/v2\/product_cat?post=6583"},{"taxonomy":"product_tag","embeddable":true,"href":"https:\/\/www.kaspar-spirituosen.de\/shop\/wp-json\/wp\/v2\/product_tag?post=6583"}],"curies":[{"name":"wp","href":"https:\/\/api.w.org\/{rel}","templated":true}]}}