{"id":6587,"date":"2025-05-05T16:45:55","date_gmt":"2025-05-05T14:45:55","guid":{"rendered":"https:\/\/www.kaspar-spirituosen.de\/shop\/produkt\/sherry-lustau-capataz-andres-075-lt\/"},"modified":"2025-10-24T16:23:22","modified_gmt":"2025-10-24T14:23:22","slug":"sherry-lustau-capataz-andres-075-lt","status":"publish","type":"product","link":"https:\/\/www.kaspar-spirituosen.de\/shop\/produkt\/sherry-lustau-capataz-andres-075-lt\/","title":{"rendered":"Sherry Lustau Capataz Andres 0,75 lt."},"content":{"rendered":"","protected":false},"excerpt":{"rendered":"<p>Ein traditionell und in originaler Alkoholst\u00e4rke hergesteller Cream Sherry, der bestens unter Beweis stellt, wie ein Cream tats\u00e4chlich schmecken sollte. Tiefe Bernstein im Auge. Auf der Zungenspitze der druckvolle Geschmack von s\u00fc\u00dfen Rosinen, Datteln und Feigen. \u00dcppiges, reife Fr\u00fcchte, die beh\u00e4big mild und verf\u00fchrerisch \u00fcber die Zunge gleiten. Eine energische Symbiose aus S\u00fc\u00dfe, Kraft und Reife! Der Nektar aus einem M\u00e4rchen&#8230;<\/p>\n<p>Enth\u00e4lt Sulfite, 0,75 L, 20 % vol.<\/p>\n<p>Emilio Lustau<br \/>\nAdresse: Calle Arcos, 53, 11402 Jerez de la Frontera, C\u00e1diz, Spanien<br \/>\nTelefon:+34 956 34 15 97<\/p>\n","protected":false},"featured_media":31050,"comment_status":"closed","ping_status":"closed","template":"","meta":{"_acf_changed":false},"product_brand":[],"product_cat":[1544,1545],"product_tag":[522],"class_list":{"0":"post-6587","1":"product","2":"type-product","3":"status-publish","4":"has-post-thumbnail","6":"product_cat-sherry-port-co","7":"product_cat-sherry","8":"product_tag-deluxe-cream-capataz-andres-lustau-emilio-sherry-jerez-solera-reserve-kaspar-rolf-essen-nrw","10":"first","11":"instock","12":"taxable","13":"shipping-taxable","14":"purchasable","15":"product-type-simple"},"acf":[],"_links":{"self":[{"href":"https:\/\/www.kaspar-spirituosen.de\/shop\/wp-json\/wp\/v2\/product\/6587","targetHints":{"allow":["GET"]}}],"collection":[{"href":"https:\/\/www.kaspar-spirituosen.de\/shop\/wp-json\/wp\/v2\/product"}],"about":[{"href":"https:\/\/www.kaspar-spirituosen.de\/shop\/wp-json\/wp\/v2\/types\/product"}],"replies":[{"embeddable":true,"href":"https:\/\/www.kaspar-spirituosen.de\/shop\/wp-json\/wp\/v2\/comments?post=6587"}],"wp:featuredmedia":[{"embeddable":true,"href":"https:\/\/www.kaspar-spirituosen.de\/shop\/wp-json\/wp\/v2\/media\/31050"}],"wp:attachment":[{"href":"https:\/\/www.kaspar-spirituosen.de\/shop\/wp-json\/wp\/v2\/media?parent=6587"}],"wp:term":[{"taxonomy":"product_brand","embeddable":true,"href":"https:\/\/www.kaspar-spirituosen.de\/shop\/wp-json\/wp\/v2\/product_brand?post=6587"},{"taxonomy":"product_cat","embeddable":true,"href":"https:\/\/www.kaspar-spirituosen.de\/shop\/wp-json\/wp\/v2\/product_cat?post=6587"},{"taxonomy":"product_tag","embeddable":true,"href":"https:\/\/www.kaspar-spirituosen.de\/shop\/wp-json\/wp\/v2\/product_tag?post=6587"}],"curies":[{"name":"wp","href":"https:\/\/api.w.org\/{rel}","templated":true}]}}