{"id":6591,"date":"2025-05-05T16:45:55","date_gmt":"2025-05-05T14:45:55","guid":{"rendered":"https:\/\/www.kaspar-spirituosen.de\/shop\/produkt\/sherry-lustau-almacenista-manzanilla-05-lt\/"},"modified":"2025-10-24T16:23:22","modified_gmt":"2025-10-24T14:23:22","slug":"sherry-lustau-almacenista-manzanilla-05-lt","status":"publish","type":"product","link":"https:\/\/www.kaspar-spirituosen.de\/shop\/produkt\/sherry-lustau-almacenista-manzanilla-05-lt\/","title":{"rendered":"Sherry Lustau Almacenista Manzanilla 0,5 lt."},"content":{"rendered":"","protected":false},"excerpt":{"rendered":"<p>Dieser gereifte, trockene Manzanilla leuchtet Golggelb. In der Nase vereint er die typische, leichte Salznote mit mineralischen Noten. Waln\u00fcsse und der etwas erdige Duft von Tr\u00fcffeln vervollst\u00e4ndigen das Bukett. Im Mund eine richtig h\u00fcbsche F\u00fclle, ausgewogen und ansprechend.<\/p>\n<p>Enth\u00e4lt Sulfite, 0,5 L, 17 % vol.<\/p>\n<p>Emilio Lustau<br \/>\nAdresse: Calle Arcos, 53, 11402 Jerez de la Frontera, C\u00e1diz, Spanien<br \/>\nTelefon:+34 956 34 15 97<\/p>\n","protected":false},"featured_media":31052,"comment_status":"closed","ping_status":"closed","template":"","meta":{"_acf_changed":false},"product_brand":[],"product_cat":[1544,1545],"product_tag":[524],"class_list":{"0":"post-6591","1":"product","2":"type-product","3":"status-publish","4":"has-post-thumbnail","6":"product_cat-sherry-port-co","7":"product_cat-sherry","8":"product_tag-almacenista-manzanilla-pasada-de-sanlucar-lustau-emilio-sherry-jerez-rolf-kaspar-nrw-essen-fachhandel","10":"first","11":"instock","12":"taxable","13":"shipping-taxable","14":"purchasable","15":"product-type-simple"},"acf":[],"_links":{"self":[{"href":"https:\/\/www.kaspar-spirituosen.de\/shop\/wp-json\/wp\/v2\/product\/6591","targetHints":{"allow":["GET"]}}],"collection":[{"href":"https:\/\/www.kaspar-spirituosen.de\/shop\/wp-json\/wp\/v2\/product"}],"about":[{"href":"https:\/\/www.kaspar-spirituosen.de\/shop\/wp-json\/wp\/v2\/types\/product"}],"replies":[{"embeddable":true,"href":"https:\/\/www.kaspar-spirituosen.de\/shop\/wp-json\/wp\/v2\/comments?post=6591"}],"wp:featuredmedia":[{"embeddable":true,"href":"https:\/\/www.kaspar-spirituosen.de\/shop\/wp-json\/wp\/v2\/media\/31052"}],"wp:attachment":[{"href":"https:\/\/www.kaspar-spirituosen.de\/shop\/wp-json\/wp\/v2\/media?parent=6591"}],"wp:term":[{"taxonomy":"product_brand","embeddable":true,"href":"https:\/\/www.kaspar-spirituosen.de\/shop\/wp-json\/wp\/v2\/product_brand?post=6591"},{"taxonomy":"product_cat","embeddable":true,"href":"https:\/\/www.kaspar-spirituosen.de\/shop\/wp-json\/wp\/v2\/product_cat?post=6591"},{"taxonomy":"product_tag","embeddable":true,"href":"https:\/\/www.kaspar-spirituosen.de\/shop\/wp-json\/wp\/v2\/product_tag?post=6591"}],"curies":[{"name":"wp","href":"https:\/\/api.w.org\/{rel}","templated":true}]}}