{"id":6641,"date":"2025-05-05T16:46:20","date_gmt":"2025-05-05T14:46:20","guid":{"rendered":"https:\/\/www.kaspar-spirituosen.de\/shop\/produkt\/vacuvin-weinvakuumpumpe-mit-2-stopfen\/"},"modified":"2025-10-24T16:23:06","modified_gmt":"2025-10-24T14:23:06","slug":"vacuvin-weinvakuumpumpe-mit-2-stopfen","status":"publish","type":"product","link":"https:\/\/www.kaspar-spirituosen.de\/shop\/produkt\/vacuvin-weinvakuumpumpe-mit-2-stopfen\/","title":{"rendered":"Vacuvin Weinvakuumpumpe mit 2 Stopfen"},"content":{"rendered":"","protected":false},"excerpt":{"rendered":"<p>Der Vakuum Wine Saver ist eine Pumpe, die mit dem dazugeh\u00f6renden Spezialstopfen daf\u00fcr sorgt, dass der Wein in bereits ge\u00f6ffneten Weinflaschen l\u00e4nger aufbewahrt werden kann.<br \/>\nMan steckt den Stopfen in den Flaschenhals und zieht mit der Pumpe die verbleibende Luft heraus. Ein \u201cKlick\u201d-Ger\u00e4usch verr\u00e4t, dass genug gepumpt und somit das optimale Vakuum erreicht worden ist. Der Oxidationsprozess wird nun verlangsamt, so dass man sp\u00e4ter den Wein erneut geniessen kann. Die Frage, wie oft man pumpen muss, geh\u00f6rt dank dem &#8222;Klick&#8220; der Vergangenheit an.<br \/>\nDie abgepumpten Weine sind um ein vielfaches l\u00e4nger haltbar, bis zu 4 Wochen halten Sie mit dem Wine Saver.<\/p>\n","protected":false},"featured_media":31067,"comment_status":"closed","ping_status":"closed","template":"","meta":{"_acf_changed":false},"product_brand":[],"product_cat":[1595,1599],"product_tag":[555],"class_list":{"0":"post-6641","1":"product","2":"type-product","3":"status-publish","4":"has-post-thumbnail","6":"product_cat-veranstaltungen-dies-das","7":"product_cat-dies-das","8":"product_tag-vacuvin-vacu-vin-wein-weinpumpe-pumpe-vakuum-stopfen-wine-saver-verschluss-verschluss-rolf-kaspar-essen-nrw-fachhandel","10":"first","11":"outofstock","12":"taxable","13":"shipping-taxable","14":"purchasable","15":"product-type-simple"},"acf":[],"_links":{"self":[{"href":"https:\/\/www.kaspar-spirituosen.de\/shop\/wp-json\/wp\/v2\/product\/6641","targetHints":{"allow":["GET"]}}],"collection":[{"href":"https:\/\/www.kaspar-spirituosen.de\/shop\/wp-json\/wp\/v2\/product"}],"about":[{"href":"https:\/\/www.kaspar-spirituosen.de\/shop\/wp-json\/wp\/v2\/types\/product"}],"replies":[{"embeddable":true,"href":"https:\/\/www.kaspar-spirituosen.de\/shop\/wp-json\/wp\/v2\/comments?post=6641"}],"wp:featuredmedia":[{"embeddable":true,"href":"https:\/\/www.kaspar-spirituosen.de\/shop\/wp-json\/wp\/v2\/media\/31067"}],"wp:attachment":[{"href":"https:\/\/www.kaspar-spirituosen.de\/shop\/wp-json\/wp\/v2\/media?parent=6641"}],"wp:term":[{"taxonomy":"product_brand","embeddable":true,"href":"https:\/\/www.kaspar-spirituosen.de\/shop\/wp-json\/wp\/v2\/product_brand?post=6641"},{"taxonomy":"product_cat","embeddable":true,"href":"https:\/\/www.kaspar-spirituosen.de\/shop\/wp-json\/wp\/v2\/product_cat?post=6641"},{"taxonomy":"product_tag","embeddable":true,"href":"https:\/\/www.kaspar-spirituosen.de\/shop\/wp-json\/wp\/v2\/product_tag?post=6641"}],"curies":[{"name":"wp","href":"https:\/\/api.w.org\/{rel}","templated":true}]}}