{"id":6701,"date":"2025-05-05T16:46:33","date_gmt":"2025-05-05T14:46:33","guid":{"rendered":"https:\/\/www.kaspar-spirituosen.de\/shop\/produkt\/lichtburg-9-21y-ex-rum-cask-irish-single-malt-whiskey-07l\/"},"modified":"2025-10-24T16:22:56","modified_gmt":"2025-10-24T14:22:56","slug":"lichtburg-9-21y-ex-rum-cask-irish-single-malt-whiskey-07l","status":"publish","type":"product","link":"https:\/\/www.kaspar-spirituosen.de\/shop\/produkt\/lichtburg-9-21y-ex-rum-cask-irish-single-malt-whiskey-07l\/","title":{"rendered":"Lichtburg #9, 21y ex Rum cask Irish Single Malt Whiskey, 0,7l"},"content":{"rendered":"<p><strong>Lichtburg #9 Single Cask<\/strong>, Single Malt Irish Whiskey, Irland<\/p>\n<p>#9 &#8218;This Night Single Cask I&#8216;<br \/>\n471 Flaschen, 53,5 % VOL. Cask # 39735, 2001, 21y.<br \/>\nex Rum Cask,\u00a0 0,7 L<br \/>\nW\u00fcrziger Rumtopf mit gelben Steinfr\u00fcchten !<\/p>\n<p>Aus den Best\u00e4nden von Jack Teeling !<\/p>\n<p>53,5 % vol.<span style=\"font-size: 12pt;\">, 0,7l, Single Malt Irish Whiskey, Irland<\/span><\/p>\n<p>Rolf Kaspar GmbH, Ruhrallee 59, 45138 Essen<\/p>\n","protected":false},"excerpt":{"rendered":"<p>Lichtburg #9 Single Cask, Single Malt Irish Whiskey, Irland #9 &#8218;This Night Single Cask I&#8216; 471 Flaschen, 53,5 % VOL. Cask # 39735, 2001, 21y. ex Rum Cask,\u00a0 0,7 L W\u00fcrziger Rumtopf mit gelben Steinfr\u00fcchten ! Aus den Best\u00e4nden von Jack Teeling ! 53,5 % vol., 0,7l, Single Malt Irish Whiskey, Irland Rolf Kaspar GmbH, [&hellip;]<\/p>\n","protected":false},"featured_media":31075,"comment_status":"closed","ping_status":"closed","template":"","meta":{"_acf_changed":false},"product_brand":[],"product_cat":[1549,1559],"product_tag":[603],"class_list":{"0":"post-6701","1":"product","2":"type-product","3":"status-publish","4":"has-post-thumbnail","6":"product_cat-whisky","7":"product_cat-irischer-whiskey","8":"product_tag-teeling-irish-whiskey-essen-rolf-kaspar-jack-teeling-nrw-whisky-maltwhisky-whiskey-schottland-scotland-fassstaerke-single-malt-unchill-filtered-non-coloured-unfiltriert-nicht-gefaerbt-lichtburg","10":"first","11":"instock","12":"taxable","13":"shipping-taxable","14":"purchasable","15":"product-type-simple"},"acf":[],"_links":{"self":[{"href":"https:\/\/www.kaspar-spirituosen.de\/shop\/wp-json\/wp\/v2\/product\/6701","targetHints":{"allow":["GET"]}}],"collection":[{"href":"https:\/\/www.kaspar-spirituosen.de\/shop\/wp-json\/wp\/v2\/product"}],"about":[{"href":"https:\/\/www.kaspar-spirituosen.de\/shop\/wp-json\/wp\/v2\/types\/product"}],"replies":[{"embeddable":true,"href":"https:\/\/www.kaspar-spirituosen.de\/shop\/wp-json\/wp\/v2\/comments?post=6701"}],"wp:featuredmedia":[{"embeddable":true,"href":"https:\/\/www.kaspar-spirituosen.de\/shop\/wp-json\/wp\/v2\/media\/31075"}],"wp:attachment":[{"href":"https:\/\/www.kaspar-spirituosen.de\/shop\/wp-json\/wp\/v2\/media?parent=6701"}],"wp:term":[{"taxonomy":"product_brand","embeddable":true,"href":"https:\/\/www.kaspar-spirituosen.de\/shop\/wp-json\/wp\/v2\/product_brand?post=6701"},{"taxonomy":"product_cat","embeddable":true,"href":"https:\/\/www.kaspar-spirituosen.de\/shop\/wp-json\/wp\/v2\/product_cat?post=6701"},{"taxonomy":"product_tag","embeddable":true,"href":"https:\/\/www.kaspar-spirituosen.de\/shop\/wp-json\/wp\/v2\/product_tag?post=6701"}],"curies":[{"name":"wp","href":"https:\/\/api.w.org\/{rel}","templated":true}]}}