{"id":6734,"date":"2025-05-05T16:46:48","date_gmt":"2025-05-05T14:46:48","guid":{"rendered":"https:\/\/www.kaspar-spirituosen.de\/shop\/produkt\/olo-inchgower-12-y-1st-fill-sherry-finish-07-l\/"},"modified":"2025-12-03T16:47:27","modified_gmt":"2025-12-03T15:47:27","slug":"olo-inchgower-12-y-1st-fill-sherry-finish-07-l","status":"publish","type":"product","link":"https:\/\/www.kaspar-spirituosen.de\/shop\/produkt\/olo-inchgower-12-y-1st-fill-sherry-finish-07-l\/","title":{"rendered":"OLO Inchgower 12 y. , 1st fill sherry finish 0,7 L"},"content":{"rendered":"<p><strong>OLO INCHGOWER 12 y.<\/strong><br \/>\nFassstarker Single Malt Scotch Whisky, Speyside<br \/>\nDetails: 57,7%vol., Anzahl Flaschen: 286, Fass #805695, 0,7 L<br \/>\nNat\u00fcrliche Farbe, nicht k\u00e4ltegefiltert<br \/>\nTasting Notes<br \/>\nNase: Verbrannter Honig, s\u00fc\u00dfer Butterbl\u00e4tterteig, vollmundig, intensiv und komplex. Maraschinokirsche Kirschen, die auf einem Lagerfeuer einkochen und rote, frische Apfelschalen neben kr\u00e4ftigem Zigarrenrauch<br \/>\nGeschmack: Malzig, vollmundig mit konzentrierten Aromen dunkelroter Beeren, reifer Kirschen und w\u00fcrziger Cranberrys<br \/>\nNachklang: Mehr W\u00fcrze mit einer salzigen Meeresnote ganz am Ende<br \/>\nFazit: Der sherrylastige Nachklang erinnert an reife, w\u00fcrzige Fr\u00fcchte &#8211; klassicher Stil aus Intensit\u00e4t und Salzigkeit<\/p>\n<p>Global Whisky Limited, 11 Somerset Pl, Glasgow G3 7JT, Vereinigtes K\u00f6nigreich<\/p>\n<p><font color=\"#ff0000\"><b>&#8211; Versandkostenfrei &#8211;<\/b><\/font><\/p>\n<p>Rolf Kaspar GmbH, Ruhrallee 59, 45138 Essen<\/p>\n","protected":false},"excerpt":{"rendered":"<p>OLO INCHGOWER 12 y. Fassstarker Single Malt Scotch Whisky, Speyside Details: 57,7%vol., Anzahl Flaschen: 286, Fass #805695, 0,7 L Nat\u00fcrliche Farbe, nicht k\u00e4ltegefiltert Tasting Notes Nase: Verbrannter Honig, s\u00fc\u00dfer Butterbl\u00e4tterteig, vollmundig, intensiv und komplex. Maraschinokirsche Kirschen, die auf einem Lagerfeuer einkochen und rote, frische Apfelschalen neben kr\u00e4ftigem Zigarrenrauch Geschmack: Malzig, vollmundig mit konzentrierten Aromen dunkelroter [&hellip;]<\/p>\n","protected":false},"featured_media":31083,"comment_status":"closed","ping_status":"closed","template":"","meta":{"_acf_changed":false},"product_brand":[],"product_cat":[1549,1550],"product_tag":[610],"class_list":{"0":"post-6734","1":"product","2":"type-product","3":"status-publish","4":"has-post-thumbnail","6":"product_cat-whisky","7":"product_cat-unabhaengige-abfueller","8":"product_tag-red-cask-company-global-nrw-whisky-maltwhisky-whiskey-schottland-scotland-fassstaerke-single-malt-unchill-filtered-non-coloured-unfiltriert-single-cask-strength-inchgower-olo","10":"first","11":"outofstock","12":"taxable","13":"shipping-taxable","14":"purchasable","15":"product-type-simple"},"acf":[],"_links":{"self":[{"href":"https:\/\/www.kaspar-spirituosen.de\/shop\/wp-json\/wp\/v2\/product\/6734","targetHints":{"allow":["GET"]}}],"collection":[{"href":"https:\/\/www.kaspar-spirituosen.de\/shop\/wp-json\/wp\/v2\/product"}],"about":[{"href":"https:\/\/www.kaspar-spirituosen.de\/shop\/wp-json\/wp\/v2\/types\/product"}],"replies":[{"embeddable":true,"href":"https:\/\/www.kaspar-spirituosen.de\/shop\/wp-json\/wp\/v2\/comments?post=6734"}],"wp:featuredmedia":[{"embeddable":true,"href":"https:\/\/www.kaspar-spirituosen.de\/shop\/wp-json\/wp\/v2\/media\/31083"}],"wp:attachment":[{"href":"https:\/\/www.kaspar-spirituosen.de\/shop\/wp-json\/wp\/v2\/media?parent=6734"}],"wp:term":[{"taxonomy":"product_brand","embeddable":true,"href":"https:\/\/www.kaspar-spirituosen.de\/shop\/wp-json\/wp\/v2\/product_brand?post=6734"},{"taxonomy":"product_cat","embeddable":true,"href":"https:\/\/www.kaspar-spirituosen.de\/shop\/wp-json\/wp\/v2\/product_cat?post=6734"},{"taxonomy":"product_tag","embeddable":true,"href":"https:\/\/www.kaspar-spirituosen.de\/shop\/wp-json\/wp\/v2\/product_tag?post=6734"}],"curies":[{"name":"wp","href":"https:\/\/api.w.org\/{rel}","templated":true}]}}