{"id":6745,"date":"2025-05-05T16:46:48","date_gmt":"2025-05-05T14:46:48","guid":{"rendered":"https:\/\/www.kaspar-spirituosen.de\/shop\/produkt\/an-fear-grinn-mointeach-single-malt-whiskey-07l\/"},"modified":"2025-10-24T16:22:49","modified_gmt":"2025-10-24T14:22:49","slug":"an-fear-grinn-mointeach-single-malt-whiskey-07l","status":"publish","type":"product","link":"https:\/\/www.kaspar-spirituosen.de\/shop\/produkt\/an-fear-grinn-mointeach-single-malt-whiskey-07l\/","title":{"rendered":"an Fear Grinn &#8218;M\u00f3inteach&#8216; Single Malt Whiskey 0,7l"},"content":{"rendered":"<p>Der M\u00f3inteach besticht durch ein ausgezeichnetes Preis-Genuss-Verh\u00e4ltnis, ein k\u00f6stliches, cremiges Mundgef\u00fchl und (er ist peated!) eine wunderbar eingebundene Rauchnote. Dazu der Abf\u00fcller:<\/p>\n<p>Continuing the peated theme sees the new inaugural expression of Irish style m\u00f3inteach (peaty) triple distilled Single Malt whiskey, from an Fear Grinn<br \/>\nHand filled and labeled. Non-chill filtered-Triple distilled.<br \/>\nAromas: Rich, deep aromas of sweet smoke, warm apple tart and notes of wild orange and pure lemon oils, heady aromas of earthy woodland green herbs and earl grey tea.<br \/>\nPalate: Mouthfilling and creamy with peppery sweet peat, warm lemon pastry and crisp, tangy green apples, dark rich melted toffee layering in concert with a heady mix of rich spice and well ripened yellow fruits.<br \/>\nFinish: Lovely warm mellow peat finish, with the green and yellow fruit notes combining perfectly to linger on the palate and a warm fadaway into a sweet tea finale.<\/p>\n<p><strong>Irish Single Malt Whiskey, 46%vol.<\/strong><\/p>\n<p>Inverkehrbringer: Rolf Kaspar GmbH, Ruhrallee 59, 45138 Essen<\/p>\n<style type=\"text\/css\">p { margin-bottom: 0.25cm; direction: ltr; font-size: 12pt; line-height: 120%; text-align: left; widows: 2; orphans: 2; }a:link {  }\n<\/style>\n","protected":false},"excerpt":{"rendered":"<p><span style=\"font-family: Arial, Verdana, Helvetica; font-size: 16px;\">ein k\u00f6stliches, cremiges Mundgef\u00fchl und (er ist peated!) eine wunderbar eingebundene Rauchnote<\/span><\/p>\n","protected":false},"featured_media":31085,"comment_status":"closed","ping_status":"closed","template":"","meta":{"_acf_changed":false},"product_brand":[],"product_cat":[1549,1559],"product_tag":[603],"class_list":{"0":"post-6745","1":"product","2":"type-product","3":"status-publish","4":"has-post-thumbnail","6":"product_cat-whisky","7":"product_cat-irischer-whiskey","8":"product_tag-teeling-irish-whiskey-essen-rolf-kaspar-jack-teeling-nrw-whisky-maltwhisky-whiskey-schottland-scotland-fassstaerke-single-malt-unchill-filtered-non-coloured-unfiltriert-nicht-gefaerbt-lichtburg","10":"first","11":"instock","12":"taxable","13":"shipping-taxable","14":"purchasable","15":"product-type-simple"},"acf":[],"_links":{"self":[{"href":"https:\/\/www.kaspar-spirituosen.de\/shop\/wp-json\/wp\/v2\/product\/6745","targetHints":{"allow":["GET"]}}],"collection":[{"href":"https:\/\/www.kaspar-spirituosen.de\/shop\/wp-json\/wp\/v2\/product"}],"about":[{"href":"https:\/\/www.kaspar-spirituosen.de\/shop\/wp-json\/wp\/v2\/types\/product"}],"replies":[{"embeddable":true,"href":"https:\/\/www.kaspar-spirituosen.de\/shop\/wp-json\/wp\/v2\/comments?post=6745"}],"wp:featuredmedia":[{"embeddable":true,"href":"https:\/\/www.kaspar-spirituosen.de\/shop\/wp-json\/wp\/v2\/media\/31085"}],"wp:attachment":[{"href":"https:\/\/www.kaspar-spirituosen.de\/shop\/wp-json\/wp\/v2\/media?parent=6745"}],"wp:term":[{"taxonomy":"product_brand","embeddable":true,"href":"https:\/\/www.kaspar-spirituosen.de\/shop\/wp-json\/wp\/v2\/product_brand?post=6745"},{"taxonomy":"product_cat","embeddable":true,"href":"https:\/\/www.kaspar-spirituosen.de\/shop\/wp-json\/wp\/v2\/product_cat?post=6745"},{"taxonomy":"product_tag","embeddable":true,"href":"https:\/\/www.kaspar-spirituosen.de\/shop\/wp-json\/wp\/v2\/product_tag?post=6745"}],"curies":[{"name":"wp","href":"https:\/\/api.w.org\/{rel}","templated":true}]}}