{"id":6769,"date":"2025-05-05T16:47:02","date_gmt":"2025-05-05T14:47:02","guid":{"rendered":"https:\/\/www.kaspar-spirituosen.de\/shop\/produkt\/watt-whisky-dailuaine-distillery-single-malt-scotch-whisky-588-11-y\/"},"modified":"2025-10-24T16:22:13","modified_gmt":"2025-10-24T14:22:13","slug":"watt-whisky-dailuaine-distillery-single-malt-scotch-whisky-588-11-y","status":"publish","type":"product","link":"https:\/\/www.kaspar-spirituosen.de\/shop\/produkt\/watt-whisky-dailuaine-distillery-single-malt-scotch-whisky-588-11-y\/","title":{"rendered":"Watt Whisky, Dailuaine Distillery, Single Malt Scotch Whisky, 58,8 %, 11 y."},"content":{"rendered":"<p><strong>Watt Whisky, Dailuaine Distillery, Single Malt Scotch Whisky, 11 y., 58,8 %, 0,7 L<\/strong><\/p>\n<p style=\"font-size: 16px; font-family: Arial, Verdana, Helvetica;\">Distilled at Dailuaine Distillery<br \/>\nAged 11 Years, 58.8% vol.<br \/>\nDistilled 2012 | Refill Sherry Butt | 552 Bottles<br \/>\nCremige, grasige Toffee-Donuts, Cr\u00e8me Br\u00fbl\u00e9e, Honigwabe und ein Hauch Ingwer !<\/p>\n<p style=\"font-size: 16px; font-family: Arial, Verdana, Helvetica;\"><span style=\"font-size: 16px; font-family: Arial, Verdana, Helvetica;\">Importeur : Rolf Kaspar GmbH, Ruhrallee 59, 45138 Essen<\/span><\/p>\n<p style=\"font-size: 16px; font-family: Arial, Verdana, Helvetica;\">Campbeltown Whisky Company Ltd., 51 Kirk Street, Campbeltown, PA28 6BN, United Kingdom<\/p>\n","protected":false},"excerpt":{"rendered":"<p style=\"font-size: 16px; font-family: Arial, Verdana, Helvetica;\"><strong>Watt Whisky, Dailuaine Distillery, Single Malt Scotch Whisky, 11 y., 58,8 %, 0,7 L<\/strong><\/p>\n","protected":false},"featured_media":31093,"comment_status":"closed","ping_status":"open","template":"","meta":{"_acf_changed":false},"product_brand":[],"product_cat":[1549],"product_tag":[619],"class_list":{"0":"post-6769","1":"product","2":"type-product","3":"status-publish","4":"has-post-thumbnail","6":"product_cat-whisky","7":"product_tag-watt-whisky-generalimporteur-essen-rolf-kaspar-mark-watt-nrw-whisky-maltwhisky-whiskey-schottland-scotland-fassstaerke-single-malt-unchill-filtered-non-coloured-unfiltriert-nicht-gefaerbt-campbeltown","9":"first","10":"instock","11":"taxable","12":"shipping-taxable","13":"purchasable","14":"product-type-simple"},"acf":[],"_links":{"self":[{"href":"https:\/\/www.kaspar-spirituosen.de\/shop\/wp-json\/wp\/v2\/product\/6769","targetHints":{"allow":["GET"]}}],"collection":[{"href":"https:\/\/www.kaspar-spirituosen.de\/shop\/wp-json\/wp\/v2\/product"}],"about":[{"href":"https:\/\/www.kaspar-spirituosen.de\/shop\/wp-json\/wp\/v2\/types\/product"}],"replies":[{"embeddable":true,"href":"https:\/\/www.kaspar-spirituosen.de\/shop\/wp-json\/wp\/v2\/comments?post=6769"}],"wp:featuredmedia":[{"embeddable":true,"href":"https:\/\/www.kaspar-spirituosen.de\/shop\/wp-json\/wp\/v2\/media\/31093"}],"wp:attachment":[{"href":"https:\/\/www.kaspar-spirituosen.de\/shop\/wp-json\/wp\/v2\/media?parent=6769"}],"wp:term":[{"taxonomy":"product_brand","embeddable":true,"href":"https:\/\/www.kaspar-spirituosen.de\/shop\/wp-json\/wp\/v2\/product_brand?post=6769"},{"taxonomy":"product_cat","embeddable":true,"href":"https:\/\/www.kaspar-spirituosen.de\/shop\/wp-json\/wp\/v2\/product_cat?post=6769"},{"taxonomy":"product_tag","embeddable":true,"href":"https:\/\/www.kaspar-spirituosen.de\/shop\/wp-json\/wp\/v2\/product_tag?post=6769"}],"curies":[{"name":"wp","href":"https:\/\/api.w.org\/{rel}","templated":true}]}}