{"id":6807,"date":"2025-05-05T16:47:15","date_gmt":"2025-05-05T14:47:15","guid":{"rendered":"https:\/\/www.kaspar-spirituosen.de\/shop\/produkt\/ardnamurchan-single-malt-madeira-cask-release-07l\/"},"modified":"2025-10-24T16:22:07","modified_gmt":"2025-10-24T14:22:07","slug":"ardnamurchan-single-malt-madeira-cask-release-07l","status":"publish","type":"product","link":"https:\/\/www.kaspar-spirituosen.de\/shop\/produkt\/ardnamurchan-single-malt-madeira-cask-release-07l\/","title":{"rendered":"Ardnamurchan Single Malt Madeira Cask Release, 0,7l"},"content":{"rendered":"<p>Die neue <strong>Madeira Cask Release<\/strong> ist eingetroffen und zeigt erneut, wozu die Ardnamurchan Distillery f\u00e4hig ist. Seit dem <strong>AD\/10yo<\/strong> bewegen wir uns stilistisch und qualitativ langsam auf einem anderen Niveau. Nach sechs Jahren in ex Bourbon-F\u00e4ssern und einem zweij\u00e4hrigen Finish in Madeira-F\u00e4ssern wurde <strong>43%\/57% peated\/unpeated Spirit<\/strong> verwendet &#8211; eine unglaublich ausgewogene und feine Abf\u00fcllung mit 52%vol., die sich durch <strong>trinkfreudige Komplexit\u00e4t<\/strong> auszeichnet.<\/p>\n<p><strong>Ardnamurchan Madeira Cask Release<\/strong><\/p>\n<p>19,598 bottle batch, blockchain enabled through QR code<br \/>\nLogo embossed clear glass bottle made from 54% recycled glass<br \/>\nBourbon Barrels re-racked into Madeira<br \/>\n43% Peated Spirit, 57% Unpeated Spirit<br \/>\nUnchill filtered, Natural Colour, 52% ABV<\/p>\n<p>Tasting notes:<br \/>\nNose: Cocoa powder, stewed plums, sugared almonds, bread and butter pudding, nutmeg, sandalwood, bracken, fruit scone, red currants.<br \/>\nPalate: Cinnamon sweets, cedar bark, salted trail mix with chocolate chips, rosemary stalks, toffee apple, pine needles, strawberries with black pepper.<br \/>\nFinish: Medium weight, dusty, long and slightly drying finish.<\/p>\n<p style=\"font-size: 16px; font-family: Arial, Verdana, Helvetica;\"><span style=\"font-family: Arial, Verdana, Helvetica; font-size: 16px;\">Single Malt Scotch Whisky<\/span><span style=\"font-family: Arial, Verdana, Helvetica; font-size: 16px;\"> 52%vol., 0,7l<\/span><\/p>\n<p style=\"font-size: 16px; font-family: Arial, Verdana, Helvetica;\"><span style=\"font-size: 16px; font-family: Arial, Verdana, Helvetica;\">Importeur : Rolf Kaspar GmbH, Ruhrallee 59, 45138 Essen<\/span><\/p>\n<p style=\"font-size: 16px; font-family: Arial, Verdana, Helvetica;\"><a data-link-type=\"external\" data-type=\"linkpicker\" href=\"https:\/\/ardnamurchandistillery.com\/\">The Adelphi Distillery Ltd., Ardnamurchan Distillery Glenbeg, Ardnamurchan, PH36 4JG<\/a><\/p>\n","protected":false},"excerpt":{"rendered":"<p style=\"font-size: 16px; font-family: Arial, Verdana, Helvetica;\"><span style=\"font-family: Arial, Verdana, Helvetica; font-size: 18px;\">Die neue&nbsp;<\/span><strong style=\"font-size: 18px; font-family: Arial, Verdana, Helvetica;\">Madeira Cask Release der Ardnamurchan Distillery<\/strong><span style=\"font-family: Arial, Verdana, Helvetica; font-size: 18px;\">&nbsp;ist eingetroffen &#8211;&nbsp;<\/span><strong style=\"font-size: 18px; font-family: Arial, Verdana, Helvetica;\">trinkfreudige Komplexit\u00e4t mit 52%vol.<\/strong><\/p>\n<p style=\"font-size: 16px; font-family: Arial, Verdana, Helvetica;\">&nbsp;<\/p>\n","protected":false},"featured_media":31105,"comment_status":"closed","ping_status":"closed","template":"","meta":{"_acf_changed":false},"product_brand":[],"product_cat":[1548],"product_tag":[],"class_list":{"0":"post-6807","1":"product","2":"type-product","3":"status-publish","4":"has-post-thumbnail","6":"product_cat-adelphi-whisky","8":"first","9":"instock","10":"taxable","11":"shipping-taxable","12":"purchasable","13":"product-type-simple"},"acf":[],"_links":{"self":[{"href":"https:\/\/www.kaspar-spirituosen.de\/shop\/wp-json\/wp\/v2\/product\/6807","targetHints":{"allow":["GET"]}}],"collection":[{"href":"https:\/\/www.kaspar-spirituosen.de\/shop\/wp-json\/wp\/v2\/product"}],"about":[{"href":"https:\/\/www.kaspar-spirituosen.de\/shop\/wp-json\/wp\/v2\/types\/product"}],"replies":[{"embeddable":true,"href":"https:\/\/www.kaspar-spirituosen.de\/shop\/wp-json\/wp\/v2\/comments?post=6807"}],"wp:featuredmedia":[{"embeddable":true,"href":"https:\/\/www.kaspar-spirituosen.de\/shop\/wp-json\/wp\/v2\/media\/31105"}],"wp:attachment":[{"href":"https:\/\/www.kaspar-spirituosen.de\/shop\/wp-json\/wp\/v2\/media?parent=6807"}],"wp:term":[{"taxonomy":"product_brand","embeddable":true,"href":"https:\/\/www.kaspar-spirituosen.de\/shop\/wp-json\/wp\/v2\/product_brand?post=6807"},{"taxonomy":"product_cat","embeddable":true,"href":"https:\/\/www.kaspar-spirituosen.de\/shop\/wp-json\/wp\/v2\/product_cat?post=6807"},{"taxonomy":"product_tag","embeddable":true,"href":"https:\/\/www.kaspar-spirituosen.de\/shop\/wp-json\/wp\/v2\/product_tag?post=6807"}],"curies":[{"name":"wp","href":"https:\/\/api.w.org\/{rel}","templated":true}]}}