{"id":6817,"date":"2025-05-05T16:47:15","date_gmt":"2025-05-05T14:47:15","guid":{"rendered":"https:\/\/www.kaspar-spirituosen.de\/shop\/produkt\/adelphi-private-stock-blend-07-lt\/"},"modified":"2026-03-25T08:46:09","modified_gmt":"2026-03-25T07:46:09","slug":"adelphi-private-stock-blend-07-lt","status":"publish","type":"product","link":"https:\/\/www.kaspar-spirituosen.de\/shop\/produkt\/adelphi-private-stock-blend-07-lt\/","title":{"rendered":"Adelphi Private Stock Blend 0,7 lt."},"content":{"rendered":"<p><a href=\"http:\/\/www.adelphidistillery.com\/\" target=\"_blank\" rel=\"noopener\"><img decoding=\"async\" style=\"float: right;border-width: 0px;margin: 10px\" title=\"Glenborrodale Castle\" src=\"\/WebRoot\/Store\/Shops\/44019908\/MediaGallery\/Adelphi.jpg\" alt=\"Glenborrodale Castle\" border=\"0\" \/><\/a>Falls Sie glauben, da\u00df die Herren von Adelphi nun komplett durchgedreht sind und entgegen ihrer \u00e4u\u00dferst individuellen Qualit\u00e4tsphilosophie nun auch einen Blend anbieten, dann kennen Sie diesen unversch\u00e4mt guten Whisky noch nicht.<\/p>\n<p>Dieser Blend de Luxe profitiert nat\u00fcrlich von dem besonders hohen Anteil an Single Malts, der beim Private Stock bei \u00fcber 50% liegt. Dadurch gelangt diese Geschmacks-Rakete zu erstaunlicher Tiefe. Im Mund ist er respektabel weich, freundlich und wunderbar ausbalanciert. Hier st\u00f6ren keine Ecken und Kanten des Grain-Whiskys. Die Zunge erf\u00e4hrt an ihrer Spitze zun\u00e4chst eine angenehme S\u00fc\u00dfe, an ihren vorderen R\u00e4ndern ein kleines Kitzeln vom Salz. Die F\u00fclle des Whiskys l\u00e4sst darauf schlie\u00dfen, dass die Malts nicht allzu jung waren. Alles in allem ist der Private Stock ein seri\u00f6ser, kompetenter und vielseitiger Whisky, der sehr viel Spa\u00df bringt!<\/p>\n<p><strong>Einer, wenn nicht der beste Blended Scotch Whisky unter 22,00 \u20ac !<\/strong><\/p>\n<p>0,7l, 40%vol, Blended Scotch Whisky<\/p>\n<p>The Adelphi Distillery Ltd., Ardnamurchan Distillery Glenbeg, Ardnamurchan, PH36 4JG<\/p>\n<p>&nbsp;<\/p>\n<p>&nbsp;<\/p>\n<p>&nbsp;<\/p>\n<p>&nbsp;<\/p>\n<p>&nbsp;<\/p>\n<p>&nbsp;<\/p>\n<p>&nbsp;<\/p>\n<p>&nbsp;<\/p>\n<p>&nbsp;<\/p>\n<p>&nbsp;<\/p>\n","protected":false},"excerpt":{"rendered":"<p>Falls Sie glauben, da\u00df die Herren von Adelphi nun komplett durchgedreht sind und entgegen ihrer \u00e4u\u00dferst individuellen Qualit\u00e4tsphilosophie nun auch einen Blend anbieten, dann kennen Sie diesen unversch\u00e4mt guten Whisky noch nicht.<\/p>\n<p>Dieser Blend de Luxe profitiert nat\u00fcrlich von dem besonders hohen Anteil an Single Malts, der beim Private Stock bei \u00fcber 50% liegt. Dadurch gelangt diese Geschmacks-Rakete zu erstaunlicher Tiefe. Im Mund ist er respektabel weich, freundlich und wunderbar ausbalanciert. Hier st\u00f6ren keine Ecken und Kanten des Grain-Whiskys. Die Zunge erf\u00e4hrt an ihrer Spitze zun\u00e4chst eine angenehme S\u00fc\u00dfe, an ihren vorderen R\u00e4ndern ein kleines Kitzeln vom Salz. Die F\u00fclle des Whiskys l\u00e4sst darauf schlie\u00dfen, dass die Malts nicht allzu jung waren. Alles in allem ist der Private Stock ein seri\u00f6ser, kompetenter und vielseitiger Whisky, der sehr viel Spa\u00df bringt!<\/p>\n<p><strong>Einer, wenn nicht der beste Blended Scotch Whisky unter 22,00 \u20ac !<\/strong><\/p>\n<p>0,7l, 40%vol, Blended Scotch Whisky<\/p>\n<p>The Adelphi Distillery Ltd., Ardnamurchan Distillery Glenbeg, Ardnamurchan, PH36 4JG<\/p>\n","protected":false},"featured_media":31109,"comment_status":"closed","ping_status":"closed","template":"","meta":{"_acf_changed":false},"product_brand":[],"product_cat":[1549,1551,1558],"product_tag":[623],"class_list":{"0":"post-6817","1":"product","2":"type-product","3":"status-publish","4":"has-post-thumbnail","6":"product_cat-whisky","7":"product_cat-schottischer-whisky","8":"product_cat-blended-vatted-and-grain-whisky","9":"product_tag-adelphi-private-stock-essen-blend-de-luxe-whisky-maltwhisky-blended-schottland-scotland-rolf-kaspar-essen-nrw","11":"first","12":"instock","13":"taxable","14":"shipping-taxable","15":"purchasable","16":"product-type-simple"},"acf":[],"_links":{"self":[{"href":"https:\/\/www.kaspar-spirituosen.de\/shop\/wp-json\/wp\/v2\/product\/6817","targetHints":{"allow":["GET"]}}],"collection":[{"href":"https:\/\/www.kaspar-spirituosen.de\/shop\/wp-json\/wp\/v2\/product"}],"about":[{"href":"https:\/\/www.kaspar-spirituosen.de\/shop\/wp-json\/wp\/v2\/types\/product"}],"replies":[{"embeddable":true,"href":"https:\/\/www.kaspar-spirituosen.de\/shop\/wp-json\/wp\/v2\/comments?post=6817"}],"wp:featuredmedia":[{"embeddable":true,"href":"https:\/\/www.kaspar-spirituosen.de\/shop\/wp-json\/wp\/v2\/media\/31109"}],"wp:attachment":[{"href":"https:\/\/www.kaspar-spirituosen.de\/shop\/wp-json\/wp\/v2\/media?parent=6817"}],"wp:term":[{"taxonomy":"product_brand","embeddable":true,"href":"https:\/\/www.kaspar-spirituosen.de\/shop\/wp-json\/wp\/v2\/product_brand?post=6817"},{"taxonomy":"product_cat","embeddable":true,"href":"https:\/\/www.kaspar-spirituosen.de\/shop\/wp-json\/wp\/v2\/product_cat?post=6817"},{"taxonomy":"product_tag","embeddable":true,"href":"https:\/\/www.kaspar-spirituosen.de\/shop\/wp-json\/wp\/v2\/product_tag?post=6817"}],"curies":[{"name":"wp","href":"https:\/\/api.w.org\/{rel}","templated":true}]}}