{"id":6843,"date":"2025-05-05T16:47:29","date_gmt":"2025-05-05T14:47:29","guid":{"rendered":"https:\/\/www.kaspar-spirituosen.de\/shop\/produkt\/wolfburn-aurora-single-malt-whisky-07-lt\/"},"modified":"2026-03-27T11:11:36","modified_gmt":"2026-03-27T10:11:36","slug":"wolfburn-aurora-single-malt-whisky-07-lt","status":"publish","type":"product","link":"https:\/\/www.kaspar-spirituosen.de\/shop\/produkt\/wolfburn-aurora-single-malt-whisky-07-lt\/","title":{"rendered":"Wolfburn, &#8222;Aurora&#8220;, Single Malt Whisky,  0,7 lt"},"content":{"rendered":"","protected":false},"excerpt":{"rendered":"<div id=\"cc-m-6414071564\">\n<p><strong><span style=\"color:black;\"><span style=\"font-family:arial,sans-serif;\"><span style=\"font-size:11.0pt;\"><span style=\"font-family:roboto,sans-serif,google;\"><span style=\"color:#444444;\"><span style=\"font-size:14px;\">Der zweite Wolfburn Single Malt Whisky.&nbsp;<\/span><\/span><\/span><\/span><\/span><\/span><\/strong><\/p>\n<p><span style=\"color:black;\"><span style=\"font-family:arial,sans-serif;\"><span style=\"font-size:11.0pt;\"><span style=\"font-family:roboto,sans-serif,google;\"><span style=\"color:#444444;\"><span style=\"font-size:14px;\">Gereift&nbsp;in 80% frischen Bourbon-F\u00e4ssern&nbsp;<\/span><\/span><\/span><\/span><\/span><\/span><span style=\"font-size:14px;\">und 20% frischen Sherry Hogsheads.&nbsp;<\/span><\/p>\n<p><span style=\"font-size:14px;\">Verf\u00fcgbarkeit: durchgehend.<\/span><\/p>\n<p><span style=\"font-size:14px;\">Abgef\u00fcllt unchillfiltered in 46% Trinkst\u00e4rke.<\/span><\/p>\n<p><span style=\"font-size:14px;\">Tasting Notes: S\u00fc\u00df mit Sherry. Trockenfr\u00fcchte, Banane und Malz. W\u00e4rmend, fruchtig und nussig,<\/span><\/p>\n<p><span style=\"font-size:14px;\">mit Ankl\u00e4ngen von Gew\u00fcrzen.<\/span><\/p>\n<p><span style=\"font-size:14px;\">Sanft und weich.<\/span>&nbsp;<\/p>\n<p>&nbsp;<\/p>\n<p>Alkoholgehalt 46%vol.<\/p>\n<p>Single Malt Scotch Whisky<\/p>\n<p>Wolfburn Distillery, <span class=\"_Xbe\">Henderson Park, Thurso KW14 7XW, Vereinigtes K\u00f6nigreich<\/span><\/p>\n<\/div>\n","protected":false},"featured_media":31114,"comment_status":"closed","ping_status":"closed","template":"","meta":{"_acf_changed":false},"product_brand":[],"product_cat":[1549,1551,1552,1554],"product_tag":[639],"class_list":{"0":"post-6843","1":"product","2":"type-product","3":"status-publish","4":"has-post-thumbnail","6":"product_cat-whisky","7":"product_cat-schottischer-whisky","8":"product_cat-single-malt-whisky","9":"product_cat-highlands","10":"product_tag-kilchoman-machir-bay-islay-single-malt-whisky-torf-rauch-jod-rolf-kaspar-fachhandel-essen-nrw-maltwhisky-scotland-schottland","12":"first","13":"instock","14":"taxable","15":"shipping-taxable","16":"purchasable","17":"product-type-simple"},"acf":[],"_links":{"self":[{"href":"https:\/\/www.kaspar-spirituosen.de\/shop\/wp-json\/wp\/v2\/product\/6843","targetHints":{"allow":["GET"]}}],"collection":[{"href":"https:\/\/www.kaspar-spirituosen.de\/shop\/wp-json\/wp\/v2\/product"}],"about":[{"href":"https:\/\/www.kaspar-spirituosen.de\/shop\/wp-json\/wp\/v2\/types\/product"}],"replies":[{"embeddable":true,"href":"https:\/\/www.kaspar-spirituosen.de\/shop\/wp-json\/wp\/v2\/comments?post=6843"}],"wp:featuredmedia":[{"embeddable":true,"href":"https:\/\/www.kaspar-spirituosen.de\/shop\/wp-json\/wp\/v2\/media\/31114"}],"wp:attachment":[{"href":"https:\/\/www.kaspar-spirituosen.de\/shop\/wp-json\/wp\/v2\/media?parent=6843"}],"wp:term":[{"taxonomy":"product_brand","embeddable":true,"href":"https:\/\/www.kaspar-spirituosen.de\/shop\/wp-json\/wp\/v2\/product_brand?post=6843"},{"taxonomy":"product_cat","embeddable":true,"href":"https:\/\/www.kaspar-spirituosen.de\/shop\/wp-json\/wp\/v2\/product_cat?post=6843"},{"taxonomy":"product_tag","embeddable":true,"href":"https:\/\/www.kaspar-spirituosen.de\/shop\/wp-json\/wp\/v2\/product_tag?post=6843"}],"curies":[{"name":"wp","href":"https:\/\/api.w.org\/{rel}","templated":true}]}}