{"id":6851,"date":"2025-05-05T16:47:29","date_gmt":"2025-05-05T14:47:29","guid":{"rendered":"https:\/\/www.kaspar-spirituosen.de\/shop\/produkt\/benrinnes-james-eadie-single-malt-whisky-07-lt\/"},"modified":"2025-10-24T16:21:58","modified_gmt":"2025-10-24T14:21:58","slug":"benrinnes-james-eadie-single-malt-whisky-07-lt","status":"publish","type":"product","link":"https:\/\/www.kaspar-spirituosen.de\/shop\/produkt\/benrinnes-james-eadie-single-malt-whisky-07-lt\/","title":{"rendered":"Benrinnes, &#8222;James Eadie&#8220;, Single Malt Whisky,  0,7 lt"},"content":{"rendered":"","protected":false},"excerpt":{"rendered":"<div id=\"cc-m-6414071564\">Benrinnes, Single Malt Whisky, &#8222;James Eadie&#8220;<\/div>\n<div>&nbsp;<\/div>\n<div>Dieser Whisky entstammt aus nur 2 Einzelf\u00e4ssern und wurde nach 9 Jahren Lagerzeit in first fill Sherryf\u00e4ssern ungef\u00e4rbt abgef\u00fcllt !<\/div>\n<div>&nbsp;<\/div>\n<div>Cask 300510 &amp; Cask 300512, Small Batch<\/div>\n<div>&nbsp;<\/div>\n<div>Distilled 2007, Bottled 2016<\/div>\n<div>&nbsp;<\/div>\n<div>Alkoholgehalt 46 %, 0,7 L<\/div>\n<div>&nbsp;<\/div>\n<div>James Eadie Ltd, Landmark House (12th Floor), Blacks Road, Hammersmith, London, United Kingdom, W6 9DP.<\/div>\n","protected":false},"featured_media":31116,"comment_status":"closed","ping_status":"open","template":"","meta":{"_acf_changed":false},"product_brand":[],"product_cat":[1549,1551,1552,1556],"product_tag":[643],"class_list":{"0":"post-6851","1":"product","2":"type-product","3":"status-publish","4":"has-post-thumbnail","6":"product_cat-whisky","7":"product_cat-schottischer-whisky","8":"product_cat-single-malt-whisky","9":"product_cat-islay","10":"product_tag-benrinnes-james-eadie-single-malt-whisky-firs-fill-sherry-rolf-kaspar-fachhandel-essen-nrw-maltwhisky-scotland-schottland","12":"first","13":"outofstock","14":"taxable","15":"shipping-taxable","16":"purchasable","17":"product-type-simple"},"acf":[],"_links":{"self":[{"href":"https:\/\/www.kaspar-spirituosen.de\/shop\/wp-json\/wp\/v2\/product\/6851","targetHints":{"allow":["GET"]}}],"collection":[{"href":"https:\/\/www.kaspar-spirituosen.de\/shop\/wp-json\/wp\/v2\/product"}],"about":[{"href":"https:\/\/www.kaspar-spirituosen.de\/shop\/wp-json\/wp\/v2\/types\/product"}],"replies":[{"embeddable":true,"href":"https:\/\/www.kaspar-spirituosen.de\/shop\/wp-json\/wp\/v2\/comments?post=6851"}],"wp:featuredmedia":[{"embeddable":true,"href":"https:\/\/www.kaspar-spirituosen.de\/shop\/wp-json\/wp\/v2\/media\/31116"}],"wp:attachment":[{"href":"https:\/\/www.kaspar-spirituosen.de\/shop\/wp-json\/wp\/v2\/media?parent=6851"}],"wp:term":[{"taxonomy":"product_brand","embeddable":true,"href":"https:\/\/www.kaspar-spirituosen.de\/shop\/wp-json\/wp\/v2\/product_brand?post=6851"},{"taxonomy":"product_cat","embeddable":true,"href":"https:\/\/www.kaspar-spirituosen.de\/shop\/wp-json\/wp\/v2\/product_cat?post=6851"},{"taxonomy":"product_tag","embeddable":true,"href":"https:\/\/www.kaspar-spirituosen.de\/shop\/wp-json\/wp\/v2\/product_tag?post=6851"}],"curies":[{"name":"wp","href":"https:\/\/api.w.org\/{rel}","templated":true}]}}