{"id":6867,"date":"2025-05-05T16:47:42","date_gmt":"2025-05-05T14:47:42","guid":{"rendered":"https:\/\/www.kaspar-spirituosen.de\/shop\/produkt\/caol-ila-islay-single-malt-18y-07-lt\/"},"modified":"2025-10-24T16:21:46","modified_gmt":"2025-10-24T14:21:46","slug":"caol-ila-islay-single-malt-18y-07-lt","status":"publish","type":"product","link":"https:\/\/www.kaspar-spirituosen.de\/shop\/produkt\/caol-ila-islay-single-malt-18y-07-lt\/","title":{"rendered":"Caol Ila Islay Single Malt 18y. 0,7 lt."},"content":{"rendered":"","protected":false},"excerpt":{"rendered":"<div id=\"b1\" class=\"tab_content\">\n<p>Das Alter gibt diesem weichen, bernsteinfarbenen Caol Ila seinen goldenen Schein und seine Vielschichtigkeit. Er steigt rauchig-s\u00fc\u00df in die Nase, trinkt sich dann glatt und zeigt einen s\u00fc\u00dfen, gleichzeitig aber auch s\u00e4uerlichen Charakter. Das langlebige Finish beschw\u00f6rt ein entferntes, schwelendes Strandfeuer herauf.<\/p>\n<p>&nbsp;<\/p>\n<p><strong>Farbe<\/strong><\/p>\n<p>Golden.<\/p>\n<h3 title=\"Duft\">Duft<\/h3>\n<p>Rauchige Holzfeuer, dann Seifenwasser und feuchte Wolle, mit einem entfernten, schwelenden Strandfeuer. Spuren von Mineral\u00f6l, dann Wachs. Entwickelt Geruchsnoten von verbrannten Schweinsw\u00fcrstchen.<\/p>\n<h3 title=\"K\u00f6rper\">K\u00f6rper<\/h3>\n<p>Fest, geschmeidig, leicht bis mittelschwer.<\/p>\n<h3 title=\"Geschmack\">Geschmack<\/h3>\n<p>Glatter und mild-s\u00fc\u00dfer Start mit guter S\u00e4uerlichkeit und Seesalz.<\/p>\n<h3 title=\"Abgang\">Abgang<\/h3>\n<p>Ein lang anhaltendes verkohltes, leicht saures Finish.<\/p>\n<h3 title=\"Alkoholgehalt\">Alkoholgehalt<\/h3>\n<p>43% Vol.<\/p>\n<p><span style=\"color: red;\">Mit Farbstoff<\/span><\/p>\n<\/div>\n<p>&nbsp;<\/p>\n","protected":false},"featured_media":31122,"comment_status":"closed","ping_status":"closed","template":"","meta":{"_acf_changed":false},"product_brand":[],"product_cat":[1549,1551,1552,1556],"product_tag":[653],"class_list":{"0":"post-6867","1":"product","2":"type-product","3":"status-publish","4":"has-post-thumbnail","6":"product_cat-whisky","7":"product_cat-schottischer-whisky","8":"product_cat-single-malt-whisky","9":"product_cat-islay","10":"product_tag-caol-ila-cask-strength-islay-whisky-singleclassic-malt-schottland-scotland","12":"first","13":"outofstock","14":"taxable","15":"shipping-taxable","16":"purchasable","17":"product-type-simple"},"acf":[],"_links":{"self":[{"href":"https:\/\/www.kaspar-spirituosen.de\/shop\/wp-json\/wp\/v2\/product\/6867","targetHints":{"allow":["GET"]}}],"collection":[{"href":"https:\/\/www.kaspar-spirituosen.de\/shop\/wp-json\/wp\/v2\/product"}],"about":[{"href":"https:\/\/www.kaspar-spirituosen.de\/shop\/wp-json\/wp\/v2\/types\/product"}],"replies":[{"embeddable":true,"href":"https:\/\/www.kaspar-spirituosen.de\/shop\/wp-json\/wp\/v2\/comments?post=6867"}],"wp:featuredmedia":[{"embeddable":true,"href":"https:\/\/www.kaspar-spirituosen.de\/shop\/wp-json\/wp\/v2\/media\/31122"}],"wp:attachment":[{"href":"https:\/\/www.kaspar-spirituosen.de\/shop\/wp-json\/wp\/v2\/media?parent=6867"}],"wp:term":[{"taxonomy":"product_brand","embeddable":true,"href":"https:\/\/www.kaspar-spirituosen.de\/shop\/wp-json\/wp\/v2\/product_brand?post=6867"},{"taxonomy":"product_cat","embeddable":true,"href":"https:\/\/www.kaspar-spirituosen.de\/shop\/wp-json\/wp\/v2\/product_cat?post=6867"},{"taxonomy":"product_tag","embeddable":true,"href":"https:\/\/www.kaspar-spirituosen.de\/shop\/wp-json\/wp\/v2\/product_tag?post=6867"}],"curies":[{"name":"wp","href":"https:\/\/api.w.org\/{rel}","templated":true}]}}