{"id":6880,"date":"2025-05-05T16:47:42","date_gmt":"2025-05-05T14:47:42","guid":{"rendered":"https:\/\/www.kaspar-spirituosen.de\/shop\/produkt\/glen-elgin-speyside-single-malt-12y-07-lt\/"},"modified":"2025-10-24T16:21:48","modified_gmt":"2025-10-24T14:21:48","slug":"glen-elgin-speyside-single-malt-12y-07-lt","status":"publish","type":"product","link":"https:\/\/www.kaspar-spirituosen.de\/shop\/produkt\/glen-elgin-speyside-single-malt-12y-07-lt\/","title":{"rendered":"Glen Elgin Speyside Single Malt 12y. 0,7 lt."},"content":{"rendered":"","protected":false},"excerpt":{"rendered":"<p>Sowohl mild als auch von festem Charakter entfaltet dieser s\u00fc\u00dfliche Malt dennoch sehr typische Noten von reifem Getreide. Das Besondere an der Brennerei Glen Elgin ist die Verwendung von gro\u00dfen, zwiebelf\u00f6rmigen Brennblasen, deren flacher Boden und gro\u00dfer K\u00f6rper die R\u00fcckgewinnung auch der leichtesten Alkohold\u00e4mpfe gestattet. Dies verleiht dem New-Make sowohl fruchtige als auch malzige Geschmacksnoten.<\/p>\n<p>Alkoholgehalt 43% vol. <strong><span style=\"font-size: 10px\"><span style=\"color: #cc0000\">mit Farbstoff<\/span><\/span><\/strong><\/p>\n<p>Glen Elgin Distillery Distillery<br \/>\nElgin IV30 8SL, Vereinigtes K\u00f6nigreich<br \/>\nTelefon:+44 1343 862100<\/p>\n","protected":false},"featured_media":31125,"comment_status":"closed","ping_status":"open","template":"","meta":{"_acf_changed":false},"product_brand":[],"product_cat":[1549,1551,1552,1555],"product_tag":[662],"class_list":{"0":"post-6880","1":"product","2":"type-product","3":"status-publish","4":"has-post-thumbnail","6":"product_cat-whisky","7":"product_cat-schottischer-whisky","8":"product_cat-single-malt-whisky","9":"product_cat-speyside","10":"product_tag-glen-elgin-speyside-whisky-rolf-kaspar-fachhandel-essen-nrw-scotch-single-malt-classic-maltwhisky","12":"first","13":"outofstock","14":"taxable","15":"shipping-taxable","16":"purchasable","17":"product-type-simple"},"acf":[],"_links":{"self":[{"href":"https:\/\/www.kaspar-spirituosen.de\/shop\/wp-json\/wp\/v2\/product\/6880","targetHints":{"allow":["GET"]}}],"collection":[{"href":"https:\/\/www.kaspar-spirituosen.de\/shop\/wp-json\/wp\/v2\/product"}],"about":[{"href":"https:\/\/www.kaspar-spirituosen.de\/shop\/wp-json\/wp\/v2\/types\/product"}],"replies":[{"embeddable":true,"href":"https:\/\/www.kaspar-spirituosen.de\/shop\/wp-json\/wp\/v2\/comments?post=6880"}],"wp:featuredmedia":[{"embeddable":true,"href":"https:\/\/www.kaspar-spirituosen.de\/shop\/wp-json\/wp\/v2\/media\/31125"}],"wp:attachment":[{"href":"https:\/\/www.kaspar-spirituosen.de\/shop\/wp-json\/wp\/v2\/media?parent=6880"}],"wp:term":[{"taxonomy":"product_brand","embeddable":true,"href":"https:\/\/www.kaspar-spirituosen.de\/shop\/wp-json\/wp\/v2\/product_brand?post=6880"},{"taxonomy":"product_cat","embeddable":true,"href":"https:\/\/www.kaspar-spirituosen.de\/shop\/wp-json\/wp\/v2\/product_cat?post=6880"},{"taxonomy":"product_tag","embeddable":true,"href":"https:\/\/www.kaspar-spirituosen.de\/shop\/wp-json\/wp\/v2\/product_tag?post=6880"}],"curies":[{"name":"wp","href":"https:\/\/api.w.org\/{rel}","templated":true}]}}