{"id":6888,"date":"2025-05-05T16:47:42","date_gmt":"2025-05-05T14:47:42","guid":{"rendered":"https:\/\/www.kaspar-spirituosen.de\/shop\/produkt\/glenfiddich-speyside-single-malt-18y-07-lt\/"},"modified":"2025-10-24T16:21:49","modified_gmt":"2025-10-24T14:21:49","slug":"glenfiddich-speyside-single-malt-18y-07-lt","status":"publish","type":"product","link":"https:\/\/www.kaspar-spirituosen.de\/shop\/produkt\/glenfiddich-speyside-single-malt-18y-07-lt\/","title":{"rendered":"Glenfiddich Speyside Single Malt 18y. 0,7 lt"},"content":{"rendered":"","protected":false},"excerpt":{"rendered":"<p>Dieser seltene Single Malt wird von wahren Kennern sehr gesch\u00e4tzt und zeugt von gro\u00dfer Handwerkskunst. Seinen vielschichtigen Charakter und die feine Milde verdankt er der langj\u00e4hrigen Reifung in feinsten Oloroso Sherry- und traditionellen Eichenf\u00e4ssern. Er besitzt ein elegantes Aroma mit einem Hauch von Apfel und Eichenholz. Sein Abgang ist weich, abgerundet und lang anhaltend.<\/p>\n<p>Alkoholgehalt 40% vol.<\/p>\n<p>Single Malt Scotch Whisky<\/p>\n<p>The Glenfiddich Distillery, Dufftown, Banffshire, Scotland<\/p>\n<p><strong><span style=\"font-size: 10px\"><span style=\"color: #cc0000\">mit Farbstoff<\/span><\/span><\/strong><\/p>\n","protected":false},"featured_media":31128,"comment_status":"closed","ping_status":"open","template":"","meta":{"_acf_changed":false},"product_brand":[],"product_cat":[1549,1551,1552,1555],"product_tag":[667],"class_list":{"0":"post-6888","1":"product","2":"type-product","3":"status-publish","4":"has-post-thumbnail","6":"product_cat-whisky","7":"product_cat-schottischer-whisky","8":"product_cat-single-malt-whisky","9":"product_cat-speyside","10":"product_tag-glenfiddich-18-years-ancient-reserve-originalabfuellung-speyside-whisky-rolf-kaspar-fachhandel-essen-nrw-maltwhisky-schottland-scotland","12":"first","13":"outofstock","14":"taxable","15":"shipping-taxable","16":"purchasable","17":"product-type-simple"},"acf":[],"_links":{"self":[{"href":"https:\/\/www.kaspar-spirituosen.de\/shop\/wp-json\/wp\/v2\/product\/6888","targetHints":{"allow":["GET"]}}],"collection":[{"href":"https:\/\/www.kaspar-spirituosen.de\/shop\/wp-json\/wp\/v2\/product"}],"about":[{"href":"https:\/\/www.kaspar-spirituosen.de\/shop\/wp-json\/wp\/v2\/types\/product"}],"replies":[{"embeddable":true,"href":"https:\/\/www.kaspar-spirituosen.de\/shop\/wp-json\/wp\/v2\/comments?post=6888"}],"wp:featuredmedia":[{"embeddable":true,"href":"https:\/\/www.kaspar-spirituosen.de\/shop\/wp-json\/wp\/v2\/media\/31128"}],"wp:attachment":[{"href":"https:\/\/www.kaspar-spirituosen.de\/shop\/wp-json\/wp\/v2\/media?parent=6888"}],"wp:term":[{"taxonomy":"product_brand","embeddable":true,"href":"https:\/\/www.kaspar-spirituosen.de\/shop\/wp-json\/wp\/v2\/product_brand?post=6888"},{"taxonomy":"product_cat","embeddable":true,"href":"https:\/\/www.kaspar-spirituosen.de\/shop\/wp-json\/wp\/v2\/product_cat?post=6888"},{"taxonomy":"product_tag","embeddable":true,"href":"https:\/\/www.kaspar-spirituosen.de\/shop\/wp-json\/wp\/v2\/product_tag?post=6888"}],"curies":[{"name":"wp","href":"https:\/\/api.w.org\/{rel}","templated":true}]}}