{"id":6927,"date":"2025-05-05T16:47:54","date_gmt":"2025-05-05T14:47:54","guid":{"rendered":"https:\/\/www.kaspar-spirituosen.de\/shop\/produkt\/dalmore-highland-single-malt-12y-07-lt\/"},"modified":"2025-10-24T16:21:39","modified_gmt":"2025-10-24T14:21:39","slug":"dalmore-highland-single-malt-12y-07-lt","status":"publish","type":"product","link":"https:\/\/www.kaspar-spirituosen.de\/shop\/produkt\/dalmore-highland-single-malt-12y-07-lt\/","title":{"rendered":"Dalmore  Highland Single Malt 12y. 0,7 lt."},"content":{"rendered":"","protected":false},"excerpt":{"rendered":"<p>Farbe: Tiefes, leuchtendes Gold<br \/>\nDuft: Fruchtbetont und wenig S\u00fc\u00dfe. Leicht maritim.<br \/>\nGeschmack: Hat eine gewisse Komplexit\u00e4t. Saftige S\u00fc\u00dfe mit leichtem rauch.<br \/>\nNachhall:Lang und elegant.<\/p>\n<p>Alkoholgehalt 40% vol.<\/p>\n<p>Dalmore Distillery, Dalmore Almess Ross Shire IV17 OUT Scotland<\/p>\n<p><span style=\"color: #cc0000;\"><b><span style=\"font-size: 10px;\">enth\u00e4lt Farbstoff<\/span><\/b><\/span><\/p>\n","protected":false},"featured_media":31138,"comment_status":"closed","ping_status":"closed","template":"","meta":{"_acf_changed":false},"product_brand":[],"product_cat":[1549,1551,1552,1554],"product_tag":[687],"class_list":{"0":"post-6927","1":"product","2":"type-product","3":"status-publish","4":"has-post-thumbnail","6":"product_cat-whisky","7":"product_cat-schottischer-whisky","8":"product_cat-single-malt-whisky","9":"product_cat-highlands","10":"product_tag-dalmore-12-years-originalabfuellung-scotch-highland-schottisch-schottland-whisky-rolf-kaspar-fachhandel-essen-nrw","12":"first","13":"outofstock","14":"taxable","15":"shipping-taxable","16":"purchasable","17":"product-type-simple"},"acf":[],"_links":{"self":[{"href":"https:\/\/www.kaspar-spirituosen.de\/shop\/wp-json\/wp\/v2\/product\/6927","targetHints":{"allow":["GET"]}}],"collection":[{"href":"https:\/\/www.kaspar-spirituosen.de\/shop\/wp-json\/wp\/v2\/product"}],"about":[{"href":"https:\/\/www.kaspar-spirituosen.de\/shop\/wp-json\/wp\/v2\/types\/product"}],"replies":[{"embeddable":true,"href":"https:\/\/www.kaspar-spirituosen.de\/shop\/wp-json\/wp\/v2\/comments?post=6927"}],"wp:featuredmedia":[{"embeddable":true,"href":"https:\/\/www.kaspar-spirituosen.de\/shop\/wp-json\/wp\/v2\/media\/31138"}],"wp:attachment":[{"href":"https:\/\/www.kaspar-spirituosen.de\/shop\/wp-json\/wp\/v2\/media?parent=6927"}],"wp:term":[{"taxonomy":"product_brand","embeddable":true,"href":"https:\/\/www.kaspar-spirituosen.de\/shop\/wp-json\/wp\/v2\/product_brand?post=6927"},{"taxonomy":"product_cat","embeddable":true,"href":"https:\/\/www.kaspar-spirituosen.de\/shop\/wp-json\/wp\/v2\/product_cat?post=6927"},{"taxonomy":"product_tag","embeddable":true,"href":"https:\/\/www.kaspar-spirituosen.de\/shop\/wp-json\/wp\/v2\/product_tag?post=6927"}],"curies":[{"name":"wp","href":"https:\/\/api.w.org\/{rel}","templated":true}]}}