{"id":6929,"date":"2025-05-05T16:47:54","date_gmt":"2025-05-05T14:47:54","guid":{"rendered":"https:\/\/www.kaspar-spirituosen.de\/shop\/produkt\/dalwhinnie-highland-single-malt-15y-07-lt\/"},"modified":"2026-03-27T11:11:36","modified_gmt":"2026-03-27T10:11:36","slug":"dalwhinnie-highland-single-malt-15y-07-lt","status":"publish","type":"product","link":"https:\/\/www.kaspar-spirituosen.de\/shop\/produkt\/dalwhinnie-highland-single-malt-15y-07-lt\/","title":{"rendered":"Dalwhinnie Highland Single Malt 15y. 0,7 lt"},"content":{"rendered":"<p>Der Whisky aus Schottlands h\u00f6chstgelegener Distillerie (ca. 325 m) liegt geschmacklich zwischen den sanften Tieflandwhiskies und dem ernsten, im K\u00f6rper festen Malts von der Spey. Der Stil ist der der Highlands: eine lockere Verbindung von Z\u00e4rtlichkeit und Temperament. Wie es sich f\u00fcr einen Malt solcher Herkunft geh\u00f6rt, widersetzt Dalwhinnie sich der simplen Beschreibung. Zu herzerw\u00e4rmend um ihn einfach als Aperitiv zu bezeichnen und zu vornehm und delikat, als dass man ihn robust oder unnahbar nennen k\u00f6nnte, seine Kombination aus Delikatesse und Tiefe macht ihn herausragend.<\/p>\n<p>Geruch: frisch und trocken, duftet nach Heide und Torf.<br \/>\nK\u00f6rper: leicht bis medium.<br \/>\nGeschmack: weich, leicht fruchtig, Honig, Vanille, Malz etwas Torf.<br \/>\nAbgang: langanhaltend, \u00fcberraschend intensives Finish<br \/>\nAlkoholgehalt: 43%\u00a0 vol.<\/p>\n<p>Single Malt Scotch Whisky<\/p>\n<p>Dalwhinnie Distillery, Dalwhinnie, Inverness-Shire, PH19 1AB Scotland<\/p>\n<p><strong><span style=\"font-size: 10px;\"><span style=\"color: #cc0000;\">enth\u00e4lt Farbstoff<\/span><\/span><\/strong><\/p>\n","protected":false},"excerpt":{"rendered":"<p>Der Whisky aus Schottlands h\u00f6chstgelegener Distillerie (ca. 325 m) liegt geschmacklich zwischen den sanften Tieflandwhiskies und dem ernsten, im K\u00f6rper festen Malts von der Spey. Der Stil ist der der Highlands: eine lockere Verbindung von Z\u00e4rtlichkeit und Temperament. Wie es sich f\u00fcr einen Malt solcher Herkunft geh\u00f6rt, widersetzt Dalwhinnie sich der simplen Beschreibung. Zu herzerw\u00e4rmend um ihn einfach als Aperitiv zu bezeichnen und zu vornehm und delikat, als dass man ihn robust oder unnahbar nennen k\u00f6nnte, seine Kombination aus Delikatesse und Tiefe macht ihn herausragend.<\/p>\n<p>Geruch: frisch und trocken, duftet nach Heide und Torf.<br \/>\nK\u00f6rper: leicht bis medium.<br \/>\nGeschmack: weich, leicht fruchtig, Honig, Vanille, Malz etwas Torf.<br \/>\nAbgang: langanhaltend, \u00fcberraschend intensives Finish<br \/>\nAlkoholgehalt: 43%\u00a0 vol.<\/p>\n<p>Single Malt Scotch Whisky<\/p>\n<p>Dalwhinnie Distillery, Dalwhinnie, Inverness-Shire, PH19 1AB Scotland<\/p>\n<p><strong><span style=\"font-size: 10px;\"><span style=\"color: #cc0000;\">enth\u00e4lt Farbstoff<\/span><\/span><\/strong><\/p>\n","protected":false},"featured_media":31139,"comment_status":"closed","ping_status":"closed","template":"","meta":{"_acf_changed":false},"product_brand":[],"product_cat":[1549,1551,1552,1554],"product_tag":[688],"class_list":{"0":"post-6929","1":"product","2":"type-product","3":"status-publish","4":"has-post-thumbnail","6":"product_cat-whisky","7":"product_cat-schottischer-whisky","8":"product_cat-single-malt-whisky","9":"product_cat-highlands","10":"product_tag-dalwhinnie-15-years-originalabfuellung-highland-rolf-kaspar-fachhandel-essen-nrw-versandhandel-whisky-maltwhisky-schottland-single-classic-malt-scotch","12":"first","13":"instock","14":"taxable","15":"shipping-taxable","16":"purchasable","17":"product-type-simple"},"acf":[],"_links":{"self":[{"href":"https:\/\/www.kaspar-spirituosen.de\/shop\/wp-json\/wp\/v2\/product\/6929","targetHints":{"allow":["GET"]}}],"collection":[{"href":"https:\/\/www.kaspar-spirituosen.de\/shop\/wp-json\/wp\/v2\/product"}],"about":[{"href":"https:\/\/www.kaspar-spirituosen.de\/shop\/wp-json\/wp\/v2\/types\/product"}],"replies":[{"embeddable":true,"href":"https:\/\/www.kaspar-spirituosen.de\/shop\/wp-json\/wp\/v2\/comments?post=6929"}],"wp:featuredmedia":[{"embeddable":true,"href":"https:\/\/www.kaspar-spirituosen.de\/shop\/wp-json\/wp\/v2\/media\/31139"}],"wp:attachment":[{"href":"https:\/\/www.kaspar-spirituosen.de\/shop\/wp-json\/wp\/v2\/media?parent=6929"}],"wp:term":[{"taxonomy":"product_brand","embeddable":true,"href":"https:\/\/www.kaspar-spirituosen.de\/shop\/wp-json\/wp\/v2\/product_brand?post=6929"},{"taxonomy":"product_cat","embeddable":true,"href":"https:\/\/www.kaspar-spirituosen.de\/shop\/wp-json\/wp\/v2\/product_cat?post=6929"},{"taxonomy":"product_tag","embeddable":true,"href":"https:\/\/www.kaspar-spirituosen.de\/shop\/wp-json\/wp\/v2\/product_tag?post=6929"}],"curies":[{"name":"wp","href":"https:\/\/api.w.org\/{rel}","templated":true}]}}