{"id":6935,"date":"2025-05-05T16:47:54","date_gmt":"2025-05-05T14:47:54","guid":{"rendered":"https:\/\/www.kaspar-spirituosen.de\/shop\/produkt\/glendronach-highland-single-malt-12y-07-lt\/"},"modified":"2025-10-24T16:21:40","modified_gmt":"2025-10-24T14:21:40","slug":"glendronach-highland-single-malt-12y-07-lt","status":"publish","type":"product","link":"https:\/\/www.kaspar-spirituosen.de\/shop\/produkt\/glendronach-highland-single-malt-12y-07-lt\/","title":{"rendered":"Glendronach Highland Single Malt 12y. 0,7 lt"},"content":{"rendered":"<p>Glendronach wurde 1826 gegr\u00fcndet, ist daher einer der \u00e4ltesten Brennereien Schottlands und ist offiziell als Highland Malt klassifiziert.<\/p>\n<p><strong>Glendronach 12 y. Original<\/strong><br \/>\n<em>Farbe<\/em>: Bernsteinfarbenes Rot-Gold<br \/>\n<em>Aroma<\/em>: s\u00fc\u00df mit Vanille und einem Hauch von Ginger und Herbstfr\u00fcchten<br \/>\n<em>Geschmack<\/em>: reichhaltig, sahnig und seidenweich, warm und reichhaltig nach Eiche im Einklang mit der S\u00fc\u00dfe von Kirschen, ein volles Aroma an Rosinen und weichen Fr\u00fcchten, w\u00fcrzig mit mittellangem Abgang und einem trockenen Abschluss<br \/>\n<em>Ausklang<\/em>: angenehm lang anhaltend und best\u00e4ndig, leicht nussig<br \/>\nAlkoholgehalt 43% vol.<\/p>\n<p>Single Malt Scotch Whisky<\/p>\n<p>The GlenDronach Distillery Co. Ltd., Forgue by Huntly, Aberdeeenshire, Scotland, AB54 6DB<\/p>\n","protected":false},"excerpt":{"rendered":"<p>Glendronach wurde 1826 gegr\u00fcndet, ist daher einer der \u00e4ltesten Brennereien Schottlands und ist offiziell als Highland Malt klassifiziert.<\/p>\n<p><strong>Glendronach 12 y. Original<\/strong><br \/>\n<em>Farbe<\/em>: Bernsteinfarbenes Rot-Gold<br \/>\n<em>Aroma<\/em>: s\u00fc\u00df mit Vanille und einem Hauch von Ginger und Herbstfr\u00fcchten<br \/>\n<em>Geschmack<\/em>: reichhaltig, sahnig und seidenweich, warm und reichhaltig nach Eiche im Einklang mit der S\u00fc\u00dfe von Kirschen, ein volles Aroma an Rosinen und weichen Fr\u00fcchten, w\u00fcrzig mit mittellangem Abgang und einem trockenen Abschluss<br \/>\n<em>Ausklang<\/em>: angenehm lang anhaltend und best\u00e4ndig, leicht nussig<br \/>\nAlkoholgehalt 43% vol.<\/p>\n<p>Single Malt Scotch Whisky<\/p>\n<p>The GlenDronach Distillery Co. Ltd., Forgue by Huntly, Aberdeeenshire, Scotland, AB54 6DB<\/p>\n","protected":false},"featured_media":31140,"comment_status":"closed","ping_status":"closed","template":"","meta":{"_acf_changed":false},"product_brand":[],"product_cat":[1549,1551,1552,1554],"product_tag":[690],"class_list":{"0":"post-6935","1":"product","2":"type-product","3":"status-publish","4":"has-post-thumbnail","6":"product_cat-whisky","7":"product_cat-schottischer-whisky","8":"product_cat-single-malt-whisky","9":"product_cat-highlands","10":"product_tag-glendronach-12-years-highland-single-malt-whisky-rolf-kaspar-fachhandel-essen-nrw-maltwhisky-schottland-scotland-whisky-versand-scotland-schottland","12":"first","13":"outofstock","14":"taxable","15":"shipping-taxable","16":"purchasable","17":"product-type-simple"},"acf":[],"_links":{"self":[{"href":"https:\/\/www.kaspar-spirituosen.de\/shop\/wp-json\/wp\/v2\/product\/6935","targetHints":{"allow":["GET"]}}],"collection":[{"href":"https:\/\/www.kaspar-spirituosen.de\/shop\/wp-json\/wp\/v2\/product"}],"about":[{"href":"https:\/\/www.kaspar-spirituosen.de\/shop\/wp-json\/wp\/v2\/types\/product"}],"replies":[{"embeddable":true,"href":"https:\/\/www.kaspar-spirituosen.de\/shop\/wp-json\/wp\/v2\/comments?post=6935"}],"wp:featuredmedia":[{"embeddable":true,"href":"https:\/\/www.kaspar-spirituosen.de\/shop\/wp-json\/wp\/v2\/media\/31140"}],"wp:attachment":[{"href":"https:\/\/www.kaspar-spirituosen.de\/shop\/wp-json\/wp\/v2\/media?parent=6935"}],"wp:term":[{"taxonomy":"product_brand","embeddable":true,"href":"https:\/\/www.kaspar-spirituosen.de\/shop\/wp-json\/wp\/v2\/product_brand?post=6935"},{"taxonomy":"product_cat","embeddable":true,"href":"https:\/\/www.kaspar-spirituosen.de\/shop\/wp-json\/wp\/v2\/product_cat?post=6935"},{"taxonomy":"product_tag","embeddable":true,"href":"https:\/\/www.kaspar-spirituosen.de\/shop\/wp-json\/wp\/v2\/product_tag?post=6935"}],"curies":[{"name":"wp","href":"https:\/\/api.w.org\/{rel}","templated":true}]}}