{"id":6947,"date":"2025-05-05T16:48:06","date_gmt":"2025-05-05T14:48:06","guid":{"rendered":"https:\/\/www.kaspar-spirituosen.de\/shop\/produkt\/glengoyne-highland-single-malt-12y-07-lt\/"},"modified":"2025-10-24T16:20:15","modified_gmt":"2025-10-24T14:20:15","slug":"glengoyne-highland-single-malt-12y-07-lt","status":"publish","type":"product","link":"https:\/\/www.kaspar-spirituosen.de\/shop\/produkt\/glengoyne-highland-single-malt-12y-07-lt\/","title":{"rendered":"Glengoyne Highland Single Malt 12y. 0,7 lt"},"content":{"rendered":"<p>Farbe: Goldgelb, klar und leuchtend<br \/>\nNase: Kokosnu\u00df, Limettenschale, Honig und trockenes Malz<br \/>\nGeschmack: leichte Toffee und Apfelnoten, ein Hauch Zimt, feiner Sherry<\/p>\n<p>Finish: S\u00fc\u00dflich und malzig<\/p>\n<p>Die Brennerei Glengoyne liegt etwa 20km n\u00f6rdlich von Glasgow in der N\u00e4he der Ortschaft Killearn und am Fu\u00df der Campsie Fells. Sie ist somit die s\u00fcdlichste aller Highland Whisky Brennereien.<br \/>\nDie Destillerie Glengoyne hie\u00df bei Ihrer Gr\u00fcndung im Jahre 1833 Burnfoot. Die Lang Brothers nannten die Destillerie ab dem Jahr 1876, als sie die Destillerie erwarben, Glen Guin. Ab dem Jahre 1905 besa\u00df sie dann den heutigen Namen Glengoyne.<\/p>\n<p>Alkoholgehalt 43%vol.<\/p>\n<p>Single Malt Scotch Whisky<\/p>\n<p>Land Brothers Ltd., Dumgoyne. Scotland<\/p>\n","protected":false},"excerpt":{"rendered":"<p>Farbe: Goldgelb, klar und leuchtend<br \/>\nNase: Kokosnu\u00df, Limettenschale, Honig und trockenes Malz<br \/>\nGeschmack: leichte Toffee und Apfelnoten, ein Hauch Zimt, feiner Sherry<\/p>\n<p>Finish: S\u00fc\u00dflich und malzig<\/p>\n<p>Die Brennerei Glengoyne liegt etwa 20km n\u00f6rdlich von Glasgow in der N\u00e4he der Ortschaft Killearn und am Fu\u00df der Campsie Fells. Sie ist somit die s\u00fcdlichste aller Highland Whisky Brennereien.<br \/>\nDie Destillerie Glengoyne hie\u00df bei Ihrer Gr\u00fcndung im Jahre 1833 Burnfoot. Die Lang Brothers nannten die Destillerie ab dem Jahr 1876, als sie die Destillerie erwarben, Glen Guin. Ab dem Jahre 1905 besa\u00df sie dann den heutigen Namen Glengoyne.<\/p>\n<p>Alkoholgehalt 43%vol.<\/p>\n<p>Single Malt Scotch Whisky<\/p>\n<p>Land Brothers Ltd., Dumgoyne. Scotland<\/p>\n","protected":false},"featured_media":31144,"comment_status":"closed","ping_status":"closed","template":"","meta":{"_acf_changed":false},"product_brand":[],"product_cat":[1549,1551,1552,1554],"product_tag":[697],"class_list":{"0":"post-6947","1":"product","2":"type-product","3":"status-publish","4":"has-post-thumbnail","6":"product_cat-whisky","7":"product_cat-schottischer-whisky","8":"product_cat-single-malt-whisky","9":"product_cat-highlands","10":"product_tag-glengoyne-highlands-whisky-rolf-kaspar-fachhandel-essen-nrw-versandhandel-whisky-maltwhisky-schottland-scotland","12":"first","13":"outofstock","14":"taxable","15":"shipping-taxable","16":"purchasable","17":"product-type-simple"},"acf":[],"_links":{"self":[{"href":"https:\/\/www.kaspar-spirituosen.de\/shop\/wp-json\/wp\/v2\/product\/6947","targetHints":{"allow":["GET"]}}],"collection":[{"href":"https:\/\/www.kaspar-spirituosen.de\/shop\/wp-json\/wp\/v2\/product"}],"about":[{"href":"https:\/\/www.kaspar-spirituosen.de\/shop\/wp-json\/wp\/v2\/types\/product"}],"replies":[{"embeddable":true,"href":"https:\/\/www.kaspar-spirituosen.de\/shop\/wp-json\/wp\/v2\/comments?post=6947"}],"wp:featuredmedia":[{"embeddable":true,"href":"https:\/\/www.kaspar-spirituosen.de\/shop\/wp-json\/wp\/v2\/media\/31144"}],"wp:attachment":[{"href":"https:\/\/www.kaspar-spirituosen.de\/shop\/wp-json\/wp\/v2\/media?parent=6947"}],"wp:term":[{"taxonomy":"product_brand","embeddable":true,"href":"https:\/\/www.kaspar-spirituosen.de\/shop\/wp-json\/wp\/v2\/product_brand?post=6947"},{"taxonomy":"product_cat","embeddable":true,"href":"https:\/\/www.kaspar-spirituosen.de\/shop\/wp-json\/wp\/v2\/product_cat?post=6947"},{"taxonomy":"product_tag","embeddable":true,"href":"https:\/\/www.kaspar-spirituosen.de\/shop\/wp-json\/wp\/v2\/product_tag?post=6947"}],"curies":[{"name":"wp","href":"https:\/\/api.w.org\/{rel}","templated":true}]}}