{"id":6949,"date":"2025-05-05T16:48:06","date_gmt":"2025-05-05T14:48:06","guid":{"rendered":"https:\/\/www.kaspar-spirituosen.de\/shop\/produkt\/glenmorangie-highland-single-malt-original-07-lt\/"},"modified":"2025-10-24T16:20:15","modified_gmt":"2025-10-24T14:20:15","slug":"glenmorangie-highland-single-malt-original-07-lt","status":"publish","type":"product","link":"https:\/\/www.kaspar-spirituosen.de\/shop\/produkt\/glenmorangie-highland-single-malt-original-07-lt\/","title":{"rendered":"Glenmorangie Highland Single Malt Original 0,7 lt"},"content":{"rendered":"","protected":false},"excerpt":{"rendered":"<p>Der ber\u00fchmte &#8222;Original&#8220; vereint typische blumige S\u00fc\u00dfe mit k\u00f6stlich fruchtigen Elementen und zarter W\u00fcrze. Ein Parf\u00fcmeur erkannte nicht weniger als 26 charakteristische Aromen im Glenmorangie Original. Ein Kaleidoskop an Geschmack und Textur entfaltet sich, das die Sinne jedes Mal auf Neue entfacht.<\/p>\n<p>Belege \u00fcber (illegales) Whiskybrennen in Tain reichen bis in den Zeitraum um 1700 zur\u00fcck, jedoch erst seit 1843 wird mit der von den Br\u00fcdern Matheson gegr\u00fcndeten Glenmorangie-Brennerei ein legaler Whisky gebrannt. Zuvor war in den Geb\u00e4uden der Brennerei eine Brauerei zu finden.<br \/>\nDurch den Erfolg des Glenmorangie mussten die Produktionsanlagen mehrmals vergr\u00f6\u00dfert werden, 1980 und 1990 wurden je zwei neue Brennblasen installiert, so dass heute mit insgesamt sechs Brennblasen produziert wird.<br \/>\nGlenmorangie ist der meistverkaufte Single Malt Whisky auf dem schottischen Markt. Ein Grundsatz der Brennerei ist bis heute erhalten geblieben: Es sollen immer genau 16 Mitarbeiter bei Glenmorangie besch\u00e4ftigt sein, die 16 Men of Tain. Das bezieht sich in neuester Zeit allerdings nur noch auf die tats\u00e4chlichen Hersteller im Brennprozess, insgesamt sind ca. 90 Menschen besch\u00e4ftigt, z. B. im Lager, im Laden und in der Verwaltung. Au\u00dferdem ist inzwischen einer der &#8222;16 Man of Tain&#8220; eine Frau&#8230;<br \/>\n<i>Quelle: Wikipedia.de<\/i><\/p>\n<p><i>Single Malt Scotch Whisky<\/i><\/p>\n<p>Alkoholgehalt 40% vol.<\/p>\n<p>Glenmorangie Distillery Coy Tain, Ross-Shire IV19 1PZ Scotland<\/p>\n<p><b><span style=\"font-size: 10px;\"><span style=\"color: #cc0000;\">mit Farbstoff<\/span><\/span><\/b><\/p>\n","protected":false},"featured_media":31145,"comment_status":"closed","ping_status":"closed","template":"","meta":{"_acf_changed":false},"product_brand":[],"product_cat":[1549,1551,1552,1554],"product_tag":[698],"class_list":{"0":"post-6949","1":"product","2":"type-product","3":"status-publish","4":"has-post-thumbnail","6":"product_cat-whisky","7":"product_cat-schottischer-whisky","8":"product_cat-single-malt-whisky","9":"product_cat-highlands","10":"product_tag-glenmorangie-the-original-highland-scotch-single-malt-whisky-rolf-kaspar-fachhandel-essen-nrw-versandhandel-maltwhisky-whiskey-schottland","12":"first","13":"instock","14":"taxable","15":"shipping-taxable","16":"purchasable","17":"product-type-simple"},"acf":[],"_links":{"self":[{"href":"https:\/\/www.kaspar-spirituosen.de\/shop\/wp-json\/wp\/v2\/product\/6949","targetHints":{"allow":["GET"]}}],"collection":[{"href":"https:\/\/www.kaspar-spirituosen.de\/shop\/wp-json\/wp\/v2\/product"}],"about":[{"href":"https:\/\/www.kaspar-spirituosen.de\/shop\/wp-json\/wp\/v2\/types\/product"}],"replies":[{"embeddable":true,"href":"https:\/\/www.kaspar-spirituosen.de\/shop\/wp-json\/wp\/v2\/comments?post=6949"}],"wp:featuredmedia":[{"embeddable":true,"href":"https:\/\/www.kaspar-spirituosen.de\/shop\/wp-json\/wp\/v2\/media\/31145"}],"wp:attachment":[{"href":"https:\/\/www.kaspar-spirituosen.de\/shop\/wp-json\/wp\/v2\/media?parent=6949"}],"wp:term":[{"taxonomy":"product_brand","embeddable":true,"href":"https:\/\/www.kaspar-spirituosen.de\/shop\/wp-json\/wp\/v2\/product_brand?post=6949"},{"taxonomy":"product_cat","embeddable":true,"href":"https:\/\/www.kaspar-spirituosen.de\/shop\/wp-json\/wp\/v2\/product_cat?post=6949"},{"taxonomy":"product_tag","embeddable":true,"href":"https:\/\/www.kaspar-spirituosen.de\/shop\/wp-json\/wp\/v2\/product_tag?post=6949"}],"curies":[{"name":"wp","href":"https:\/\/api.w.org\/{rel}","templated":true}]}}