{"id":6961,"date":"2025-05-05T16:48:06","date_gmt":"2025-05-05T14:48:06","guid":{"rendered":"https:\/\/www.kaspar-spirituosen.de\/shop\/produkt\/old-pulteney-highland-single-malt-12y-07-lt\/"},"modified":"2025-10-24T16:20:17","modified_gmt":"2025-10-24T14:20:17","slug":"old-pulteney-highland-single-malt-12y-07-lt","status":"publish","type":"product","link":"https:\/\/www.kaspar-spirituosen.de\/shop\/produkt\/old-pulteney-highland-single-malt-12y-07-lt\/","title":{"rendered":"Old Pulteney Highland Single Malt 12y. 0,7 lt"},"content":{"rendered":"","protected":false},"excerpt":{"rendered":"<p>Der vollst\u00e4ndig in luftgetrockneten, handverlesenen, ehemaligen Bourbonf\u00e4ssern gereifte, &#8218;unversch\u00e4mt gute&#8216; 12 Jahre alte Old Pulteney ist der Grundstein der Old Pulteney Familie. Traditionell mit Verfahren erzeugt, die anderen Destillerien schon lange zu aufwendig sind, setzt dieser Gewinner zahlreicher Goldmedaillen einen hohen Standard f\u00fcr Spirituosen der Spitzenklasse.<br \/>\nDie 1826 gegr\u00fcndete Pulteney-Destillerie liegt in der Stadt Wick. Diese nach ihrem Gr\u00fcnder auch \u201aPulteneytown\u2018 genannte Stadt wurde w\u00e4hrend das sogenannten \u201aHering-Booms\u2018 zur Unterbringung der Fischer erbaut. Dies ist die n\u00f6rdlichste Destillerie auf dem schottischen Festland, und der hier gebrannte Whisky ist eine Verk\u00f6rperung dieses einzigartigen Orts.<\/p>\n<p>Farbe:Tief bernsteinfarben mit einem leicht rosaroten Touch<br \/>\nBukett:Mittlere bis hohe Intensit\u00e4t, trocken mit einem Hauch Meeresluft<br \/>\nGeschmack:Trocken, mundig und weich mit sauberem, leicht salzigem Abgang<br \/>\nAlkoholgehalt: 40% vol.<\/p>\n<p>Single Malt Scotch Whisky<\/p>\n<p>Pulteney Distillery Co. KW1 5BA<\/p>\n<p><strong><span style=\"font-size: 10px;\"><span style=\"color: #cc0000;\">mit Farbstoff<\/span><\/span><\/strong><\/p>\n","protected":false},"featured_media":31149,"comment_status":"closed","ping_status":"closed","template":"","meta":{"_acf_changed":false},"product_brand":[],"product_cat":[1549,1551,1552,1554],"product_tag":[707],"class_list":{"0":"post-6961","1":"product","2":"type-product","3":"status-publish","4":"has-post-thumbnail","6":"product_cat-whisky","7":"product_cat-schottischer-whisky","8":"product_cat-single-malt-whisky","9":"product_cat-highlands","10":"product_tag-old-pulteney-highlands-single-classic-scotch-malt-whisky-rolf-kaspar-fachhandel-essen-nrw-maltwhisky-schottland-scotland","12":"first","13":"outofstock","14":"taxable","15":"shipping-taxable","16":"purchasable","17":"product-type-simple"},"acf":[],"_links":{"self":[{"href":"https:\/\/www.kaspar-spirituosen.de\/shop\/wp-json\/wp\/v2\/product\/6961","targetHints":{"allow":["GET"]}}],"collection":[{"href":"https:\/\/www.kaspar-spirituosen.de\/shop\/wp-json\/wp\/v2\/product"}],"about":[{"href":"https:\/\/www.kaspar-spirituosen.de\/shop\/wp-json\/wp\/v2\/types\/product"}],"replies":[{"embeddable":true,"href":"https:\/\/www.kaspar-spirituosen.de\/shop\/wp-json\/wp\/v2\/comments?post=6961"}],"wp:featuredmedia":[{"embeddable":true,"href":"https:\/\/www.kaspar-spirituosen.de\/shop\/wp-json\/wp\/v2\/media\/31149"}],"wp:attachment":[{"href":"https:\/\/www.kaspar-spirituosen.de\/shop\/wp-json\/wp\/v2\/media?parent=6961"}],"wp:term":[{"taxonomy":"product_brand","embeddable":true,"href":"https:\/\/www.kaspar-spirituosen.de\/shop\/wp-json\/wp\/v2\/product_brand?post=6961"},{"taxonomy":"product_cat","embeddable":true,"href":"https:\/\/www.kaspar-spirituosen.de\/shop\/wp-json\/wp\/v2\/product_cat?post=6961"},{"taxonomy":"product_tag","embeddable":true,"href":"https:\/\/www.kaspar-spirituosen.de\/shop\/wp-json\/wp\/v2\/product_tag?post=6961"}],"curies":[{"name":"wp","href":"https:\/\/api.w.org\/{rel}","templated":true}]}}