{"id":6973,"date":"2025-05-05T16:48:06","date_gmt":"2025-05-05T14:48:06","guid":{"rendered":"https:\/\/www.kaspar-spirituosen.de\/shop\/produkt\/highland-park-highland-single-malt-12y-07-lt\/"},"modified":"2025-10-24T16:20:19","modified_gmt":"2025-10-24T14:20:19","slug":"highland-park-highland-single-malt-12y-07-lt","status":"publish","type":"product","link":"https:\/\/www.kaspar-spirituosen.de\/shop\/produkt\/highland-park-highland-single-malt-12y-07-lt\/","title":{"rendered":"Highland Park Highland Single Malt 12y. 0,7 lt."},"content":{"rendered":"","protected":false},"excerpt":{"rendered":"<p>Die Brennerei Highland Park liegt auf der Hauptinsel Mainland des Archipels Orkney. Die Destillerie befindet sich am s\u00fcdlichen Ortsrand des Hauptortes Kirkwall. Die Destillerie Highland Park wurde 1798 gegr\u00fcndet. Der Whisky ist mit einem kr\u00e4ftigen rauchigen und heidekraut- bzw. malzartigem Charakter versehen, da f\u00fcr das M\u00e4lzen Torf aus der Region verwendet wird. Dieses Torf ist noch sehr jung und deshalb durchsetzt mit Heidekraut. Er geh\u00f6rt zweifellos mit zu einem der besten Single Malts, hat Tiefgang, ist rund und hat einen langen Abgang. Ihn gibt es in vielen verschiedenen Varianten und er gilt unter den Whiskykennern als Allrounder und genie\u00dft auch bei ausgesprochenen Whiskyexperten wie Michael Jackson einen ausgezeichneten Ruf.<\/p>\n<p>Farbe: Leuchtendes Bernstein<br \/>\nDuft: Erfrischend und cremig-s\u00fc\u00df, weich und mollig, Honigs\u00fc\u00dfe mit etwas torfigem Rauch vermischt<br \/>\nGeschmack:Auch hier wieder Honigs\u00fc\u00dfe, dazu etwas Malz, es wird warm ums Herz!<br \/>\nNachhall: Sehr gut strukturierter Whisky, winkt noch recht lang fr\u00f6hlich nach. Der Rauch kommt deutlicher hervor.<\/p>\n<p>Alkoholgehalt: 40% vol.<\/p>\n<p>Highland Park Distillery, Kirkwall, Orkney Island, Scotland<\/p>\n<p>Single Malt Whisky<\/p>\n","protected":false},"featured_media":31153,"comment_status":"closed","ping_status":"closed","template":"","meta":{"_acf_changed":false},"product_brand":[],"product_cat":[1549,1551,1552,1557],"product_tag":[712],"class_list":{"0":"post-6973","1":"product","2":"type-product","3":"status-publish","4":"has-post-thumbnail","6":"product_cat-whisky","7":"product_cat-schottischer-whisky","8":"product_cat-single-malt-whisky","9":"product_cat-campbeltown-und-die-inseln","10":"product_tag-highland-park-12-years-orkney-island-rolf-kaspar-essen-nrw-whisky-single-malt-schottland-scotland-whiskies-whiskey-spirituosen-brennereien-destillerien-distillery-distilleries","12":"first","13":"instock","14":"taxable","15":"shipping-taxable","16":"purchasable","17":"product-type-simple"},"acf":[],"_links":{"self":[{"href":"https:\/\/www.kaspar-spirituosen.de\/shop\/wp-json\/wp\/v2\/product\/6973","targetHints":{"allow":["GET"]}}],"collection":[{"href":"https:\/\/www.kaspar-spirituosen.de\/shop\/wp-json\/wp\/v2\/product"}],"about":[{"href":"https:\/\/www.kaspar-spirituosen.de\/shop\/wp-json\/wp\/v2\/types\/product"}],"replies":[{"embeddable":true,"href":"https:\/\/www.kaspar-spirituosen.de\/shop\/wp-json\/wp\/v2\/comments?post=6973"}],"wp:featuredmedia":[{"embeddable":true,"href":"https:\/\/www.kaspar-spirituosen.de\/shop\/wp-json\/wp\/v2\/media\/31153"}],"wp:attachment":[{"href":"https:\/\/www.kaspar-spirituosen.de\/shop\/wp-json\/wp\/v2\/media?parent=6973"}],"wp:term":[{"taxonomy":"product_brand","embeddable":true,"href":"https:\/\/www.kaspar-spirituosen.de\/shop\/wp-json\/wp\/v2\/product_brand?post=6973"},{"taxonomy":"product_cat","embeddable":true,"href":"https:\/\/www.kaspar-spirituosen.de\/shop\/wp-json\/wp\/v2\/product_cat?post=6973"},{"taxonomy":"product_tag","embeddable":true,"href":"https:\/\/www.kaspar-spirituosen.de\/shop\/wp-json\/wp\/v2\/product_tag?post=6973"}],"curies":[{"name":"wp","href":"https:\/\/api.w.org\/{rel}","templated":true}]}}