{"id":6977,"date":"2025-05-05T16:48:06","date_gmt":"2025-05-05T14:48:06","guid":{"rendered":"https:\/\/www.kaspar-spirituosen.de\/shop\/produkt\/talisker-storm-highland-single-malt-07-lt\/"},"modified":"2025-10-24T16:20:20","modified_gmt":"2025-10-24T14:20:20","slug":"talisker-storm-highland-single-malt-07-lt","status":"publish","type":"product","link":"https:\/\/www.kaspar-spirituosen.de\/shop\/produkt\/talisker-storm-highland-single-malt-07-lt\/","title":{"rendered":"Talisker Storm Highland Single Malt 0,7 lt."},"content":{"rendered":"<p><b>Talisker Storm, 45,8%vol.<\/b><\/p>\n<p>Das weiche, torfige Wasser von Talisker kommt aus vierzehn Quellen vom Hawk Hill (Cnoc nan Speirag) hinter der Destillerie. Diese Quellen haben Talisker von Anfang an versorgt. Wie der Name erkennen l\u00e4sst leben auf dem H\u00fcgel viele Raubv\u00f6gel, unter ihnen auch Wanderfalken. Heute f\u00fcllen st\u00fcndlich 90.000 Liter K\u00fchlwasser aus dem schnell flie\u00dfendem Carbost Bach die traditionellen Erkennungszeichen von Talisker: die f\u00fcnf h\u00f6lzernen Wassertanks au\u00dferhalb des Brennhauses.<br \/>\nDie beiden gro\u00dfen Brennblasen, nach einem Brand im Jahre 1960 sorgsam nachgebaut, sind einzigartig. Die Rohre, die aus dem Haus herauskommen, verlaufen U-f\u00f6rmig um die D\u00e4mpfe der ersten Destillation einzufangen, bevor sie in die drau\u00dfen gelegenen K\u00fchltanks gelangen. Ein kleines zus\u00e4tzliches Kupferrohr leitet diese D\u00e4mpfe zur\u00fcck in die Brennblasen zur zweiten Destillation. Man glaubt, dass die getreuliche \u00dcbernahme dieses Originaldesigns zur Doppeldestillation f\u00fcr den schweren, tiefen Charakter von Talisker sorgt.<br \/>\nGeruch: intensiver Torfrauch, S\u00fc\u00dfe von Citrusfr\u00fcchten mit Spuren der See.<br \/>\nGeschmack: deutliche S\u00fc\u00dfe reifer Fr\u00fcchte mit deutlichtem Holzrauch, Pfeffer.<br \/>\nAbgang: Riesiges, lang anhaltendes pfeffriges Finish mit appetitanregender S\u00fc\u00dfe.<\/p>\n<p><span style=\"color: #cc0000;\"><b><span style=\"font-size: 10px;\">enth\u00e4lt Farbstoff<\/span><\/b><\/span><\/p>\n<p>Alkoholgehalt 45,8%vol.<br \/>\nSingle Malt Whisky<br \/>\nTalisker Distillery, Carbost, Isle of Skye, Scotland IV47 8SR, UK<\/p>\n","protected":false},"excerpt":{"rendered":"<p><b>Talisker Storm, 45,8%vol.<\/b><\/p>\n<p>Das weiche, torfige Wasser von Talisker kommt aus vierzehn Quellen vom Hawk Hill (Cnoc nan Speirag) hinter der Destillerie. Diese Quellen haben Talisker von Anfang an versorgt. Wie der Name erkennen l\u00e4sst leben auf dem H\u00fcgel viele Raubv\u00f6gel, unter ihnen auch Wanderfalken. Heute f\u00fcllen st\u00fcndlich 90.000 Liter K\u00fchlwasser aus dem schnell flie\u00dfendem Carbost Bach die traditionellen Erkennungszeichen von Talisker: die f\u00fcnf h\u00f6lzernen Wassertanks au\u00dferhalb des Brennhauses.<br \/>\nDie beiden gro\u00dfen Brennblasen, nach einem Brand im Jahre 1960 sorgsam nachgebaut, sind einzigartig. Die Rohre, die aus dem Haus herauskommen, verlaufen U-f\u00f6rmig um die D\u00e4mpfe der ersten Destillation einzufangen, bevor sie in die drau\u00dfen gelegenen K\u00fchltanks gelangen. Ein kleines zus\u00e4tzliches Kupferrohr leitet diese D\u00e4mpfe zur\u00fcck in die Brennblasen zur zweiten Destillation. Man glaubt, dass die getreuliche \u00dcbernahme dieses Originaldesigns zur Doppeldestillation f\u00fcr den schweren, tiefen Charakter von Talisker sorgt.<br \/>\nGeruch: intensiver Torfrauch, S\u00fc\u00dfe von Citrusfr\u00fcchten mit Spuren der See.<br \/>\nGeschmack: deutliche S\u00fc\u00dfe reifer Fr\u00fcchte mit deutlichtem Holzrauch, Pfeffer.<br \/>\nAbgang: Riesiges, lang anhaltendes pfeffriges Finish mit appetitanregender S\u00fc\u00dfe.<\/p>\n<p><span style=\"color: #cc0000;\"><b><span style=\"font-size: 10px;\">enth\u00e4lt Farbstoff<\/span><\/b><\/span><\/p>\n<p>Alkoholgehalt 45,8%vol.<br \/>\nSingle Malt Whisky<br \/>\nTalisker Distillery, Carbost, Isle of Skye, Scotland IV47 8SR, UK<\/p>\n","protected":false},"featured_media":31154,"comment_status":"closed","ping_status":"closed","template":"","meta":{"_acf_changed":false},"product_brand":[],"product_cat":[1549,1551,1552,1557],"product_tag":[714],"class_list":{"0":"post-6977","1":"product","2":"type-product","3":"status-publish","4":"has-post-thumbnail","6":"product_cat-whisky","7":"product_cat-schottischer-whisky","8":"product_cat-single-malt-whisky","9":"product_cat-campbeltown-und-die-inseln","10":"product_tag-talisker-torf-jod-isle-of-skye-rolf-kaspar-fachhandel-essen-nrw-whisky-single-classic-malt-island-islands-talisker-storm-highland","12":"first","13":"instock","14":"taxable","15":"shipping-taxable","16":"purchasable","17":"product-type-simple"},"acf":[],"_links":{"self":[{"href":"https:\/\/www.kaspar-spirituosen.de\/shop\/wp-json\/wp\/v2\/product\/6977","targetHints":{"allow":["GET"]}}],"collection":[{"href":"https:\/\/www.kaspar-spirituosen.de\/shop\/wp-json\/wp\/v2\/product"}],"about":[{"href":"https:\/\/www.kaspar-spirituosen.de\/shop\/wp-json\/wp\/v2\/types\/product"}],"replies":[{"embeddable":true,"href":"https:\/\/www.kaspar-spirituosen.de\/shop\/wp-json\/wp\/v2\/comments?post=6977"}],"wp:featuredmedia":[{"embeddable":true,"href":"https:\/\/www.kaspar-spirituosen.de\/shop\/wp-json\/wp\/v2\/media\/31154"}],"wp:attachment":[{"href":"https:\/\/www.kaspar-spirituosen.de\/shop\/wp-json\/wp\/v2\/media?parent=6977"}],"wp:term":[{"taxonomy":"product_brand","embeddable":true,"href":"https:\/\/www.kaspar-spirituosen.de\/shop\/wp-json\/wp\/v2\/product_brand?post=6977"},{"taxonomy":"product_cat","embeddable":true,"href":"https:\/\/www.kaspar-spirituosen.de\/shop\/wp-json\/wp\/v2\/product_cat?post=6977"},{"taxonomy":"product_tag","embeddable":true,"href":"https:\/\/www.kaspar-spirituosen.de\/shop\/wp-json\/wp\/v2\/product_tag?post=6977"}],"curies":[{"name":"wp","href":"https:\/\/api.w.org\/{rel}","templated":true}]}}