{"id":6979,"date":"2025-05-05T16:48:06","date_gmt":"2025-05-05T14:48:06","guid":{"rendered":"https:\/\/www.kaspar-spirituosen.de\/shop\/produkt\/talisker-port-ruighe-highland-single-malt-07lt\/"},"modified":"2026-03-24T12:01:14","modified_gmt":"2026-03-24T11:01:14","slug":"talisker-port-ruighe-highland-single-malt-07lt","status":"publish","type":"product","link":"https:\/\/www.kaspar-spirituosen.de\/shop\/produkt\/talisker-port-ruighe-highland-single-malt-07lt\/","title":{"rendered":"Talisker Port Ruighe Highland Single Malt 0,7lt."},"content":{"rendered":"<p><b>Offizielle Tastingnotes<\/b><\/p>\n<p><b>\u00a0<\/b><br \/>\nFarbe: Dunkles, sattes Bernsteingold.<\/p>\n<p>Duft: Unmittelbar, sehr ausgewogen und s\u00fc\u00df; insgesamt eher wie die rauchige Note eines langsam erl\u00f6schenden Holzfeuers, verbunden mit einer F\u00fclle reifer Pflaumen. Bald schon weicht die rauchige Note einem Hauch von honigs\u00fc\u00dfem Malz und sahnigem Toffee. Abgerundet durch eine raffinierte Mischung aus Zedernholz, Menthol und erfrischenden Beeren, sanft eingefasst von dunkler Schokolade und Vanille. Mit Wasser wird das Bouquet weicher, bleibt aber s\u00fc\u00df, mit rauchiger Note und einem Hauch von Meer. Reife rote Fr\u00fcchte erheben sich aus einem Bett satten, s\u00fc\u00dfen Toffees, w\u00e4hrend die Rauchnote von blumigen T\u00f6nen mit einem Hauch von Buttergeb\u00e4ck abgel\u00f6st wird, in denen Menthol und Zeder mitschwingt.<\/p>\n<p>K\u00f6rper: Medium. Weiche Textur.<\/p>\n<p>Gaumen: Weich und rund: die anf\u00e4ngliche Pfeffernote verwandelt sich auf der Zunge schnell in einen torfigen Geschmack, w\u00e4hrend eine weiche Rauchnote sich mit den Aromen von Gew\u00fcrzen und dunklen Fr\u00fcchten verbindet. Die erdigen, weichen Noten franz\u00f6sischer Schokoladentartes neben der Frische von Beeren, Kirschen und Pflaumen \u2013 dann bringt eine Welle weichen, trockenen, vulkanischen Rauchs den herrlichen Geschmack von kr\u00e4ftigem Malz. Er ist weicher und s\u00fc\u00dfer mit Wasser; rund und minzig, mit einer w\u00fcrzigen Holznote, die den Anfang einer au\u00dfergew\u00f6hnlichen, rauchig-pikanten und s\u00fc\u00df-aromatischen Geschmacksentwicklung bildet.Abgang: Lang, einpr\u00e4gsam und vollmundig; auf der Zunge bleibt ein ansprechendes, intensiv an Kakao erinnerndes, trockenes Raucharoma.<\/p>\n<p>Das weiche, torfige Wasser von Talisker kommt aus vierzehn Quellen vom Hawk Hill (Cnoc nan Speirag) hinter der Destillerie. Diese Quellen haben Talisker von Anfang an versorgt. Wie der Name erkennen l\u00e4sst leben auf dem H\u00fcgel viele Raubv\u00f6gel, unter ihnen auch Wanderfalken. Heute f\u00fcllen st\u00fcndlich 90.000 Liter K\u00fchlwasser aus dem schnell flie\u00dfendem Carbost Bach die traditionellen Erkennungszeichen von Talisker: die f\u00fcnf h\u00f6lzernen Wassertanks au\u00dferhalb des Brennhauses.<br \/>\nDie beiden gro\u00dfen Brennblasen, nach einem Brand im Jahre 1960 sorgsam nachgebaut, sind einzigartig. Die Rohre, die aus dem Haus herauskommen, verlaufen U-f\u00f6rmig um die D\u00e4mpfe der ersten Destillation einzufangen, bevor sie in die drau\u00dfen gelegenen K\u00fchltanks gelangen. Ein kleines zus\u00e4tzliches Kupferrohr leitet diese D\u00e4mpfe zur\u00fcck in die Brennblasen zur zweiten Destillation. Man glaubt, dass die getreuliche \u00dcbernahme dieses Originaldesigns zur Doppeldestillation f\u00fcr den schweren, tiefen Charakter von Talisker sorgt.<\/p>\n<p><span style=\"color: #cc0000\"><b><span style=\"font-size: 10px\">enth\u00e4lt Farbstoff<\/span><\/b><\/span><\/p>\n<p>Alkoholgehalt 45,8%vol.<br \/>\nSingle Malt Whisky<br \/>\nTalisker Distillery, Carbost, Isle of Skye, Scotland IV47 8SR, UK<\/p>\n","protected":false},"excerpt":{"rendered":"<p><b>Talisker Port Ruighe, 45,8%vol.<\/b><\/p>\n<p>Port Finish trifft Rauch &#8230; man darf gespannt sein &#8230;<\/p>\n<p><b>Offizielle Tastingnotes<\/b><\/p>\n<p><b>\u00a0<\/b><br \/>\nFarbe: Dunkles, sattes Bernsteingold.<\/p>\n<p>Duft: Unmittelbar, sehr ausgewogen und s\u00fc\u00df; insgesamt eher wie die rauchige Note eines langsam erl\u00f6schenden Holzfeuers, verbunden mit einer F\u00fclle reifer Pflaumen. Bald schon weicht die rauchige Note einem Hauch von honigs\u00fc\u00dfem Malz und sahnigem Toffee. Abgerundet durch eine raffinierte Mischung aus Zedernholz, Menthol und erfrischenden Beeren, sanft eingefasst von dunkler Schokolade und Vanille. Mit Wasser wird das Bouquet weicher, bleibt aber s\u00fc\u00df, mit rauchiger Note und einem Hauch von Meer. Reife rote Fr\u00fcchte erheben sich aus einem Bett satten, s\u00fc\u00dfen Toffees, w\u00e4hrend die Rauchnote von blumigen T\u00f6nen mit einem Hauch von Buttergeb\u00e4ck abgel\u00f6st wird, in denen Menthol und Zeder mitschwingt.<\/p>\n<p>K\u00f6rper: Medium. Weiche Textur.<\/p>\n<p>Gaumen: Weich und rund: die anf\u00e4ngliche Pfeffernote verwandelt sich auf der Zunge schnell in einen torfigen Geschmack, w\u00e4hrend eine weiche Rauchnote sich mit den Aromen von Gew\u00fcrzen und dunklen Fr\u00fcchten verbindet. Die erdigen, weichen Noten franz\u00f6sischer Schokoladentartes neben der Frische von Beeren, Kirschen und Pflaumen \u2013 dann bringt eine Welle weichen, trockenen, vulkanischen Rauchs den herrlichen Geschmack von kr\u00e4ftigem Malz. Er ist weicher und s\u00fc\u00dfer mit Wasser; rund und minzig, mit einer w\u00fcrzigen Holznote, die den Anfang einer au\u00dfergew\u00f6hnlichen, rauchig-pikanten und s\u00fc\u00df-aromatischen Geschmacksentwicklung bildet.Abgang: Lang, einpr\u00e4gsam und vollmundig; auf der Zunge bleibt ein ansprechendes, intensiv an Kakao erinnerndes, trockenes Raucharoma.<\/p>\n<p>Das weiche, torfige Wasser von Talisker kommt aus vierzehn Quellen vom Hawk Hill (Cnoc nan Speirag) hinter der Destillerie. Diese Quellen haben Talisker von Anfang an versorgt. Wie der Name erkennen l\u00e4sst leben auf dem H\u00fcgel viele Raubv\u00f6gel, unter ihnen auch Wanderfalken. Heute f\u00fcllen st\u00fcndlich 90.000 Liter K\u00fchlwasser aus dem schnell flie\u00dfendem Carbost Bach die traditionellen Erkennungszeichen von Talisker: die f\u00fcnf h\u00f6lzernen Wassertanks au\u00dferhalb des Brennhauses.<br \/>\nDie beiden gro\u00dfen Brennblasen, nach einem Brand im Jahre 1960 sorgsam nachgebaut, sind einzigartig. Die Rohre, die aus dem Haus herauskommen, verlaufen U-f\u00f6rmig um die D\u00e4mpfe der ersten Destillation einzufangen, bevor sie in die drau\u00dfen gelegenen K\u00fchltanks gelangen. Ein kleines zus\u00e4tzliches Kupferrohr leitet diese D\u00e4mpfe zur\u00fcck in die Brennblasen zur zweiten Destillation. Man glaubt, dass die getreuliche \u00dcbernahme dieses Originaldesigns zur Doppeldestillation f\u00fcr den schweren, tiefen Charakter von Talisker sorgt.<\/p>\n<p><span style=\"color: #cc0000\"><b><span style=\"font-size: 10px\">enth\u00e4lt Farbstoff<\/span><\/b><\/span><\/p>\n<p>Alkoholgehalt 45,8%vol.<br \/>\nSingle Malt Whisky<br \/>\nTalisker Distillery, Carbost, Isle of Skye, Scotland IV47 8SR, UK<\/p>\n","protected":false},"featured_media":31155,"comment_status":"closed","ping_status":"closed","template":"","meta":{"_acf_changed":false},"product_brand":[],"product_cat":[1549,1551,1552,1557],"product_tag":[715],"class_list":{"0":"post-6979","1":"product","2":"type-product","3":"status-publish","4":"has-post-thumbnail","6":"product_cat-whisky","7":"product_cat-schottischer-whisky","8":"product_cat-single-malt-whisky","9":"product_cat-campbeltown-und-die-inseln","10":"product_tag-talisker-torf-jod-isle-of-skye-rolf-kaspar-fachhandel-essen-nrw-whisky-single-classic-malt-island-islands-talisker-storm-highland-port-ruighe-neu","12":"first","13":"instock","14":"taxable","15":"shipping-taxable","16":"purchasable","17":"product-type-simple"},"acf":[],"_links":{"self":[{"href":"https:\/\/www.kaspar-spirituosen.de\/shop\/wp-json\/wp\/v2\/product\/6979","targetHints":{"allow":["GET"]}}],"collection":[{"href":"https:\/\/www.kaspar-spirituosen.de\/shop\/wp-json\/wp\/v2\/product"}],"about":[{"href":"https:\/\/www.kaspar-spirituosen.de\/shop\/wp-json\/wp\/v2\/types\/product"}],"replies":[{"embeddable":true,"href":"https:\/\/www.kaspar-spirituosen.de\/shop\/wp-json\/wp\/v2\/comments?post=6979"}],"wp:featuredmedia":[{"embeddable":true,"href":"https:\/\/www.kaspar-spirituosen.de\/shop\/wp-json\/wp\/v2\/media\/31155"}],"wp:attachment":[{"href":"https:\/\/www.kaspar-spirituosen.de\/shop\/wp-json\/wp\/v2\/media?parent=6979"}],"wp:term":[{"taxonomy":"product_brand","embeddable":true,"href":"https:\/\/www.kaspar-spirituosen.de\/shop\/wp-json\/wp\/v2\/product_brand?post=6979"},{"taxonomy":"product_cat","embeddable":true,"href":"https:\/\/www.kaspar-spirituosen.de\/shop\/wp-json\/wp\/v2\/product_cat?post=6979"},{"taxonomy":"product_tag","embeddable":true,"href":"https:\/\/www.kaspar-spirituosen.de\/shop\/wp-json\/wp\/v2\/product_tag?post=6979"}],"curies":[{"name":"wp","href":"https:\/\/api.w.org\/{rel}","templated":true}]}}