{"id":6987,"date":"2025-05-05T16:48:20","date_gmt":"2025-05-05T14:48:20","guid":{"rendered":"https:\/\/www.kaspar-spirituosen.de\/shop\/produkt\/the-famous-grouse-blended-scotch-whisky-07-lt\/"},"modified":"2025-10-24T16:20:04","modified_gmt":"2025-10-24T14:20:04","slug":"the-famous-grouse-blended-scotch-whisky-07-lt","status":"publish","type":"product","link":"https:\/\/www.kaspar-spirituosen.de\/shop\/produkt\/the-famous-grouse-blended-scotch-whisky-07-lt\/","title":{"rendered":"The Famous Grouse Blended Scotch Whisky 0,7 lt"},"content":{"rendered":"<p>Benannt nach dem Red Grouse (Moorhuhn), dem bekannten schottischem Wildvogel, ist der Famous Grouse ein Zeuge f\u00fcr die hohe Kunst des Blendings von Matthew Gloag &amp; Son, einem 1800 gegr\u00fcndetem Familienunternehmen. Hochwertige Single Malts wie Macallan oder Highland Park werden verm\u00e4hlt mit ausgew\u00e4hlten Grain Whiskies &#8211; um ungew\u00f6hnlich \u00a0lange miteinander weiter zu reifen. Hieraus entsteht der wohl ausgewogenste und sanfteste aller schottischen Blended Whiskies &#8211; der Lieblings-Blend der Schotten!<\/p>\n<p>Alkoholgehalt 40%vol.<\/p>\n<p>Matthew Gloag &amp; Son Ltd, Perth, Scotland<\/p>\n<p><span style=\"color: #cc0000;\"><strong><span style=\"font-size: 10px;\">enth\u00e4lt Farbstoff!<\/span><\/strong><\/span><\/p>\n<p>&nbsp;<\/p>\n","protected":false},"excerpt":{"rendered":"<p>Benannt nach dem Red Grouse (Moorhuhn), dem bekannten schottischem Wildvogel, ist der Famous Grouse ein Zeuge f\u00fcr die hohe Kunst des Blendings von Matthew Gloag &amp; Son, einem 1800 gegr\u00fcndetem Familienunternehmen. Hochwertige Single Malts wie Macallan oder Highland Park werden verm\u00e4hlt mit ausgew\u00e4hlten Grain Whiskies &#8211; um ungew\u00f6hnlich \u00a0lange miteinander weiter zu reifen. Hieraus entsteht der wohl ausgewogenste und sanfteste aller schottischen Blended Whiskies &#8211; der Lieblings-Blend der Schotten!<\/p>\n<p>Alkoholgehalt 40%vol.<\/p>\n<p>Matthew Gloag &amp; Son Ltd, Perth, Scotland<\/p>\n<p><span style=\"color: #cc0000;\"><strong><span style=\"font-size: 10px;\">enth\u00e4lt Farbstoff!<\/span><\/strong><\/span><\/p>\n<p>&nbsp;<\/p>\n","protected":false},"featured_media":31157,"comment_status":"closed","ping_status":"closed","template":"","meta":{"_acf_changed":false},"product_brand":[],"product_cat":[1549,1551,1558],"product_tag":[719],"class_list":{"0":"post-6987","1":"product","2":"type-product","3":"status-publish","4":"has-post-thumbnail","6":"product_cat-whisky","7":"product_cat-schottischer-whisky","8":"product_cat-blended-vatted-and-grain-whisky","9":"product_tag-blended-scotch-whisky-rolf-kaspar-essen-nrw-whisky-maltwhisky-whiskey-schottland-scotland","11":"first","12":"instock","13":"taxable","14":"shipping-taxable","15":"purchasable","16":"product-type-simple"},"acf":[],"_links":{"self":[{"href":"https:\/\/www.kaspar-spirituosen.de\/shop\/wp-json\/wp\/v2\/product\/6987","targetHints":{"allow":["GET"]}}],"collection":[{"href":"https:\/\/www.kaspar-spirituosen.de\/shop\/wp-json\/wp\/v2\/product"}],"about":[{"href":"https:\/\/www.kaspar-spirituosen.de\/shop\/wp-json\/wp\/v2\/types\/product"}],"replies":[{"embeddable":true,"href":"https:\/\/www.kaspar-spirituosen.de\/shop\/wp-json\/wp\/v2\/comments?post=6987"}],"wp:featuredmedia":[{"embeddable":true,"href":"https:\/\/www.kaspar-spirituosen.de\/shop\/wp-json\/wp\/v2\/media\/31157"}],"wp:attachment":[{"href":"https:\/\/www.kaspar-spirituosen.de\/shop\/wp-json\/wp\/v2\/media?parent=6987"}],"wp:term":[{"taxonomy":"product_brand","embeddable":true,"href":"https:\/\/www.kaspar-spirituosen.de\/shop\/wp-json\/wp\/v2\/product_brand?post=6987"},{"taxonomy":"product_cat","embeddable":true,"href":"https:\/\/www.kaspar-spirituosen.de\/shop\/wp-json\/wp\/v2\/product_cat?post=6987"},{"taxonomy":"product_tag","embeddable":true,"href":"https:\/\/www.kaspar-spirituosen.de\/shop\/wp-json\/wp\/v2\/product_tag?post=6987"}],"curies":[{"name":"wp","href":"https:\/\/api.w.org\/{rel}","templated":true}]}}