{"id":6991,"date":"2025-05-05T16:48:20","date_gmt":"2025-05-05T14:48:20","guid":{"rendered":"https:\/\/www.kaspar-spirituosen.de\/shop\/produkt\/johnnie-walker-black-label-blended-scotch-07-lt\/"},"modified":"2025-10-24T16:20:05","modified_gmt":"2025-10-24T14:20:05","slug":"johnnie-walker-black-label-blended-scotch-07-lt","status":"publish","type":"product","link":"https:\/\/www.kaspar-spirituosen.de\/shop\/produkt\/johnnie-walker-black-label-blended-scotch-07-lt\/","title":{"rendered":"Johnnie Walker Black Label Blended Scotch 0,7 lt"},"content":{"rendered":"<p>Johnnie Walker&#8217;s Black Label ist der weiche und samtige &#8222;gro\u00dfe Bruder&#8220; des Red Labels. Aus \u00fcber 40 selektierten Whiskies geblendet, steht er seit 1870 f\u00fcr die hohe Kunst des Blendings im Hause Walker.<\/p>\n<p>&#8222;Ein Meisterst\u00fcck&#8230;, der beste seiner Kategorie&#8220; &#8211; Charles MacLean<\/p>\n<p>John Walker &amp; Sons, 5 Lochside Way, Edinburgh, EH12 9DT, Scotland<\/p>\n<p>Alkoholgehalt 40%vol.<\/p>\n<p><strong><span style=\"font-size: 10px;\"><span style=\"color: #cc0000;\">mit Farbstoff<\/span><\/span><\/strong><\/p>\n","protected":false},"excerpt":{"rendered":"<p>Johnnie Walker&#8217;s Black Label ist der weiche und samtige &#8222;gro\u00dfe Bruder&#8220; des Red Labels. Aus \u00fcber 40 selektierten Whiskies geblendet, steht er seit 1870 f\u00fcr die hohe Kunst des Blendings im Hause Walker.<\/p>\n<p>&#8222;Ein Meisterst\u00fcck&#8230;, der beste seiner Kategorie&#8220; &#8211; Charles MacLean<\/p>\n<p>John Walker &amp; Sons, 5 Lochside Way, Edinburgh, EH12 9DT, Scotland<\/p>\n<p>Alkoholgehalt 40%vol.<\/p>\n<p><strong><span style=\"font-size: 10px;\"><span style=\"color: #cc0000;\">mit Farbstoff<\/span><\/span><\/strong><\/p>\n","protected":false},"featured_media":31159,"comment_status":"closed","ping_status":"closed","template":"","meta":{"_acf_changed":false},"product_brand":[],"product_cat":[1549,1551,1558],"product_tag":[723],"class_list":{"0":"post-6991","1":"product","2":"type-product","3":"status-publish","4":"has-post-thumbnail","6":"product_cat-whisky","7":"product_cat-schottischer-whisky","8":"product_cat-blended-vatted-and-grain-whisky","9":"product_tag-johnnie-walker-black-label-finest-malt-whisky-scotch-schottland-scotland-rolf-kaspar-essen-nrw-schottisch-blend","11":"first","12":"instock","13":"taxable","14":"shipping-taxable","15":"purchasable","16":"product-type-simple"},"acf":[],"_links":{"self":[{"href":"https:\/\/www.kaspar-spirituosen.de\/shop\/wp-json\/wp\/v2\/product\/6991","targetHints":{"allow":["GET"]}}],"collection":[{"href":"https:\/\/www.kaspar-spirituosen.de\/shop\/wp-json\/wp\/v2\/product"}],"about":[{"href":"https:\/\/www.kaspar-spirituosen.de\/shop\/wp-json\/wp\/v2\/types\/product"}],"replies":[{"embeddable":true,"href":"https:\/\/www.kaspar-spirituosen.de\/shop\/wp-json\/wp\/v2\/comments?post=6991"}],"wp:featuredmedia":[{"embeddable":true,"href":"https:\/\/www.kaspar-spirituosen.de\/shop\/wp-json\/wp\/v2\/media\/31159"}],"wp:attachment":[{"href":"https:\/\/www.kaspar-spirituosen.de\/shop\/wp-json\/wp\/v2\/media?parent=6991"}],"wp:term":[{"taxonomy":"product_brand","embeddable":true,"href":"https:\/\/www.kaspar-spirituosen.de\/shop\/wp-json\/wp\/v2\/product_brand?post=6991"},{"taxonomy":"product_cat","embeddable":true,"href":"https:\/\/www.kaspar-spirituosen.de\/shop\/wp-json\/wp\/v2\/product_cat?post=6991"},{"taxonomy":"product_tag","embeddable":true,"href":"https:\/\/www.kaspar-spirituosen.de\/shop\/wp-json\/wp\/v2\/product_tag?post=6991"}],"curies":[{"name":"wp","href":"https:\/\/api.w.org\/{rel}","templated":true}]}}