{"id":7027,"date":"2025-05-05T16:48:32","date_gmt":"2025-05-05T14:48:32","guid":{"rendered":"https:\/\/www.kaspar-spirituosen.de\/shop\/produkt\/makers-mark-kentucky-straight-bourbon-07-lt\/"},"modified":"2025-10-24T16:19:54","modified_gmt":"2025-10-24T14:19:54","slug":"makers-mark-kentucky-straight-bourbon-07-lt","status":"publish","type":"product","link":"https:\/\/www.kaspar-spirituosen.de\/shop\/produkt\/makers-mark-kentucky-straight-bourbon-07-lt\/","title":{"rendered":"Maker&#8217;s Mark Kentucky Straight Bourbon 0,7 lt."},"content":{"rendered":"<p>&nbsp;<\/p>\n<p>Ein Bourbon mit Kultstatus unter den Whisky-Liebhabern. Maker\u2019s Mark kommt aus der kleinen, einsam gelegenen Star Hill Distillery in Happy Hallow, in der N\u00e4he des kleinen Ortes Loretto im S\u00fcden von Bardstown, Kentucky. Die Geschichte der Destillerie geht zur\u00fcck bis ins Jahr 1805. Die Geschichte von Maker\u2019s Mark beginnt 1953 mit dem Kauf und der Restaurierung durch Bill Samuels. Er schuf diesen klassischen Whisky, der als der mildeste aller Bourbons bezeichnet wird. Seinen milden und feinen Charakter erh\u00e4lt Maker\u2019s Mark durch seine einzigartige Rezeptur. Anstelle des herk\u00f6mmlichen Roggens wird milder Winterweizen verwendet. Am Ende des Herstellungsprozesses wird Maker\u2019s Mark dann mit seinem unverwechselbaren Markenzeichen versehen: Jede einzelne Flasche wird individuell mit rotem Wachs versiegelt.<\/p>\n<p><span class=\"rot bold\">Farbe:<\/span> helles Gold<br \/>\n<span class=\"rot bold\">Nase:<\/span> nach Vanille und (sanft) nach Karamell<br \/>\n<span class=\"rot bold\">Geschmack:<\/span> fruchtig mit einzigartiger Weichheit und feinen Fruchtt\u00f6nen und Traube<br \/>\n<span class=\"rot bold\">Abgang:<\/span> sehr langsam und nachhaltig<\/p>\n<p>Alkoholgehalt 45 %.<\/p>\n<p>Importeur:<br \/>\nBeam Deutschland GmbH<br \/>\nUnterschweinstiege 2-14<br \/>\n60549 Frankfurt am Main<br \/>\nTel.: 069 &#8211; 430 530 0<br \/>\ninfo.de@beamsuntory.com<\/p>\n<p>&nbsp;<\/p>\n","protected":false},"excerpt":{"rendered":"<p>Ein Bourbon mit Kultstatus unter den Whisky-Liebhabern. Maker\u2019s Mark kommt aus der kleinen, einsam gelegenen Star Hill Distillery in Happy Hallow, in der N\u00e4he des kleinen Ortes Loretto im S\u00fcden von Bardstown, Kentucky. Die Geschichte der Destillerie geht zur\u00fcck bis ins Jahr 1805. Die Geschichte von Maker\u2019s Mark beginnt 1953 mit dem Kauf und der Restaurierung durch Bill Samuels. Er schuf diesen klassischen Whisky, der als der mildeste aller Bourbons bezeichnet wird. Seinen milden und feinen Charakter erh\u00e4lt Maker\u2019s Mark durch seine einzigartige Rezeptur. Anstelle des herk\u00f6mmlichen Roggens wird milder Winterweizen verwendet. Am Ende des Herstellungsprozesses wird Maker\u2019s Mark dann mit seinem unverwechselbaren Markenzeichen versehen: Jede einzelne Flasche wird individuell mit rotem Wachs versiegelt.<\/p>\n<p><span class=\"rot bold\">Farbe:<\/span> helles Gold<br \/>\n<span class=\"rot bold\">Nase:<\/span> nach Vanille und (sanft) nach Karamell<br \/>\n<span class=\"rot bold\">Geschmack:<\/span> fruchtig mit einzigartiger Weichheit und feinen Fruchtt\u00f6nen und Traube<br \/>\n<span class=\"rot bold\">Abgang:<\/span> sehr langsam und nachhaltig<\/p>\n<p>Alkoholgehalt 45 %.<\/p>\n<p>Importeur:<br \/>\nBeam Deutschland GmbH<br \/>\nUnterschweinstiege 2-14<br \/>\n60549 Frankfurt am Main<br \/>\nTel.: 069 &#8211; 430 530 0<br \/>\ninfo.de@beamsuntory.com<\/p>\n<p>&nbsp;<\/p>\n<p>&nbsp;<\/p>\n","protected":false},"featured_media":31170,"comment_status":"closed","ping_status":"closed","template":"","meta":{"_acf_changed":false},"product_brand":[],"product_cat":[1549,1560],"product_tag":[754],"class_list":{"0":"post-7027","1":"product","2":"type-product","3":"status-publish","4":"has-post-thumbnail","6":"product_cat-whisky","7":"product_cat-amerikanischer-whiskey","8":"product_tag-makers-maker-makers-mark-kentucky-bourbon-whiskey-amerikanischer-kentucky-straight-rolf-kaspar-essen-nrw","10":"first","11":"instock","12":"taxable","13":"shipping-taxable","14":"purchasable","15":"product-type-simple"},"acf":[],"_links":{"self":[{"href":"https:\/\/www.kaspar-spirituosen.de\/shop\/wp-json\/wp\/v2\/product\/7027","targetHints":{"allow":["GET"]}}],"collection":[{"href":"https:\/\/www.kaspar-spirituosen.de\/shop\/wp-json\/wp\/v2\/product"}],"about":[{"href":"https:\/\/www.kaspar-spirituosen.de\/shop\/wp-json\/wp\/v2\/types\/product"}],"replies":[{"embeddable":true,"href":"https:\/\/www.kaspar-spirituosen.de\/shop\/wp-json\/wp\/v2\/comments?post=7027"}],"wp:featuredmedia":[{"embeddable":true,"href":"https:\/\/www.kaspar-spirituosen.de\/shop\/wp-json\/wp\/v2\/media\/31170"}],"wp:attachment":[{"href":"https:\/\/www.kaspar-spirituosen.de\/shop\/wp-json\/wp\/v2\/media?parent=7027"}],"wp:term":[{"taxonomy":"product_brand","embeddable":true,"href":"https:\/\/www.kaspar-spirituosen.de\/shop\/wp-json\/wp\/v2\/product_brand?post=7027"},{"taxonomy":"product_cat","embeddable":true,"href":"https:\/\/www.kaspar-spirituosen.de\/shop\/wp-json\/wp\/v2\/product_cat?post=7027"},{"taxonomy":"product_tag","embeddable":true,"href":"https:\/\/www.kaspar-spirituosen.de\/shop\/wp-json\/wp\/v2\/product_tag?post=7027"}],"curies":[{"name":"wp","href":"https:\/\/api.w.org\/{rel}","templated":true}]}}