{"id":7031,"date":"2025-05-05T16:48:32","date_gmt":"2025-05-05T14:48:32","guid":{"rendered":"https:\/\/www.kaspar-spirituosen.de\/shop\/produkt\/woodford-reserve-kentucky-straight-bourbon-07-lt\/"},"modified":"2025-10-24T16:19:55","modified_gmt":"2025-10-24T14:19:55","slug":"woodford-reserve-kentucky-straight-bourbon-07-lt","status":"publish","type":"product","link":"https:\/\/www.kaspar-spirituosen.de\/shop\/produkt\/woodford-reserve-kentucky-straight-bourbon-07-lt\/","title":{"rendered":"Woodford Reserve Kentucky Straight Bourbon 0,7 lt."},"content":{"rendered":"","protected":false},"excerpt":{"rendered":"<p>Der Woodford Reserve Distiller&#8217;s Select ist ein klassisch weicher Bourbon mit subtilem Charakter. Jede einzelne Flasche ist nummeriert und signiert und b\u00fcrgt so f\u00fcr ihren einzigartigen Inhalt. Woodford Reserve steht f\u00fcr h\u00f6chste Qualit\u00e4t und wurde mehrfach ausgezeichnet.<\/p>\n<p>Farbe: Bernsteint\u00f6ne<br \/>\nGeschmack: Sehr sanft, mit Eindr\u00fccken von Karamell, Cr\u00e8me brul\u00e9e, Aprikose und s\u00fc\u00dfem Kakao, w\u00fcrzig-bitteren Roggen-Noten, Eichenholz<\/p>\n<p>Alkoholgehalt 43,2 %.<\/p>\n<p>Brown-Forman Deutschland GmbH<br \/>\nDammtorwall 7<br \/>\n20354 Hamburg<\/p>\n","protected":false},"featured_media":8619,"comment_status":"closed","ping_status":"closed","template":"","meta":{"_acf_changed":false},"product_brand":[],"product_cat":[1549,1560],"product_tag":[758],"class_list":{"0":"post-7031","1":"product","2":"type-product","3":"status-publish","4":"has-post-thumbnail","6":"product_cat-whisky","7":"product_cat-amerikanischer-whiskey","8":"product_tag-woodford-reserve-kentucky-straight-bourbon-whiskey-amerikanischer-rolf-kaspar-essen-nrw-fachhandel","10":"first","11":"outofstock","12":"taxable","13":"shipping-taxable","14":"purchasable","15":"product-type-simple"},"acf":[],"_links":{"self":[{"href":"https:\/\/www.kaspar-spirituosen.de\/shop\/wp-json\/wp\/v2\/product\/7031","targetHints":{"allow":["GET"]}}],"collection":[{"href":"https:\/\/www.kaspar-spirituosen.de\/shop\/wp-json\/wp\/v2\/product"}],"about":[{"href":"https:\/\/www.kaspar-spirituosen.de\/shop\/wp-json\/wp\/v2\/types\/product"}],"replies":[{"embeddable":true,"href":"https:\/\/www.kaspar-spirituosen.de\/shop\/wp-json\/wp\/v2\/comments?post=7031"}],"wp:featuredmedia":[{"embeddable":true,"href":"https:\/\/www.kaspar-spirituosen.de\/shop\/wp-json\/wp\/v2\/media\/8619"}],"wp:attachment":[{"href":"https:\/\/www.kaspar-spirituosen.de\/shop\/wp-json\/wp\/v2\/media?parent=7031"}],"wp:term":[{"taxonomy":"product_brand","embeddable":true,"href":"https:\/\/www.kaspar-spirituosen.de\/shop\/wp-json\/wp\/v2\/product_brand?post=7031"},{"taxonomy":"product_cat","embeddable":true,"href":"https:\/\/www.kaspar-spirituosen.de\/shop\/wp-json\/wp\/v2\/product_cat?post=7031"},{"taxonomy":"product_tag","embeddable":true,"href":"https:\/\/www.kaspar-spirituosen.de\/shop\/wp-json\/wp\/v2\/product_tag?post=7031"}],"curies":[{"name":"wp","href":"https:\/\/api.w.org\/{rel}","templated":true}]}}