{"id":7033,"date":"2025-05-05T16:48:32","date_gmt":"2025-05-05T14:48:32","guid":{"rendered":"https:\/\/www.kaspar-spirituosen.de\/shop\/produkt\/1776-straight-bourbon-whiskey-07-lt\/"},"modified":"2025-10-24T16:19:55","modified_gmt":"2025-10-24T14:19:55","slug":"1776-straight-bourbon-whiskey-07-lt","status":"publish","type":"product","link":"https:\/\/www.kaspar-spirituosen.de\/shop\/produkt\/1776-straight-bourbon-whiskey-07-lt\/","title":{"rendered":"1776 Straight Bourbon Whiskey 0,7 lt."},"content":{"rendered":"<h3>James E. Pepper 1776<\/h3>\n<h3 class=\"textColor\" style=\"font-size: 15px;\">Straight Bourbon<\/h3>\n<p>\u00bb 100 Proof &#8211; Not Chill-Filtered &#8211; Over 38% Rye in the Mash Bill<\/p>\n<p>\u00bb Rich Bourbon Sweetness &amp; Rye Spice; vanilla, honey, chocolate &amp; cloves<\/p>\n<p>\u00bb Neat, over ice, or in a proper Old-Fashioned, this whiskey rocks.<\/p>\n<p>&nbsp;<\/p>\n<p><span style=\"line-height: 1.3em;\">Die Whiskeymarke der <strong>Familie Pepper<\/strong>, deren Urspr\u00fcnge auf das Jahr 1776 und die Anfangszeiten der<\/span><span style=\"line-height: 1.3em;\">\u00a0<\/span>Amerikanischen\u00a0Revolution zur\u00fcckzuf\u00fchren sind und die bis 1958 drei Familiengenerationen lang destilliert wurde, ist die \u00e4lteste und die legend\u00e4rste Whiskeymarke in der Geschichte Amerikas und des Staates Kentucky.<\/p>\n<p>Das Destillationsverm\u00e4chtnis begann mit Elijah Pepper (Destillateur von 1776 &#8211; 1838), wurde von Oscar Pepper (Destillateur von 1838 bis 1867) und wurde in dritter Generation an Colonel James E. Pepper (Destillateur von 1867 &#8211; 1906) \u00fcbergeben. Er war ein Bourbon Aristokrat reinster G\u00fcte, und ihm war es auch zu verdanken, dass die Familienmarke ihre gr\u00f6\u00dften Erfolge feierte.<\/p>\n<p>Colonel James E. Pepper, eine aus Kentucky stammende Leitfigur der amerikanischen Industrie, z\u00fcchtete Vollbl\u00fcter f\u00fcr das Kentucky Derby, reiste in einem privaten Eisenbahnwaggon und machte den &#8222;Old-Fashioned&#8220;- Cocktail ber\u00fchmt. Er nannte seinen Whiskey <strong>&#8222;Old 1776&#8220;<\/strong> und verk\u00fcndete voller Stolz, dass bei ihm die Originalrezeptur seines Gro\u00dfvaters, die noch aus der \u00c4ra der Revolution\u00e4re stammte, zur Anwendung kommt.<\/p>\n<p>In den letzten Jahren wurde diese Kultmarke von dem Unternehmen Georgetown Trading Co. (dessen Familientradition im Whiskeyhandel ebenfalls auf die Zeit der Amerikanischen Revolution zur\u00fcckgeht) \u00fcbernommen, das es sich zur Aufgabe gemacht hat, sie in angemessener Weise neu auf dem Markt zu lancieren. Es wurden umfangreiche historische Recherchen durchgef\u00fchrt und Jahre daf\u00fcr aufgewendet, volle Flaschen des wunderbar erhaltenen Originalwhiskeys von James E. Pepper aus der Zeit vor, w\u00e4hrend und nach der Prohibition zu sammeln und zu analysieren. Die Georgetown Trading Co. erwarb sogar ein eigenh\u00e4ndig von James E. Pepper verfasstes Schreiben aus dem Jahr 1887, in welchem seine Produktionsmethoden und die genaue Maischezusammensetzung aufgef\u00fchrt ist. Unter Bezugnahme auf dieses Material begann das Unternehmen damit, einige neue James E. Pepper Whiskeysorten zu destillieren und sorgf\u00e4ltig Reifungsf\u00e4sser aus ausgew\u00e4hlten Destillerien mit \u00e4hnlicher Maischezusammensetzung und \u00e4hnlichen Geschmacksprofilen auszuw\u00e4hlen, die dem &#8222;Old Style&#8220; des Originalwhiskeys von James E. Pepper entsprechen.<\/p>\n<p>Importeur Deutschland: Sierra Madre Trend Food GmbH, Rohrstr. 26, 58093 Hagen, Germany<\/p>\n<p>&nbsp;<\/p>\n","protected":false},"excerpt":{"rendered":"<h3>James E. Pepper 1776<\/h3>\n<h3 class=\"textColor\" style=\"font-size: 15px;\">Straight Bourbon<\/h3>\n<p>\u00bb 100 Proof &#8211; Not Chill-Filtered &#8211; Over 38% Rye in the Mash Bill, 50 % vol. Alkoholgehalt<\/p>\n<p>\u00bb Rich Bourbon Sweetness &amp; Rye Spice; vanilla, honey, chocolate &amp; cloves<\/p>\n<p>\u00bb Neat, over ice, or in a proper Old-Fashioned, this whiskey rocks.<\/p>\n<p>&nbsp;<\/p>\n<p><span style=\"line-height: 1.3em;\">Die Whiskeymarke der <strong>Familie Pepper<\/strong>, deren Urspr\u00fcnge auf das Jahr 1776 und die Anfangszeiten der<\/span><span style=\"line-height: 1.3em;\">\u00a0<\/span>Amerikanischen\u00a0Revolution zur\u00fcckzuf\u00fchren sind und die bis 1958 drei Familiengenerationen lang destilliert wurde, ist die \u00e4lteste und die legend\u00e4rste Whiskeymarke in der Geschichte Amerikas und des Staates Kentucky.<\/p>\n<p>Das Destillationsverm\u00e4chtnis begann mit Elijah Pepper (Destillateur von 1776 &#8211; 1838), wurde von Oscar Pepper (Destillateur von 1838 bis 1867) und wurde in dritter Generation an Colonel James E. Pepper (Destillateur von 1867 &#8211; 1906) \u00fcbergeben. Er war ein Bourbon Aristokrat reinster G\u00fcte, und ihm war es auch zu verdanken, dass die Familienmarke ihre gr\u00f6\u00dften Erfolge feierte.<\/p>\n<p>Colonel James E. Pepper, eine aus Kentucky stammende Leitfigur der amerikanischen Industrie, z\u00fcchtete Vollbl\u00fcter f\u00fcr das Kentucky Derby, reiste in einem privaten Eisenbahnwaggon und machte den &#8222;Old-Fashioned&#8220;- Cocktail ber\u00fchmt. Er nannte seinen Whiskey <strong>&#8222;Old 1776&#8220;<\/strong> und verk\u00fcndete voller Stolz, dass bei ihm die Originalrezeptur seines Gro\u00dfvaters, die noch aus der \u00c4ra der Revolution\u00e4re stammte, zur Anwendung kommt.<\/p>\n<p>In den letzten Jahren wurde diese Kultmarke von dem Unternehmen Georgetown Trading Co. (dessen Familientradition im Whiskeyhandel ebenfalls auf die Zeit der Amerikanischen Revolution zur\u00fcckgeht) \u00fcbernommen, das es sich zur Aufgabe gemacht hat, sie in angemessener Weise neu auf dem Markt zu lancieren. Es wurden umfangreiche historische Recherchen durchgef\u00fchrt und Jahre daf\u00fcr aufgewendet, volle Flaschen des wunderbar erhaltenen Originalwhiskeys von James E. Pepper aus der Zeit vor, w\u00e4hrend und nach der Prohibition zu sammeln und zu analysieren. Die Georgetown Trading Co. erwarb sogar ein eigenh\u00e4ndig von James E. Pepper verfasstes Schreiben aus dem Jahr 1887, in welchem seine Produktionsmethoden und die genaue Maischezusammensetzung aufgef\u00fchrt ist. Unter Bezugnahme auf dieses Material begann das Unternehmen damit, einige neue James E. Pepper Whiskeysorten zu destillieren und sorgf\u00e4ltig Reifungsf\u00e4sser aus ausgew\u00e4hlten Destillerien mit \u00e4hnlicher Maischezusammensetzung und \u00e4hnlichen Geschmacksprofilen auszuw\u00e4hlen, die dem &#8222;Old Style&#8220; des Originalwhiskeys von James E. Pepper entsprechen.<\/p>\n<p>Importeur Deutschland: Sierra Madre Trend Food GmbH, Rohrstr. 26, 58093 Hagen, Germany<\/p>\n<p>&nbsp;<\/p>\n","protected":false},"featured_media":31172,"comment_status":"closed","ping_status":"closed","template":"","meta":{"_acf_changed":false},"product_brand":[],"product_cat":[1549,1560],"product_tag":[759],"class_list":{"0":"post-7033","1":"product","2":"type-product","3":"status-publish","4":"has-post-thumbnail","6":"product_cat-whisky","7":"product_cat-amerikanischer-whiskey","8":"product_tag-colonel-james-e-pepper-straight-bourbon-rye-whiskey-amerikanischer-rolf-kaspar-essen-nrw-fachhandel-amerika","10":"first","11":"outofstock","12":"taxable","13":"shipping-taxable","14":"purchasable","15":"product-type-simple"},"acf":[],"_links":{"self":[{"href":"https:\/\/www.kaspar-spirituosen.de\/shop\/wp-json\/wp\/v2\/product\/7033","targetHints":{"allow":["GET"]}}],"collection":[{"href":"https:\/\/www.kaspar-spirituosen.de\/shop\/wp-json\/wp\/v2\/product"}],"about":[{"href":"https:\/\/www.kaspar-spirituosen.de\/shop\/wp-json\/wp\/v2\/types\/product"}],"replies":[{"embeddable":true,"href":"https:\/\/www.kaspar-spirituosen.de\/shop\/wp-json\/wp\/v2\/comments?post=7033"}],"wp:featuredmedia":[{"embeddable":true,"href":"https:\/\/www.kaspar-spirituosen.de\/shop\/wp-json\/wp\/v2\/media\/31172"}],"wp:attachment":[{"href":"https:\/\/www.kaspar-spirituosen.de\/shop\/wp-json\/wp\/v2\/media?parent=7033"}],"wp:term":[{"taxonomy":"product_brand","embeddable":true,"href":"https:\/\/www.kaspar-spirituosen.de\/shop\/wp-json\/wp\/v2\/product_brand?post=7033"},{"taxonomy":"product_cat","embeddable":true,"href":"https:\/\/www.kaspar-spirituosen.de\/shop\/wp-json\/wp\/v2\/product_cat?post=7033"},{"taxonomy":"product_tag","embeddable":true,"href":"https:\/\/www.kaspar-spirituosen.de\/shop\/wp-json\/wp\/v2\/product_tag?post=7033"}],"curies":[{"name":"wp","href":"https:\/\/api.w.org\/{rel}","templated":true}]}}