{"id":7039,"date":"2025-05-05T16:48:32","date_gmt":"2025-05-05T14:48:32","guid":{"rendered":"https:\/\/www.kaspar-spirituosen.de\/shop\/produkt\/knob-creek-50-07-lt\/"},"modified":"2025-10-24T16:19:56","modified_gmt":"2025-10-24T14:19:56","slug":"knob-creek-50-07-lt","status":"publish","type":"product","link":"https:\/\/www.kaspar-spirituosen.de\/shop\/produkt\/knob-creek-50-07-lt\/","title":{"rendered":"Knob Creek 50 %, 0,7 lt."},"content":{"rendered":"","protected":false},"excerpt":{"rendered":"<p>Dieser exklusive Bourbon ist nach dem Ort benannt, an dem Abraham Lincoln seine Kindheit verbrachte. Knob Creek besticht durch sein intensives Aroma und verstr\u00f6mt einen angenehmen Duft von ger\u00f6steten Erdn\u00fcssen, Eiche und Korn.<\/p>\n<p><span class=\"rot bold\">Farbe:<\/span> Kupfer- bis Bernsteinton<br \/>\n<span class=\"rot bold\">Duft:<\/span> ger\u00f6stete Erdn\u00fcsse, Eiche, Korn<br \/>\n<span class=\"rot bold\">Geschmack:<\/span> Holznoten, vollmundig, leicht fruchtig<br \/>\n<span class=\"rot bold\">Abgang:<\/span> lang, intensiv<\/p>\n<p>Alkoholgehalt 50% vol.<\/p>\n<p>Importeur:<br \/>\nBeam Deutschland GmbH<br \/>\nUnterschweinstiege 2-14<br \/>\n60549 Frankfurt am Main<br \/>\n069 &#8211; 430 530 0<br \/>\ninfo.de@beamsuntory.com<\/p>\n","protected":false},"featured_media":31173,"comment_status":"closed","ping_status":"closed","template":"","meta":{"_acf_changed":false},"product_brand":[],"product_cat":[1549,1560],"product_tag":[765,769,770,771,773,772,762,764,766,763,730,767,768],"class_list":{"0":"post-7039","1":"product","2":"type-product","3":"status-publish","4":"has-post-thumbnail","6":"product_cat-whisky","7":"product_cat-amerikanischer-whiskey","8":"product_tag-bestellen","9":"product_tag-brennereien","10":"product_tag-buecher","11":"product_tag-destillerien","12":"product_tag-distilleries","13":"product_tag-distillery","14":"product_tag-knob-creek-bourbon-kentucky-whiskey-straight-rolf-kaspar-essen-nrw-fachhandel-raritaeten","15":"product_tag-shop","16":"product_tag-spirituosen","17":"product_tag-versand","18":"product_tag-whiskey","19":"product_tag-whiskeyverkauf","20":"product_tag-whiskeyversand","22":"first","23":"instock","24":"taxable","25":"shipping-taxable","26":"purchasable","27":"product-type-simple"},"acf":[],"_links":{"self":[{"href":"https:\/\/www.kaspar-spirituosen.de\/shop\/wp-json\/wp\/v2\/product\/7039","targetHints":{"allow":["GET"]}}],"collection":[{"href":"https:\/\/www.kaspar-spirituosen.de\/shop\/wp-json\/wp\/v2\/product"}],"about":[{"href":"https:\/\/www.kaspar-spirituosen.de\/shop\/wp-json\/wp\/v2\/types\/product"}],"replies":[{"embeddable":true,"href":"https:\/\/www.kaspar-spirituosen.de\/shop\/wp-json\/wp\/v2\/comments?post=7039"}],"wp:featuredmedia":[{"embeddable":true,"href":"https:\/\/www.kaspar-spirituosen.de\/shop\/wp-json\/wp\/v2\/media\/31173"}],"wp:attachment":[{"href":"https:\/\/www.kaspar-spirituosen.de\/shop\/wp-json\/wp\/v2\/media?parent=7039"}],"wp:term":[{"taxonomy":"product_brand","embeddable":true,"href":"https:\/\/www.kaspar-spirituosen.de\/shop\/wp-json\/wp\/v2\/product_brand?post=7039"},{"taxonomy":"product_cat","embeddable":true,"href":"https:\/\/www.kaspar-spirituosen.de\/shop\/wp-json\/wp\/v2\/product_cat?post=7039"},{"taxonomy":"product_tag","embeddable":true,"href":"https:\/\/www.kaspar-spirituosen.de\/shop\/wp-json\/wp\/v2\/product_tag?post=7039"}],"curies":[{"name":"wp","href":"https:\/\/api.w.org\/{rel}","templated":true}]}}