{"id":7049,"date":"2025-05-05T16:48:32","date_gmt":"2025-05-05T14:48:32","guid":{"rendered":"https:\/\/www.kaspar-spirituosen.de\/shop\/produkt\/st-kilian-distillers-single-malt-whisky-peated-rich-smoke-46-07-lt\/"},"modified":"2025-10-24T16:19:58","modified_gmt":"2025-10-24T14:19:58","slug":"st-kilian-distillers-single-malt-whisky-peated-rich-smoke-46-07-lt","status":"publish","type":"product","link":"https:\/\/www.kaspar-spirituosen.de\/shop\/produkt\/st-kilian-distillers-single-malt-whisky-peated-rich-smoke-46-07-lt\/","title":{"rendered":"St. Kilian Distillers Single Malt Whisky, Peated, &#8222;Rich &#038; Smoke&#8220;, 46 %, 0,7 lt."},"content":{"rendered":"","protected":false},"excerpt":{"rendered":"<p>St. Kilian Single Malt, &#8222;Rich &amp; Smoky&#8220;, Peated, 46 % vol. Alkohol, 0,7 L (Malt Whisky von Deutschlands einziger Brennerei, die schottische Brennblasen verwendet) !<\/p>\n<p>F\u00fcr die rauchige Version \u201eSt. Kilian Peated \u2013 rich &amp; smoky\u201c kam stark getorftes (\u201eheavily peated\u201c) Gerstenmalz aus den schottischen Highlands mit einem Phenol-Gehalt von 54 ppm zum Einsatz. Der Single Malt Whisky setzt sich mit 70 % aus verschiedenen ex Bourbon F\u00e4ssern und 30 % aus Pedro Xim\u00e9nez und Oloroso Sherryf\u00e4ssern zusammen. Das Resultat ist ein Single Malt, der eine reiche Intensit\u00e4t von gegrillten Aprikosen, cremigem Toffee und subtiler Eichenw\u00fcrze aufweist, umh\u00fcllt von w\u00e4rmendem Torfrauch.<br \/>\nQuelle : St. Kilian Distillers<\/p>\n<p>Single Malt Whisky<br \/>\nAbgef\u00fcllt mit 46 % vol<br \/>\nZweifach destilliert in unseren echten schottischen Pot-Still-Brennblasen &amp; hergestellt aus 100% reinem Gerstenmalz<br \/>\nIkonische 0,7l Pot-Still-Flasche<\/p>\n<p>St. Kilian Distillers GmbH<br \/>\nMario Rudolf<br \/>\nHauptstr. 1-5<br \/>\n63924 R\u00fcdenau<br \/>\n+49 9371 40712-0<br \/>\ninfo@stkiliandistillers.com<br \/>\nhttp:\/\/www.stkiliandistillers.com<br \/>\nDeutschland<\/p>\n","protected":false},"featured_media":31176,"comment_status":"closed","ping_status":"closed","template":"","meta":{"_acf_changed":false},"product_brand":[],"product_cat":[1549,1562],"product_tag":[793,359,787,791,788,780,578,792,577,790,781,789],"class_list":{"0":"post-7049","1":"product","2":"type-product","3":"status-publish","4":"has-post-thumbnail","6":"product_cat-whisky","7":"product_cat-whisky-aus-japan-taiwan-deutschland-frankreich","8":"product_tag-793","9":"product_tag-essen","10":"product_tag-fachhande","11":"product_tag-franken","12":"product_tag-l-single-malt-whisky","13":"product_tag-malt","14":"product_tag-nrw","15":"product_tag-rich-smoky","16":"product_tag-rolf-kaspar","17":"product_tag-ruedenau","18":"product_tag-single","19":"product_tag-st-kilian","21":"first","22":"instock","23":"taxable","24":"shipping-taxable","25":"purchasable","26":"product-type-simple"},"acf":[],"_links":{"self":[{"href":"https:\/\/www.kaspar-spirituosen.de\/shop\/wp-json\/wp\/v2\/product\/7049","targetHints":{"allow":["GET"]}}],"collection":[{"href":"https:\/\/www.kaspar-spirituosen.de\/shop\/wp-json\/wp\/v2\/product"}],"about":[{"href":"https:\/\/www.kaspar-spirituosen.de\/shop\/wp-json\/wp\/v2\/types\/product"}],"replies":[{"embeddable":true,"href":"https:\/\/www.kaspar-spirituosen.de\/shop\/wp-json\/wp\/v2\/comments?post=7049"}],"wp:featuredmedia":[{"embeddable":true,"href":"https:\/\/www.kaspar-spirituosen.de\/shop\/wp-json\/wp\/v2\/media\/31176"}],"wp:attachment":[{"href":"https:\/\/www.kaspar-spirituosen.de\/shop\/wp-json\/wp\/v2\/media?parent=7049"}],"wp:term":[{"taxonomy":"product_brand","embeddable":true,"href":"https:\/\/www.kaspar-spirituosen.de\/shop\/wp-json\/wp\/v2\/product_brand?post=7049"},{"taxonomy":"product_cat","embeddable":true,"href":"https:\/\/www.kaspar-spirituosen.de\/shop\/wp-json\/wp\/v2\/product_cat?post=7049"},{"taxonomy":"product_tag","embeddable":true,"href":"https:\/\/www.kaspar-spirituosen.de\/shop\/wp-json\/wp\/v2\/product_tag?post=7049"}],"curies":[{"name":"wp","href":"https:\/\/api.w.org\/{rel}","templated":true}]}}