{"id":7063,"date":"2025-05-05T16:48:32","date_gmt":"2025-05-05T14:48:32","guid":{"rendered":"https:\/\/www.kaspar-spirituosen.de\/shop\/produkt\/ziegler-sauerkirsch-sondercuvee-07-lt\/"},"modified":"2026-01-23T13:08:31","modified_gmt":"2026-01-23T12:08:31","slug":"ziegler-sauerkirsch-sondercuvee-07-lt","status":"publish","type":"product","link":"https:\/\/www.kaspar-spirituosen.de\/shop\/produkt\/ziegler-sauerkirsch-sondercuvee-07-lt\/","title":{"rendered":"Ziegler Sauerkirsch Sondercuv\u00e9e 0,7 lt."},"content":{"rendered":"","protected":false},"excerpt":{"rendered":"<p>Diese einzigartige Cuv\u00e9e von Sauerkirschen zeigt diese Kirschart in Ihrem sch\u00f6nsten Ausdruck. Von reicher Struktur und fruchtiger Frische pr\u00e4sentiert sie sich mit geschmeidiger Kraft und W\u00fcrze. Rund um den Gaumen schmeichelnd, stillt sie das Verlangen nach exquisitem Fruchterlebnis. Mit edlem Etikett und Verschluss aus Zinn und Messing pr\u00e4sentiert sich die unverwechselbare, kobaltblaue Ziegler-Flasche in perfekter Harmonie von Eleganz und modernem Lebensgeist.<\/p>\n<p>Alkoholgehalt: 43% vol.<\/p>\n<p><strong><span style=\"color: #cc0000\">&#8212; Versandkostenfrei &#8212;<\/span><\/strong><\/p>\n<p>Gebr\u00fcder Josef und Matth\u00e4us Ziegler Gesellschaft mit beschr\u00e4nkter Haftung<br \/>\nGesch\u00e4ftsf\u00fchrer: Alain Langlois, Ralf Henseleit, Stefan Weis<br \/>\nHauptstra\u00dfe 26<br \/>\n97896 Freudenberg<br \/>\nTelefon: 0 93 75 \/ 92 88-0<br \/>\ninfo@brennerei-ziegler.de<\/p>\n<p>&nbsp;<\/p>\n","protected":false},"featured_media":31181,"comment_status":"closed","ping_status":"closed","template":"","meta":{"_acf_changed":false},"product_brand":[],"product_cat":[1574,1578],"product_tag":[802],"class_list":{"0":"post-7063","1":"product","2":"type-product","3":"status-publish","4":"has-post-thumbnail","6":"product_cat-obstbraende","7":"product_cat-weitere-deutsche-brennereien","8":"product_tag-sauerkirsch-kirsch-ziegler-sonder-cuvee-cuvee-freudenberg-edelbrand-brand-rolf-kaspar-essen-nrw","10":"first","11":"outofstock","12":"taxable","13":"shipping-taxable","14":"purchasable","15":"product-type-simple"},"acf":[],"_links":{"self":[{"href":"https:\/\/www.kaspar-spirituosen.de\/shop\/wp-json\/wp\/v2\/product\/7063","targetHints":{"allow":["GET"]}}],"collection":[{"href":"https:\/\/www.kaspar-spirituosen.de\/shop\/wp-json\/wp\/v2\/product"}],"about":[{"href":"https:\/\/www.kaspar-spirituosen.de\/shop\/wp-json\/wp\/v2\/types\/product"}],"replies":[{"embeddable":true,"href":"https:\/\/www.kaspar-spirituosen.de\/shop\/wp-json\/wp\/v2\/comments?post=7063"}],"wp:featuredmedia":[{"embeddable":true,"href":"https:\/\/www.kaspar-spirituosen.de\/shop\/wp-json\/wp\/v2\/media\/31181"}],"wp:attachment":[{"href":"https:\/\/www.kaspar-spirituosen.de\/shop\/wp-json\/wp\/v2\/media?parent=7063"}],"wp:term":[{"taxonomy":"product_brand","embeddable":true,"href":"https:\/\/www.kaspar-spirituosen.de\/shop\/wp-json\/wp\/v2\/product_brand?post=7063"},{"taxonomy":"product_cat","embeddable":true,"href":"https:\/\/www.kaspar-spirituosen.de\/shop\/wp-json\/wp\/v2\/product_cat?post=7063"},{"taxonomy":"product_tag","embeddable":true,"href":"https:\/\/www.kaspar-spirituosen.de\/shop\/wp-json\/wp\/v2\/product_tag?post=7063"}],"curies":[{"name":"wp","href":"https:\/\/api.w.org\/{rel}","templated":true}]}}