{"id":7093,"date":"2025-05-05T16:48:45","date_gmt":"2025-05-05T14:48:45","guid":{"rendered":"https:\/\/www.kaspar-spirituosen.de\/shop\/produkt\/grappa-berta-roccanivo2016-in-holzkiste-07-lt\/"},"modified":"2025-10-24T16:19:49","modified_gmt":"2025-10-24T14:19:49","slug":"grappa-berta-roccanivo2016-in-holzkiste-07-lt","status":"publish","type":"product","link":"https:\/\/www.kaspar-spirituosen.de\/shop\/produkt\/grappa-berta-roccanivo2016-in-holzkiste-07-lt\/","title":{"rendered":"Grappa Berta Roccanivo,2016, in Holzkiste 0,7 lt"},"content":{"rendered":"","protected":false},"excerpt":{"rendered":"<p>In Nizza Monferrato, einer kleinen Ortschaft im Piemont, wird seit 1947 Grappa gebrannt. Wie bei jedem anderen Brand kann auch ein Grappa nur dann gut sein, wenn der Rohstoff von guter Qualit\u00e4t ist. Die Heimat der Gebr\u00fcder Berta hat in dem Punkt viel zu geben. Der frische, saftige Trester wird von den namhaftesten Winzern des Landes bezogen, diskontinuierlich destilliert und dann in Stahl oder in kleinen, mittelstark ger\u00f6steten Barriques ausgebaut. Stilistik des Hauses: besonders fruchtig!<\/p>\n<p>Absoluter H\u00f6hepunkte des Angebotes sind die Crus. In h\u00fcbschen gro\u00dfen Glasflakons abgef\u00fcllt, mit einem Jahrgang versehen und von unheimlich wirkender Komplexit\u00e4t. H\u00f6hepunkte eines unvergessenen Abends zu Tisch oder unter Freunden. Das ist wohl der Grund daf\u00fcr, dass diese Elixiere schon l\u00e4ngst ihren festen Platz in der Spitzengastronomie gefunden haben. Lassen Sie sich berauschen!<\/p>\n<p><span style=\"text-decoration: underline;\"><b>Roccanivo<\/b> (aus der Barbera-Traube):<\/span><br \/>\nDestillationssystem: Diskontinuierlich in kleinen Kupfer-Dampfkesseln<br \/>\nAlterung: In Barriques<br \/>\nGeruch: Komplex und vielschichtig, einmalig im Zusammenspiel aus Fruchtaromatik und Reife.<br \/>\nGeschmack: Reife Kirschen, Vollmilchschokolade und Vanille. Fein und doch sehr gehaltvoll<\/p>\n<p><em style=\"font-size: 16px; font-family: Arial, Verdana, Helvetica;\"><span style=\"font-size: 16px; color: red;\">Die Abbildung ist \u00e4hnlich und zeigt nicht den verf\u00fcgbaren Jahrgang. Bitte kontaktieren Sie uns vor einer Bestellung, damit wir Ihnen den aktuellen Jahrgang mitteilen k\u00f6nnen, falls dieser f\u00fcr Sie relevant ist.\u00a0<\/span><\/em><\/p>\n<p><b><span style=\"color: #cc0000;\">&#8212; Versandkostenfrei &#8212;<\/span><\/b><\/p>\n<p>Alkoholgehalt 43 % vol.<br \/>\nGrappa<br \/>\nDistillerie Berta S.r.l., Via Guasti, 34\/36 &#8211; Frazione Casalotto &#8211; 14046 &#8211; Mombaruzzo, Italien<\/p>\n","protected":false},"featured_media":31193,"comment_status":"closed","ping_status":"closed","template":"","meta":{"_acf_changed":false},"product_brand":[],"product_cat":[1580,1583],"product_tag":[808],"class_list":{"0":"post-7093","1":"product","2":"type-product","3":"status-publish","4":"has-post-thumbnail","6":"product_cat-grappa","7":"product_cat-distilleria-berta","8":"product_tag-roccanivo-barbera-berta-grappa-distilleria-piemont-barrique-italien","10":"first","11":"instock","12":"taxable","13":"shipping-taxable","14":"purchasable","15":"product-type-simple"},"acf":[],"_links":{"self":[{"href":"https:\/\/www.kaspar-spirituosen.de\/shop\/wp-json\/wp\/v2\/product\/7093","targetHints":{"allow":["GET"]}}],"collection":[{"href":"https:\/\/www.kaspar-spirituosen.de\/shop\/wp-json\/wp\/v2\/product"}],"about":[{"href":"https:\/\/www.kaspar-spirituosen.de\/shop\/wp-json\/wp\/v2\/types\/product"}],"replies":[{"embeddable":true,"href":"https:\/\/www.kaspar-spirituosen.de\/shop\/wp-json\/wp\/v2\/comments?post=7093"}],"wp:featuredmedia":[{"embeddable":true,"href":"https:\/\/www.kaspar-spirituosen.de\/shop\/wp-json\/wp\/v2\/media\/31193"}],"wp:attachment":[{"href":"https:\/\/www.kaspar-spirituosen.de\/shop\/wp-json\/wp\/v2\/media?parent=7093"}],"wp:term":[{"taxonomy":"product_brand","embeddable":true,"href":"https:\/\/www.kaspar-spirituosen.de\/shop\/wp-json\/wp\/v2\/product_brand?post=7093"},{"taxonomy":"product_cat","embeddable":true,"href":"https:\/\/www.kaspar-spirituosen.de\/shop\/wp-json\/wp\/v2\/product_cat?post=7093"},{"taxonomy":"product_tag","embeddable":true,"href":"https:\/\/www.kaspar-spirituosen.de\/shop\/wp-json\/wp\/v2\/product_tag?post=7093"}],"curies":[{"name":"wp","href":"https:\/\/api.w.org\/{rel}","templated":true}]}}