{"id":7105,"date":"2025-05-05T16:48:57","date_gmt":"2025-05-05T14:48:57","guid":{"rendered":"https:\/\/www.kaspar-spirituosen.de\/shop\/produkt\/grappa-berta-paolo-berta-riserva-07-lt-2001\/"},"modified":"2025-10-24T16:18:55","modified_gmt":"2025-10-24T14:18:55","slug":"grappa-berta-paolo-berta-riserva-07-lt-2001","status":"publish","type":"product","link":"https:\/\/www.kaspar-spirituosen.de\/shop\/produkt\/grappa-berta-paolo-berta-riserva-07-lt-2001\/","title":{"rendered":"Grappa Berta Paolo Berta Riserva 0,7 lt, 2001"},"content":{"rendered":"","protected":false},"excerpt":{"rendered":"<p>Verwendete Trester: Nebbiolo- und Barbera-Trauben aus der Region<br \/>\nDestillationssystem: Diskontinuierlich in kleinen Kupfer-Dampfkesseln<br \/>\nAlterung: In Barriques<br \/>\nDuft:\u00a0 Sehr komplexer Duft: Schwarze Kirschen, Kakao, Tabak, edle Gew\u00fcrze<\/p>\n<p>Gaumen: Reif, gro\u00df und markant, w\u00fcrzig, und edel. WOW!<\/p>\n<p><em style=\"font-size: 16px; font-family: Arial, Verdana, Helvetica;\"><span style=\"font-size: 16px; color: red;\">Die Abbildung ist \u00e4hnlich und zeigt nicht den verf\u00fcgbaren Jahrgang. Bitte kontaktieren Sie uns vor einer Bestellung, damit wir Ihnen den aktuellen Jahrgang mitteilen k\u00f6nnen, falls dieser f\u00fcr Sie relevant ist.\u00a0<\/span><\/em><\/p>\n<p><b><span style=\"color: #cc0000;\">&#8212; Versandkostenfrei &#8212;<\/span><\/b><\/p>\n<p>Alkoholgehalt 43%vol.<br \/>\nGrappa<br \/>\nDistillerie Berta S.r.l., Via Guasti, 34\/36 &#8211; Frazione Casalotto &#8211; 14046 &#8211; Mombaruzzo, Italien<\/p>\n","protected":false},"featured_media":31197,"comment_status":"closed","ping_status":"closed","template":"","meta":{"_acf_changed":false},"product_brand":[],"product_cat":[1580,1583],"product_tag":[821],"class_list":{"0":"post-7105","1":"product","2":"type-product","3":"status-publish","4":"has-post-thumbnail","6":"product_cat-grappa","7":"product_cat-distilleria-berta","8":"product_tag-riserva-del-fondatore-paolo-berta-grappa-distilleria-piemont-barrique-italien","10":"first","11":"outofstock","12":"taxable","13":"shipping-taxable","14":"purchasable","15":"product-type-simple"},"acf":[],"_links":{"self":[{"href":"https:\/\/www.kaspar-spirituosen.de\/shop\/wp-json\/wp\/v2\/product\/7105","targetHints":{"allow":["GET"]}}],"collection":[{"href":"https:\/\/www.kaspar-spirituosen.de\/shop\/wp-json\/wp\/v2\/product"}],"about":[{"href":"https:\/\/www.kaspar-spirituosen.de\/shop\/wp-json\/wp\/v2\/types\/product"}],"replies":[{"embeddable":true,"href":"https:\/\/www.kaspar-spirituosen.de\/shop\/wp-json\/wp\/v2\/comments?post=7105"}],"wp:featuredmedia":[{"embeddable":true,"href":"https:\/\/www.kaspar-spirituosen.de\/shop\/wp-json\/wp\/v2\/media\/31197"}],"wp:attachment":[{"href":"https:\/\/www.kaspar-spirituosen.de\/shop\/wp-json\/wp\/v2\/media?parent=7105"}],"wp:term":[{"taxonomy":"product_brand","embeddable":true,"href":"https:\/\/www.kaspar-spirituosen.de\/shop\/wp-json\/wp\/v2\/product_brand?post=7105"},{"taxonomy":"product_cat","embeddable":true,"href":"https:\/\/www.kaspar-spirituosen.de\/shop\/wp-json\/wp\/v2\/product_cat?post=7105"},{"taxonomy":"product_tag","embeddable":true,"href":"https:\/\/www.kaspar-spirituosen.de\/shop\/wp-json\/wp\/v2\/product_tag?post=7105"}],"curies":[{"name":"wp","href":"https:\/\/api.w.org\/{rel}","templated":true}]}}