{"id":7109,"date":"2025-05-05T16:48:57","date_gmt":"2025-05-05T14:48:57","guid":{"rendered":"https:\/\/www.kaspar-spirituosen.de\/shop\/produkt\/grappa-berta-castelleto-dellannunziata-riserva-07-lt-in-holzkiste\/"},"modified":"2025-10-24T16:18:56","modified_gmt":"2025-10-24T14:18:56","slug":"grappa-berta-castelleto-dellannunziata-riserva-07-lt-in-holzkiste","status":"publish","type":"product","link":"https:\/\/www.kaspar-spirituosen.de\/shop\/produkt\/grappa-berta-castelleto-dellannunziata-riserva-07-lt-in-holzkiste\/","title":{"rendered":"Grappa Berta Castelleto dell\u00b4Annunziata Riserva 0,7 lt, in Holzkiste !"},"content":{"rendered":"","protected":false},"excerpt":{"rendered":"<p>Verwendete Trester: Nebbiolo-, Barbera- und Moscato-Trauben aus der Region<br \/>\nDestillationssystem: Diskontinuierlich in kleinen Kupfer-Dampfkesseln<br \/>\nAlterung: In 100 Liter-F\u00e4ssern f\u00fcr 5 Jahre !<br \/>\nDuft:\u00a0 In der Nase komplex, einh\u00fcllend, charaktervoll. Einmaliges &#8222;Konzert&#8220; von Fr\u00fcchten, Kirsche, Tabak, Kakao, Vanille und Orangenbl\u00fcte !<\/p>\n<p>Gaumen: Reif, gross, w\u00fcrzig und edel. Ein absoluter Genuss !<\/p>\n<p><b><span style=\"color: #cc0000;\">&#8212; Versandkostenfrei &#8212;<\/span><\/b><\/p>\n<p>Alkoholgehalt 43%vol.<br \/>\nGrappa<br \/>\nDistillerie Berta S.r.l., Via Guasti, 34\/36 &#8211; Frazione Casalotto &#8211; 14046 &#8211; Mombaruzzo, Italien<\/p>\n","protected":false},"featured_media":31199,"comment_status":"closed","ping_status":"closed","template":"","meta":{"_acf_changed":false},"product_brand":[],"product_cat":[1580,1583],"product_tag":[821],"class_list":{"0":"post-7109","1":"product","2":"type-product","3":"status-publish","4":"has-post-thumbnail","6":"product_cat-grappa","7":"product_cat-distilleria-berta","8":"product_tag-riserva-del-fondatore-paolo-berta-grappa-distilleria-piemont-barrique-italien","10":"first","11":"instock","12":"taxable","13":"shipping-taxable","14":"purchasable","15":"product-type-simple"},"acf":[],"_links":{"self":[{"href":"https:\/\/www.kaspar-spirituosen.de\/shop\/wp-json\/wp\/v2\/product\/7109","targetHints":{"allow":["GET"]}}],"collection":[{"href":"https:\/\/www.kaspar-spirituosen.de\/shop\/wp-json\/wp\/v2\/product"}],"about":[{"href":"https:\/\/www.kaspar-spirituosen.de\/shop\/wp-json\/wp\/v2\/types\/product"}],"replies":[{"embeddable":true,"href":"https:\/\/www.kaspar-spirituosen.de\/shop\/wp-json\/wp\/v2\/comments?post=7109"}],"wp:featuredmedia":[{"embeddable":true,"href":"https:\/\/www.kaspar-spirituosen.de\/shop\/wp-json\/wp\/v2\/media\/31199"}],"wp:attachment":[{"href":"https:\/\/www.kaspar-spirituosen.de\/shop\/wp-json\/wp\/v2\/media?parent=7109"}],"wp:term":[{"taxonomy":"product_brand","embeddable":true,"href":"https:\/\/www.kaspar-spirituosen.de\/shop\/wp-json\/wp\/v2\/product_brand?post=7109"},{"taxonomy":"product_cat","embeddable":true,"href":"https:\/\/www.kaspar-spirituosen.de\/shop\/wp-json\/wp\/v2\/product_cat?post=7109"},{"taxonomy":"product_tag","embeddable":true,"href":"https:\/\/www.kaspar-spirituosen.de\/shop\/wp-json\/wp\/v2\/product_tag?post=7109"}],"curies":[{"name":"wp","href":"https:\/\/api.w.org\/{rel}","templated":true}]}}