{"id":7116,"date":"2025-05-05T16:48:57","date_gmt":"2025-05-05T14:48:57","guid":{"rendered":"https:\/\/www.kaspar-spirituosen.de\/shop\/produkt\/grappa-bertagnolli-di-teroldego-07-lt\/"},"modified":"2025-10-24T16:18:57","modified_gmt":"2025-10-24T14:18:57","slug":"grappa-bertagnolli-di-teroldego-07-lt","status":"publish","type":"product","link":"https:\/\/www.kaspar-spirituosen.de\/shop\/produkt\/grappa-bertagnolli-di-teroldego-07-lt\/","title":{"rendered":"Grappa Bertagnolli di Teroldego 0,7 lt"},"content":{"rendered":"","protected":false},"excerpt":{"rendered":"<p>&#8230;der rosinig-pfeffrige! Oh, welch gelungene Abwechslung &#8230; Im Gegensatz zu den eher f\u00fclligen und fruchtbetonten Destillaten der Berta-Br\u00fcder hier eine traditionelle und doch modern interpretierte Variante des italienischen Klassikers. Elegant, fein, grazil und erstaunlich ausdrucksstark, so w\u00fcrden wir die Grappa der zweit\u00e4ltesten Destillerie Italiens bezeichnen. Mitten im Trentino, umgeben von sanften H\u00fcgeln und von dem freien Lauf der Fl\u00fcsse abgerungenen Ebenen, liegt der Ort Mezzocorona. Das Trentino ist die Heimat von vielen einheimischen Sorten, mit denen die Bertagnollis bevorzugt arbeiten. Hier wurde im Jahre 1847 zum ersten Male die geistvolle Welt des Grappas, mit all seinen Aromen und Eigenschaften, gezeichnet. Seit jeher wird Tradition gro\u00df geschrieben, in der dennoch Neuerungen und Innovationen Platz finden. Als erster Betrieb in Europa arbeiteten sie mit dem diskontinuierlichen System \u201eim Heizbad\u201c und zeichnen verantwortlich f\u00fcr viele technische Entwicklungen an diesem System.<\/p>\n<p>Alkoholgehalt 40%vol.<br \/>\nGrappa<br \/>\nDistilleria Bertagnolli S.r.l., Via del Teroldego, 11\/13, 38016 Mezzocorona TN, Italien<\/p>\n","protected":false},"featured_media":31202,"comment_status":"closed","ping_status":"closed","template":"","meta":{"_acf_changed":false},"product_brand":[],"product_cat":[1580,1581],"product_tag":[827],"class_list":{"0":"post-7116","1":"product","2":"type-product","3":"status-publish","4":"has-post-thumbnail","6":"product_cat-grappa","7":"product_cat-distilleria-bertagnolli","8":"product_tag-teroldego-bertagnolli-grappa-distilleria-trentino-rolf-kaspar-essen-nrw-fachhandel-barrique-italien","10":"first","11":"outofstock","12":"taxable","13":"shipping-taxable","14":"purchasable","15":"product-type-simple"},"acf":[],"_links":{"self":[{"href":"https:\/\/www.kaspar-spirituosen.de\/shop\/wp-json\/wp\/v2\/product\/7116","targetHints":{"allow":["GET"]}}],"collection":[{"href":"https:\/\/www.kaspar-spirituosen.de\/shop\/wp-json\/wp\/v2\/product"}],"about":[{"href":"https:\/\/www.kaspar-spirituosen.de\/shop\/wp-json\/wp\/v2\/types\/product"}],"replies":[{"embeddable":true,"href":"https:\/\/www.kaspar-spirituosen.de\/shop\/wp-json\/wp\/v2\/comments?post=7116"}],"wp:featuredmedia":[{"embeddable":true,"href":"https:\/\/www.kaspar-spirituosen.de\/shop\/wp-json\/wp\/v2\/media\/31202"}],"wp:attachment":[{"href":"https:\/\/www.kaspar-spirituosen.de\/shop\/wp-json\/wp\/v2\/media?parent=7116"}],"wp:term":[{"taxonomy":"product_brand","embeddable":true,"href":"https:\/\/www.kaspar-spirituosen.de\/shop\/wp-json\/wp\/v2\/product_brand?post=7116"},{"taxonomy":"product_cat","embeddable":true,"href":"https:\/\/www.kaspar-spirituosen.de\/shop\/wp-json\/wp\/v2\/product_cat?post=7116"},{"taxonomy":"product_tag","embeddable":true,"href":"https:\/\/www.kaspar-spirituosen.de\/shop\/wp-json\/wp\/v2\/product_tag?post=7116"}],"curies":[{"name":"wp","href":"https:\/\/api.w.org\/{rel}","templated":true}]}}