{"id":7127,"date":"2025-05-05T16:48:57","date_gmt":"2025-05-05T14:48:57","guid":{"rendered":"https:\/\/www.kaspar-spirituosen.de\/shop\/produkt\/grappa-rossi-dangera-ambrata-07-lt\/"},"modified":"2025-10-24T16:18:59","modified_gmt":"2025-10-24T14:18:59","slug":"grappa-rossi-dangera-ambrata-07-lt","status":"publish","type":"product","link":"https:\/\/www.kaspar-spirituosen.de\/shop\/produkt\/grappa-rossi-dangera-ambrata-07-lt\/","title":{"rendered":"Grappa Rossi d&#8217;Angera Ambrata 0,7 lt."},"content":{"rendered":"<div style=\"font-size: 18px; font-family: Arial, Verdana, Helvetica;\">\n<p style=\"font-size: 18px;\">Der lange Verbleib in verschieden gro\u00dfen Holzf\u00e4ssern schenkt diesem Brand, der aus der Assemblage dreier, f\u00fcr das italienische Ufer des Lago Maggiore ganz typischer Rebsorten erlangt wurde, sein perfektes Gleichgewicht.<\/p>\n<h5>Rohstoffe<\/h5>\n<p style=\"font-size: 18px;\"><i>Reiner Trester aus Barbera, Dolcetto und Nebbiolo Trauben.<\/i><\/p>\n<h5>Herstellungstechnik<\/h5>\n<p style=\"font-size: 18px;\"><i>Destillation von Trester aus Barbera, Dolcetto und Nebbiolo Trauben im diskontinuierlichen Brennkolben, Kupferkessel mit Dampfdurchlauf.<\/i><\/p>\n<h5>Lagerung<\/h5>\n<p style=\"font-size: 18px;\"><i>Das \u201cHerz\u201d des Destillats ruht in den F\u00e4ssern aus verschiedenen Holzarten und Herkunftsgegenden so lange, bis sein perfektes Gleichgewicht erreicht ist.<\/i><\/p>\n<h5>Alkoholgehalt<\/h5>\n<p style=\"font-size: 18px;\"><i>Vol 41%<\/i><\/p>\n<\/div>\n<p style=\"font-size: 18px; font-family: Arial, Verdana, Helvetica;\">Die Verm\u00e4hlung der Barbera-, Dolcetto- und Nebbiolotrestern wurde \u00fcber 18 Monate in slawonischen Eichenf\u00e4ssern ausgebaut. Voller und lang anhaltender Duft. Pr\u00e4zise Ausarbeitung der Aromen vom Holzfa\u00dfausbaues. Am Gaumen weich, rund und im Ausklang dezent w\u00fcrzig.<\/p>\n<p style=\"font-size: 18px; font-family: Arial, Verdana, Helvetica;\">Die Brennerei Rossi d&#8217;Angera wurde im Jahre 1847 in der N\u00e4he des Gardasees gegr\u00fcndet.Seit nun mehr als eineinhalb Jahrhunderten wird in der Familie Rossi von Generation zu Generationen das Wissen und die Tradition um die Herstellung von edlen Grappe und Lik\u00f6ren weitergegeben. Dieser reiche Erfahrungsschatz, die bew\u00e4hrten Rezepte, die immer weiter verfeinerten Herstellungsmethoden und die Qualit\u00e4t und Naturbelassenheit des Ausgangsmaterials f\u00fchren dazu, da\u00df in jeder Flasche Rossi d&#8217;Angera nebst des hervorragenden Geschmackes und der besonders hohen Qualit\u00e4t, stets ein St\u00fcck Geschichte mit eingefangen wird.<\/p>\n<p style=\"font-size: 18px; font-family: Arial, Verdana, Helvetica;\">Grappa f\u00fcr Liebhaber und Bewunderer des guten Geschmacks!<\/p>\n<p style=\"font-size: 18px; font-family: Arial, Verdana, Helvetica;\">Alkoholgehalt 40%vol.<br \/>\nGrappa<br \/>\nRossi d&#8217;Angera Distillatori Srl., Via Puccini 20, 21021 Angera (VA), Lago Maggiore &#8211; Italy<\/p>\n","protected":false},"excerpt":{"rendered":"<div style=\"display: block;\">\n<p>aus der Assemblage dreier, f\u00fcr das italienische Ufer des Lago Maggiore ganz typischer Rebsorten<\/p>\n<\/div>\n","protected":false},"featured_media":31205,"comment_status":"closed","ping_status":"closed","template":"","meta":{"_acf_changed":false},"product_brand":[],"product_cat":[1580,1582],"product_tag":[834],"class_list":{"0":"post-7127","1":"product","2":"type-product","3":"status-publish","4":"has-post-thumbnail","6":"product_cat-grappa","7":"product_cat-distilleria-rossi-dangera","8":"product_tag-grappa-riserva-extra-rossi-angera-lombardei-lombardia-grappa-italien-rolf-kaspar-essen-nrw-ambrata","10":"first","11":"instock","12":"taxable","13":"shipping-taxable","14":"purchasable","15":"product-type-simple"},"acf":[],"_links":{"self":[{"href":"https:\/\/www.kaspar-spirituosen.de\/shop\/wp-json\/wp\/v2\/product\/7127","targetHints":{"allow":["GET"]}}],"collection":[{"href":"https:\/\/www.kaspar-spirituosen.de\/shop\/wp-json\/wp\/v2\/product"}],"about":[{"href":"https:\/\/www.kaspar-spirituosen.de\/shop\/wp-json\/wp\/v2\/types\/product"}],"replies":[{"embeddable":true,"href":"https:\/\/www.kaspar-spirituosen.de\/shop\/wp-json\/wp\/v2\/comments?post=7127"}],"wp:featuredmedia":[{"embeddable":true,"href":"https:\/\/www.kaspar-spirituosen.de\/shop\/wp-json\/wp\/v2\/media\/31205"}],"wp:attachment":[{"href":"https:\/\/www.kaspar-spirituosen.de\/shop\/wp-json\/wp\/v2\/media?parent=7127"}],"wp:term":[{"taxonomy":"product_brand","embeddable":true,"href":"https:\/\/www.kaspar-spirituosen.de\/shop\/wp-json\/wp\/v2\/product_brand?post=7127"},{"taxonomy":"product_cat","embeddable":true,"href":"https:\/\/www.kaspar-spirituosen.de\/shop\/wp-json\/wp\/v2\/product_cat?post=7127"},{"taxonomy":"product_tag","embeddable":true,"href":"https:\/\/www.kaspar-spirituosen.de\/shop\/wp-json\/wp\/v2\/product_tag?post=7127"}],"curies":[{"name":"wp","href":"https:\/\/api.w.org\/{rel}","templated":true}]}}