{"id":7129,"date":"2025-05-05T16:48:57","date_gmt":"2025-05-05T14:48:57","guid":{"rendered":"https:\/\/www.kaspar-spirituosen.de\/shop\/produkt\/grappa-rossi-dangera-trailaghi-nebbiolo-da-barolo-07-lt\/"},"modified":"2025-10-24T16:19:40","modified_gmt":"2025-10-24T14:19:40","slug":"grappa-rossi-dangera-trailaghi-nebbiolo-da-barolo-07-lt","status":"publish","type":"product","link":"https:\/\/www.kaspar-spirituosen.de\/shop\/produkt\/grappa-rossi-dangera-trailaghi-nebbiolo-da-barolo-07-lt\/","title":{"rendered":"Grappa Rossi d&#8217;Angera Trailaghi Nebbiolo Da Barolo 0,7 lt"},"content":{"rendered":"<p style=\"font-size: 18px; font-family: Arial, Verdana, Helvetica;\">Aus dem Nebbiolo-Trester, der von kleinen Winzern einiger Gemeinden der Barolo-Region kommt, entsteht ein Grappa, der sich durch seine raffinierte und verf\u00fchrerische Eigenschaft sowie durch seine komplexe und vornehme Aromastruktur auszeichnet. Der charakteristisch markante Duft der Nebbiolo-Traube, an Mandeln und N\u00fcssen erinnernd, ist tief und reint\u00f6nig. Die Gro\u00dfz\u00fcgigkeit dieses Grappas macht sich auch am Gaumen bemerkbar. Trotz aller Intensit\u00e4t harmonisch, trocken und lang.<\/p>\n<p style=\"font-size: 18px; font-family: Arial, Verdana, Helvetica;\">Die Brennerei Rossi d&#8217;Angera wurde im Jahre 1847 in der N\u00e4he des Gardasees gegr\u00fcndet.Seit nun mehr als eineinhalb Jahrhunderten wird in der Familie Rossi von Generation zu Generationen das Wissen und die Tradition um die Herstellung von edlen Grappe und Lik\u00f6ren weitergegeben. Dieser reiche Erfahrungsschatz, die bew\u00e4hrten Rezepte, die immer weiter verfeinerten Herstellungsmethoden und die Qualit\u00e4t und Naturbelassenheit des Ausgangsmaterials f\u00fchren dazu, da\u00df in jeder Flasche Rossi d&#8217;Angera nebst des hervorragenden Geschmackes und der besonders hohen Qualit\u00e4t, stets ein St\u00fcck Geschichte mit eingefangen wird.<\/p>\n<p style=\"font-size: 18px; font-family: Arial, Verdana, Helvetica;\">Grappa f\u00fcr Liebhaber und Bewunderer des guten Geschmacks!<\/p>\n<p style=\"font-size: 18px; font-family: Arial, Verdana, Helvetica;\">Alkoholgehalt 40%vol.<br \/>\nGrappa<br \/>\nRossi d&#8217;Angera Distillatori Srl., Via Puccini 20, 21021 Angera (VA), Lago Maggiore &#8211; Italy<\/p>\n","protected":false},"excerpt":{"rendered":"<p>Aus Nebbiolo-Trester, der von kleinen Winzern einiger Gemeinden der Barolo-Region kommt<\/p>\n","protected":false},"featured_media":31206,"comment_status":"closed","ping_status":"closed","template":"","meta":{"_acf_changed":false},"product_brand":[],"product_cat":[1580,1582],"product_tag":[835],"class_list":{"0":"post-7129","1":"product","2":"type-product","3":"status-publish","4":"has-post-thumbnail","6":"product_cat-grappa","7":"product_cat-distilleria-rossi-dangera","8":"product_tag-grappa-trailaghi-nebbiolo-da-barolo-rossi-angera-lombardei-lombardia-trester-grappa-italien-rolf-kaspar-essen-nrw","10":"first","11":"instock","12":"taxable","13":"shipping-taxable","14":"purchasable","15":"product-type-simple"},"acf":[],"_links":{"self":[{"href":"https:\/\/www.kaspar-spirituosen.de\/shop\/wp-json\/wp\/v2\/product\/7129","targetHints":{"allow":["GET"]}}],"collection":[{"href":"https:\/\/www.kaspar-spirituosen.de\/shop\/wp-json\/wp\/v2\/product"}],"about":[{"href":"https:\/\/www.kaspar-spirituosen.de\/shop\/wp-json\/wp\/v2\/types\/product"}],"replies":[{"embeddable":true,"href":"https:\/\/www.kaspar-spirituosen.de\/shop\/wp-json\/wp\/v2\/comments?post=7129"}],"wp:featuredmedia":[{"embeddable":true,"href":"https:\/\/www.kaspar-spirituosen.de\/shop\/wp-json\/wp\/v2\/media\/31206"}],"wp:attachment":[{"href":"https:\/\/www.kaspar-spirituosen.de\/shop\/wp-json\/wp\/v2\/media?parent=7129"}],"wp:term":[{"taxonomy":"product_brand","embeddable":true,"href":"https:\/\/www.kaspar-spirituosen.de\/shop\/wp-json\/wp\/v2\/product_brand?post=7129"},{"taxonomy":"product_cat","embeddable":true,"href":"https:\/\/www.kaspar-spirituosen.de\/shop\/wp-json\/wp\/v2\/product_cat?post=7129"},{"taxonomy":"product_tag","embeddable":true,"href":"https:\/\/www.kaspar-spirituosen.de\/shop\/wp-json\/wp\/v2\/product_tag?post=7129"}],"curies":[{"name":"wp","href":"https:\/\/api.w.org\/{rel}","templated":true}]}}