{"id":7131,"date":"2025-05-05T16:48:57","date_gmt":"2025-05-05T14:48:57","guid":{"rendered":"https:\/\/www.kaspar-spirituosen.de\/shop\/produkt\/grappa-rossi-dangera-amandola-moscato-dasti-07-lt\/"},"modified":"2025-10-24T16:19:41","modified_gmt":"2025-10-24T14:19:41","slug":"grappa-rossi-dangera-amandola-moscato-dasti-07-lt","status":"publish","type":"product","link":"https:\/\/www.kaspar-spirituosen.de\/shop\/produkt\/grappa-rossi-dangera-amandola-moscato-dasti-07-lt\/","title":{"rendered":"Grappa Rossi d&#8217;Angera Amandola Moscato D&#8217;Asti 0,7 lt"},"content":{"rendered":"<p style=\"font-size: 18px; font-family: Arial, Verdana, Helvetica;\">Die Moscato-Trauben, die sp\u00e4ter zum Trester werden, reifen auf den H\u00fcgeln von Castiglione Tinella, Santo Stefano Belbo, Calosso und Castigliole d\u2019Asti. Nach sanfter Pressung werden sie f\u00fcr die G\u00e4rung eingelagert.<\/p>\n<p style=\"font-size: 18px; font-family: Arial, Verdana, Helvetica;\">Der Trester wird im diskontinuierlichen Dampfbrennkessel \u201eGuillaume\u201c von Angera destilliert und in neue Barriquef\u00e4sser aus Allier-und Limousineiche mit mittlerem R\u00f6stgrad gef\u00fcllt, wo sie mindestens 18 Monate lang reifen.<\/p>\n<p style=\"font-size: 18px; font-family: Arial, Verdana, Helvetica;\">Die Brennerei Rossi d&#8217;Angera wurde im Jahre 1847 in der N\u00e4he des Gardasees gegr\u00fcndet.Seit nun mehr als eineinhalb Jahrhunderten wird in der Familie Rossi von Generation zu Generationen das Wissen und die Tradition um die Herstellung von edlen Grappe und Lik\u00f6ren weitergegeben. Dieser reiche Erfahrungsschatz, die bew\u00e4hrten Rezepte, die immer weiter verfeinerten Herstellungsmethoden und die Qualit\u00e4t und Naturbelassenheit des Ausgangsmaterials f\u00fchren dazu, da\u00df in jeder Flasche Rossi d&#8217;Angera nebst des hervorragenden Geschmackes und der besonders hohen Qualit\u00e4t, stets ein St\u00fcck Geschichte mit eingefangen wird.<\/p>\n<p style=\"font-size: 18px; font-family: Arial, Verdana, Helvetica;\">Grappa f\u00fcr Liebhaber und Bewunderer des guten Geschmacks!<\/p>\n<p style=\"font-size: 18px; font-family: Arial, Verdana, Helvetica;\">Alkoholgehalt 42%vol.<br \/>\nGrappa<br \/>\nRossi d&#8217;Angera Distillatori Srl., Via Puccini 20, 21021 Angera (VA), Lago Maggiore &#8211; Italy<\/p>\n","protected":false},"excerpt":{"rendered":"<p>Die Moscato-Trauben, die sp\u00e4ter zum Trester werden, reifen auf den H\u00fcgeln von Castiglione Tinella, Santo Stefano Belbo, Calosso und Castigliole d\u2019Asti<\/p>\n","protected":false},"featured_media":31207,"comment_status":"closed","ping_status":"closed","template":"","meta":{"_acf_changed":false},"product_brand":[],"product_cat":[1580,1582],"product_tag":[836],"class_list":{"0":"post-7131","1":"product","2":"type-product","3":"status-publish","4":"has-post-thumbnail","6":"product_cat-grappa","7":"product_cat-distilleria-rossi-dangera","8":"product_tag-grappa-amandola-moscato-dasti-asti-rossi-angera-lombardei-lombardia-trester-grappa-italien-rolf-kaspar-essen-nrw","10":"first","11":"instock","12":"taxable","13":"shipping-taxable","14":"purchasable","15":"product-type-simple"},"acf":[],"_links":{"self":[{"href":"https:\/\/www.kaspar-spirituosen.de\/shop\/wp-json\/wp\/v2\/product\/7131","targetHints":{"allow":["GET"]}}],"collection":[{"href":"https:\/\/www.kaspar-spirituosen.de\/shop\/wp-json\/wp\/v2\/product"}],"about":[{"href":"https:\/\/www.kaspar-spirituosen.de\/shop\/wp-json\/wp\/v2\/types\/product"}],"replies":[{"embeddable":true,"href":"https:\/\/www.kaspar-spirituosen.de\/shop\/wp-json\/wp\/v2\/comments?post=7131"}],"wp:featuredmedia":[{"embeddable":true,"href":"https:\/\/www.kaspar-spirituosen.de\/shop\/wp-json\/wp\/v2\/media\/31207"}],"wp:attachment":[{"href":"https:\/\/www.kaspar-spirituosen.de\/shop\/wp-json\/wp\/v2\/media?parent=7131"}],"wp:term":[{"taxonomy":"product_brand","embeddable":true,"href":"https:\/\/www.kaspar-spirituosen.de\/shop\/wp-json\/wp\/v2\/product_brand?post=7131"},{"taxonomy":"product_cat","embeddable":true,"href":"https:\/\/www.kaspar-spirituosen.de\/shop\/wp-json\/wp\/v2\/product_cat?post=7131"},{"taxonomy":"product_tag","embeddable":true,"href":"https:\/\/www.kaspar-spirituosen.de\/shop\/wp-json\/wp\/v2\/product_tag?post=7131"}],"curies":[{"name":"wp","href":"https:\/\/api.w.org\/{rel}","templated":true}]}}