{"id":7135,"date":"2025-05-05T16:48:57","date_gmt":"2025-05-05T14:48:57","guid":{"rendered":"https:\/\/www.kaspar-spirituosen.de\/shop\/produkt\/grappa-rossi-dangera-trailaghi-moscato-dasti-07-lt\/"},"modified":"2026-02-03T14:46:18","modified_gmt":"2026-02-03T13:46:18","slug":"grappa-rossi-dangera-trailaghi-moscato-dasti-07-lt","status":"publish","type":"product","link":"https:\/\/www.kaspar-spirituosen.de\/shop\/produkt\/grappa-rossi-dangera-trailaghi-moscato-dasti-07-lt\/","title":{"rendered":"Grappa Rossi d&#8217;Angera Trailaghi Moscato D&#8217;Asti 0,7 lt"},"content":{"rendered":"<p style=\"font-size: 18px; font-family: Arial, Verdana, Helvetica;\">Der \u201cMoscato\u201d schlechthin, bzw. der \u201cCanelli\u201d gibt an den mit seinem Trester erzeugten Grappa eine au\u00dferordentlich intensive und \u00fcppige Aromaf\u00fclle ab. Der Trester gelangt nach einer leichten Pressung und kontrollierten G\u00e4rung von den Gemeinden Castiglione Tinella, Santo Stefano Belbo, Calosso und Castigliole d\u2018Asti nach Angera.<\/p>\n<p style=\"font-size: 18px; font-family: Arial, Verdana, Helvetica;\">Die Brennerei Rossi d&#8217;Angera wurde im Jahre 1847 in der N\u00e4he des Gardasees gegr\u00fcndet.Seit nun mehr als eineinhalb Jahrhunderten wird in der Familie Rossi von Generation zu Generationen das Wissen und die Tradition um die Herstellung von edlen Grappe und Lik\u00f6ren weitergegeben. Dieser reiche Erfahrungsschatz, die bew\u00e4hrten Rezepte, die immer weiter verfeinerten Herstellungsmethoden und die Qualit\u00e4t und Naturbelassenheit des Ausgangsmaterials f\u00fchren dazu, da\u00df in jeder Flasche Rossi d&#8217;Angera nebst des hervorragenden Geschmackes und der besonders hohen Qualit\u00e4t, stets ein St\u00fcck Geschichte mit eingefangen wird.<\/p>\n<p style=\"font-size: 18px; font-family: Arial, Verdana, Helvetica;\">Grappa f\u00fcr Liebhaber und Bewunderer des guten Geschmacks!<\/p>\n<p style=\"font-size: 18px; font-family: Arial, Verdana, Helvetica;\">Alkoholgehalt 40%vol.<br \/>\nGrappa<br \/>\nRossi d&#8217;Angera Distillatori Srl., Via Puccini 20, 21021 Angera (VA), Lago Maggiore &#8211; Italy<\/p>\n","protected":false},"excerpt":{"rendered":"<p>Der \u201cMoscato\u201d schlechthin, bzw. der \u201cCanelli\u201d gibt an den mit seinem Trester erzeugten Grappa eine au\u00dferordentlich intensive und \u00fcppige Aromaf\u00fclle ab.<\/p>\n","protected":false},"featured_media":31209,"comment_status":"closed","ping_status":"closed","template":"","meta":{"_acf_changed":false},"product_brand":[],"product_cat":[1580,1582],"product_tag":[837],"class_list":{"0":"post-7135","1":"product","2":"type-product","3":"status-publish","4":"has-post-thumbnail","6":"product_cat-grappa","7":"product_cat-distilleria-rossi-dangera","8":"product_tag-grappa-trailaghi-moscato-dasti-asti-rossi-angera-lombardei-lombardia-trester-grappa-italien-rolf-kaspar-essen-nrw","10":"first","11":"instock","12":"taxable","13":"shipping-taxable","14":"purchasable","15":"product-type-simple"},"acf":[],"_links":{"self":[{"href":"https:\/\/www.kaspar-spirituosen.de\/shop\/wp-json\/wp\/v2\/product\/7135","targetHints":{"allow":["GET"]}}],"collection":[{"href":"https:\/\/www.kaspar-spirituosen.de\/shop\/wp-json\/wp\/v2\/product"}],"about":[{"href":"https:\/\/www.kaspar-spirituosen.de\/shop\/wp-json\/wp\/v2\/types\/product"}],"replies":[{"embeddable":true,"href":"https:\/\/www.kaspar-spirituosen.de\/shop\/wp-json\/wp\/v2\/comments?post=7135"}],"wp:featuredmedia":[{"embeddable":true,"href":"https:\/\/www.kaspar-spirituosen.de\/shop\/wp-json\/wp\/v2\/media\/31209"}],"wp:attachment":[{"href":"https:\/\/www.kaspar-spirituosen.de\/shop\/wp-json\/wp\/v2\/media?parent=7135"}],"wp:term":[{"taxonomy":"product_brand","embeddable":true,"href":"https:\/\/www.kaspar-spirituosen.de\/shop\/wp-json\/wp\/v2\/product_brand?post=7135"},{"taxonomy":"product_cat","embeddable":true,"href":"https:\/\/www.kaspar-spirituosen.de\/shop\/wp-json\/wp\/v2\/product_cat?post=7135"},{"taxonomy":"product_tag","embeddable":true,"href":"https:\/\/www.kaspar-spirituosen.de\/shop\/wp-json\/wp\/v2\/product_tag?post=7135"}],"curies":[{"name":"wp","href":"https:\/\/api.w.org\/{rel}","templated":true}]}}