{"id":7143,"date":"2025-05-05T16:49:09","date_gmt":"2025-05-05T14:49:09","guid":{"rendered":"https:\/\/www.kaspar-spirituosen.de\/shop\/produkt\/grappa-rossi-dangera-riserva-personale-07-lt\/"},"modified":"2026-01-11T17:55:49","modified_gmt":"2026-01-11T16:55:49","slug":"grappa-rossi-dangera-riserva-personale-07-lt","status":"publish","type":"product","link":"https:\/\/www.kaspar-spirituosen.de\/shop\/produkt\/grappa-rossi-dangera-riserva-personale-07-lt\/","title":{"rendered":"Grappa Rossi d&#8217;Angera Riserva Personale 0,7 lt."},"content":{"rendered":"","protected":false},"excerpt":{"rendered":"<div style=\"display: block;\">\n<p>Lange gelagerter Grappa, der durch die Destillation von hochwertigem Trester aus Nebbiolo-und Dolcetto-Trauben gewonnen wird.<\/p>\n<div style=\"display: block;\">\n<h5><\/h5>\n<p><i>Durchsichtig, intensiv bernsteingelb.<\/i><\/p>\n<p><i>Reiches, anhaltendes und harmonisches Bukett. Intensive w\u00fcrzige Duftnoten, nach Ger\u00f6stetem und Vanille.<\/i><\/p>\n<h5><\/h5>\n<h5>Geschmack<\/h5>\n<p><i>Weich, rund, intensiv und anhaltend, mit einem Nachgeschmack komplexer, feiner Geschmacksnuancen, die auf die lange Lagerung zur\u00fcckgehen.<\/i><\/p>\n<\/div>\n<h5>Lagerung<\/h5>\n<p>Nach der sorgf\u00e4ltigen Trennung des Vor-und Nachlaufs wird das Destillat 2 Jahre in 225 Liter-Barriques und weitere 3 Jahre in 2.500 Liter F\u00e4ssern gelagert !<\/p>\n<h5>Alkoholgehalt<\/h5>\n<p><i>Vol 42%<\/i><\/p>\n<\/div>\n<p>Die Brennerei Rossi d&#8217;Angera wurde im Jahre 1847 in der N\u00e4he des Gardasees gegr\u00fcndet.Seit nun mehr als eineinhalb Jahrhunderten wird in der Familie Rossi von Generation zu Generationen das Wissen und die Tradition um die Herstellung von edlen Grappe und Lik\u00f6ren weitergegeben. Dieser reiche Erfahrungsschatz, die bew\u00e4hrten Rezepte, die immer weiter verfeinerten Herstellungsmethoden und die Qualit\u00e4t und Naturbelassenheit des Ausgangsmaterials f\u00fchren dazu, da\u00df in jeder Flasche Rossi d&#8217;Angera nebst des hervorragenden Geschmackes und der besonders hohen Qualit\u00e4t, stets ein St\u00fcck Geschichte mit eingefangen wird.<\/p>\n<p>Grappa f\u00fcr Liebhaber und Bewunderer des guten Geschmacks!<\/p>\n<p>Alkoholgehalt 42%vol.<br \/>\nGrappa<br \/>\nRossi d&#8217;Angera Distillatori Srl., Via Puccini 20, 21021 Angera (VA), Lago Maggiore &#8211; Italy<\/p>\n","protected":false},"featured_media":31212,"comment_status":"closed","ping_status":"closed","template":"","meta":{"_acf_changed":false},"product_brand":[],"product_cat":[1580,1582],"product_tag":[840],"class_list":{"0":"post-7143","1":"product","2":"type-product","3":"status-publish","4":"has-post-thumbnail","6":"product_cat-grappa","7":"product_cat-distilleria-rossi-dangera","8":"product_tag-grappa-riserva-personale-rossi-angera-lombardei-lombardia-trester-grappa-italien-rolf-kaspar-essen-nrw","10":"first","11":"instock","12":"taxable","13":"shipping-taxable","14":"purchasable","15":"product-type-simple"},"acf":[],"_links":{"self":[{"href":"https:\/\/www.kaspar-spirituosen.de\/shop\/wp-json\/wp\/v2\/product\/7143","targetHints":{"allow":["GET"]}}],"collection":[{"href":"https:\/\/www.kaspar-spirituosen.de\/shop\/wp-json\/wp\/v2\/product"}],"about":[{"href":"https:\/\/www.kaspar-spirituosen.de\/shop\/wp-json\/wp\/v2\/types\/product"}],"replies":[{"embeddable":true,"href":"https:\/\/www.kaspar-spirituosen.de\/shop\/wp-json\/wp\/v2\/comments?post=7143"}],"wp:featuredmedia":[{"embeddable":true,"href":"https:\/\/www.kaspar-spirituosen.de\/shop\/wp-json\/wp\/v2\/media\/31212"}],"wp:attachment":[{"href":"https:\/\/www.kaspar-spirituosen.de\/shop\/wp-json\/wp\/v2\/media?parent=7143"}],"wp:term":[{"taxonomy":"product_brand","embeddable":true,"href":"https:\/\/www.kaspar-spirituosen.de\/shop\/wp-json\/wp\/v2\/product_brand?post=7143"},{"taxonomy":"product_cat","embeddable":true,"href":"https:\/\/www.kaspar-spirituosen.de\/shop\/wp-json\/wp\/v2\/product_cat?post=7143"},{"taxonomy":"product_tag","embeddable":true,"href":"https:\/\/www.kaspar-spirituosen.de\/shop\/wp-json\/wp\/v2\/product_tag?post=7143"}],"curies":[{"name":"wp","href":"https:\/\/api.w.org\/{rel}","templated":true}]}}