{"id":7149,"date":"2025-05-05T16:49:09","date_gmt":"2025-05-05T14:49:09","guid":{"rendered":"https:\/\/www.kaspar-spirituosen.de\/shop\/produkt\/cognac-lheraud-vs-07-lt\/"},"modified":"2026-02-06T21:42:04","modified_gmt":"2026-02-06T20:42:04","slug":"cognac-lheraud-vs-07-lt","status":"publish","type":"product","link":"https:\/\/www.kaspar-spirituosen.de\/shop\/produkt\/cognac-lheraud-vs-07-lt\/","title":{"rendered":"Cognac Lh\u00e9raud VS 0,7 lt"},"content":{"rendered":"","protected":false},"excerpt":{"rendered":"<p>Sehr blumiger Cognac, der wegen seines Alters zwar noch nicht alle Geheimnisse dieses besonderen Destillates enth\u00fcllen kann, der allerdings viel unkomplizierten Trinkgenuss garantiert! 3 Jahre alt<\/p>\n<p>Was f\u00fcr den Spitzenwinzer ein Gr\u00e4uel ist, das ist f\u00fcr das Brennen von Cognac genau richtig. Maschinell geerntete Ugni-blanc- und Colombard-Trauben erbringen alkoholarme Weine, die sogar sauer und f\u00fcr den direkten Genuss kaum geeignet sind. Das Haus Lh\u00e9raud besitzt 55 ha eigene Rebfl\u00e4che ausschlie\u00dflich in der Petit Champagne, wo die Bodenauflage aus einer durchl\u00e4ssigen Kreideschicht besteht und das Klima dem Einfluss des Meeres aus<br \/>\ndem Westen unterliegt. Den Hausstil m\u00f6chten wir als weich und geschmeidig, rund und eher fruchtbetont als holzig bezeichnen. Cognac Lh\u00e9raud ist eines der wenigen H\u00e4user, die unter offizieller beh\u00f6rdlicher Aufsicht in Frankreich abgef\u00fcllte Jahrgangs-Cognacs anbieten darf. Besondere Ehre kommt dem<br \/>\nHaus als einziger, offizieller Lieferant des englischen Oberhauses zu.<\/p>\n<p>Cognac<br \/>\nAlkoholgehalt 40%vol.<br \/>\nLh\u00e9raud Cognac, Domaine de Lasdoux, 16120 Angeac, France<\/p>\n","protected":false},"featured_media":31215,"comment_status":"closed","ping_status":"closed","template":"","meta":{"_acf_changed":false},"product_brand":[],"product_cat":[1585,1586,1588],"product_tag":[842],"class_list":{"0":"post-7149","1":"product","2":"type-product","3":"status-publish","4":"has-post-thumbnail","6":"product_cat-cognac-calvados-armagnac","7":"product_cat-cognac","8":"product_cat-lheraud","9":"product_tag-cognac-lheraud-leraud-lheraut-lheraud-vs-rolf-kaspar-nrw-essen","11":"first","12":"instock","13":"taxable","14":"shipping-taxable","15":"purchasable","16":"product-type-simple"},"acf":[],"_links":{"self":[{"href":"https:\/\/www.kaspar-spirituosen.de\/shop\/wp-json\/wp\/v2\/product\/7149","targetHints":{"allow":["GET"]}}],"collection":[{"href":"https:\/\/www.kaspar-spirituosen.de\/shop\/wp-json\/wp\/v2\/product"}],"about":[{"href":"https:\/\/www.kaspar-spirituosen.de\/shop\/wp-json\/wp\/v2\/types\/product"}],"replies":[{"embeddable":true,"href":"https:\/\/www.kaspar-spirituosen.de\/shop\/wp-json\/wp\/v2\/comments?post=7149"}],"wp:featuredmedia":[{"embeddable":true,"href":"https:\/\/www.kaspar-spirituosen.de\/shop\/wp-json\/wp\/v2\/media\/31215"}],"wp:attachment":[{"href":"https:\/\/www.kaspar-spirituosen.de\/shop\/wp-json\/wp\/v2\/media?parent=7149"}],"wp:term":[{"taxonomy":"product_brand","embeddable":true,"href":"https:\/\/www.kaspar-spirituosen.de\/shop\/wp-json\/wp\/v2\/product_brand?post=7149"},{"taxonomy":"product_cat","embeddable":true,"href":"https:\/\/www.kaspar-spirituosen.de\/shop\/wp-json\/wp\/v2\/product_cat?post=7149"},{"taxonomy":"product_tag","embeddable":true,"href":"https:\/\/www.kaspar-spirituosen.de\/shop\/wp-json\/wp\/v2\/product_tag?post=7149"}],"curies":[{"name":"wp","href":"https:\/\/api.w.org\/{rel}","templated":true}]}}