{"id":7153,"date":"2025-05-05T16:49:09","date_gmt":"2025-05-05T14:49:09","guid":{"rendered":"https:\/\/www.kaspar-spirituosen.de\/shop\/produkt\/cognac-lheraud-cuvee-10-07-lt\/"},"modified":"2026-04-28T16:13:43","modified_gmt":"2026-04-28T14:13:43","slug":"cognac-lheraud-cuvee-10-07-lt","status":"publish","type":"product","link":"https:\/\/www.kaspar-spirituosen.de\/shop\/produkt\/cognac-lheraud-cuvee-10-07-lt\/","title":{"rendered":"Cognac Lh\u00e9raud Cuv\u00e9e 10, 0,7 lt"},"content":{"rendered":"","protected":false},"excerpt":{"rendered":"<p>Nach zehnj\u00e4hriger Lagerung in Eichenf\u00e4ssern wird dieser Cognac Sie beim Verkosten angenehm \u00fcberraschen. Sie werden einem wuchtigen und differenzierten Bouquet begegnen. Diese Qualit\u00e4t findet sich ausschlie\u00dflich bei Erzeugnissen aus den Gebieten Petit und Grande Champagne.<\/p>\n<p>Was f\u00fcr den Spitzenwinzer ein Gr\u00e4uel ist, das ist f\u00fcr das Brennen von Cognac genau richtig. Maschinell geerntete Ugni-Blanc- und Colombard-Trauben erbringen alkoholarme Weine, die sogar sauer und f\u00fcr den direkten Genuss kaum geeignet sind. Das Haus Lh\u00e9raud besitzt 55 ha eigene Rebfl\u00e4che ausschlie\u00dflich in der Petit Champagne, wo die Bodenauflage aus einer durchl\u00e4ssigen Kreideschicht besteht und das Klima dem Einfluss des Meeres aus dem Westen unterliegt. Den Hausstil m\u00f6chten wir als weich und geschmeidig, rund und eher fruchtbetont als holzig bezeichnen. Cognac Lh\u00e9raud ist eines der wenigen H\u00e4user, die unter offizieller beh\u00f6rdlicher Aufsicht in Frankreich abgef\u00fcllte Jahrgangs-Cognacs anbieten darf. Besondere Ehre kommt dem Haus als einziger, offizieller Lieferant des englischen Oberhauses zu.<\/p>\n<p>Cognac<br \/>\nAlkoholgehalt 40%vol.<br \/>\nLh\u00e9raud Cognac, Domaine de Lasdoux, 16120 Angeac, France<\/p>\n","protected":false},"featured_media":8689,"comment_status":"closed","ping_status":"closed","template":"","meta":{"_acf_changed":false},"product_brand":[],"product_cat":[1585,1586,1588],"product_tag":[845],"class_list":{"0":"post-7153","1":"product","2":"type-product","3":"status-publish","4":"has-post-thumbnail","6":"product_cat-cognac-calvados-armagnac","7":"product_cat-cognac","8":"product_cat-lheraud","9":"product_tag-cognac-lheraud-lheraud-cuvee-cuvee-10-rolf-kaspar-essen-nrw-fachhandel","11":"first","12":"instock","13":"taxable","14":"shipping-taxable","15":"purchasable","16":"product-type-simple"},"acf":[],"_links":{"self":[{"href":"https:\/\/www.kaspar-spirituosen.de\/shop\/wp-json\/wp\/v2\/product\/7153","targetHints":{"allow":["GET"]}}],"collection":[{"href":"https:\/\/www.kaspar-spirituosen.de\/shop\/wp-json\/wp\/v2\/product"}],"about":[{"href":"https:\/\/www.kaspar-spirituosen.de\/shop\/wp-json\/wp\/v2\/types\/product"}],"replies":[{"embeddable":true,"href":"https:\/\/www.kaspar-spirituosen.de\/shop\/wp-json\/wp\/v2\/comments?post=7153"}],"wp:featuredmedia":[{"embeddable":true,"href":"https:\/\/www.kaspar-spirituosen.de\/shop\/wp-json\/wp\/v2\/media\/8689"}],"wp:attachment":[{"href":"https:\/\/www.kaspar-spirituosen.de\/shop\/wp-json\/wp\/v2\/media?parent=7153"}],"wp:term":[{"taxonomy":"product_brand","embeddable":true,"href":"https:\/\/www.kaspar-spirituosen.de\/shop\/wp-json\/wp\/v2\/product_brand?post=7153"},{"taxonomy":"product_cat","embeddable":true,"href":"https:\/\/www.kaspar-spirituosen.de\/shop\/wp-json\/wp\/v2\/product_cat?post=7153"},{"taxonomy":"product_tag","embeddable":true,"href":"https:\/\/www.kaspar-spirituosen.de\/shop\/wp-json\/wp\/v2\/product_tag?post=7153"}],"curies":[{"name":"wp","href":"https:\/\/api.w.org\/{rel}","templated":true}]}}