{"id":7155,"date":"2025-05-05T16:49:09","date_gmt":"2025-05-05T14:49:09","guid":{"rendered":"https:\/\/www.kaspar-spirituosen.de\/shop\/produkt\/cognac-lheraud-grande-champagne-1973-07l\/"},"modified":"2025-10-24T16:18:47","modified_gmt":"2025-10-24T14:18:47","slug":"cognac-lheraud-grande-champagne-1973-07l","status":"publish","type":"product","link":"https:\/\/www.kaspar-spirituosen.de\/shop\/produkt\/cognac-lheraud-grande-champagne-1973-07l\/","title":{"rendered":"Cognac Lh\u00e9raud Grande Champagne 1973, 0,7l"},"content":{"rendered":"<p style=\"font-size: 18px; font-family: Arial, Verdana, Helvetica;\"><strong>Grande Champagne 1973<\/strong> &#8211;\u00a0exotisch und frisch &#8211; Aromen von fruchtiger Mango, w\u00fcrzigem Passionsfrucht-Chutney, frischer Kokosnuss und frischem Ingwer &#8211; eine einmalige und rare Cuv\u00e9e mit tiefgoldener Farbe, dicht. konzentriert und mit cremiger Viskosit\u00e4t<\/p>\n<p style=\"font-size: 18px; font-family: Arial, Verdana, Helvetica;\">Was f\u00fcr den Spitzenwinzer ein Gr\u00e4uel ist, das ist f\u00fcr das Brennen von <strong>Cognac <\/strong>genau richtig. Maschinell geerntete Ugni-blanc- und Colombard- Trauben erbringen alkoholarme Weine, die sogar sauer und f\u00fcr den direkten Genuss kaum geeignet sind. Das Haus <strong>Lh\u00e9raud<\/strong> besitzt 55 ha eigene Rebfl\u00e4che ausschlie\u00dflich in der Petit Champagne, wo die Bodenauflage aus einer durchl\u00e4ssigen Kreideschicht besteht und das Klima dem Einfluss des Meeres aus dem Westen unterliegt. Den Hausstil m\u00f6chten wir als weich und geschmeidig, rund und eher fruchtbetont als holzig bezeichnen. Cognac Lh\u00e9raud ist eines der wenigen H\u00e4user, die unter offizieller beh\u00f6rdlicher Aufsicht in Frankreich abgef\u00fcllte Jahrgangs-Cognacs anbieten darf. Besondere Ehre kommt dem Haus als einziger, offizieller Lieferant des englischen Oberhauses zu.<\/p>\n<p style=\"font-size: 18px; font-family: Arial, Verdana, Helvetica;\">Cognac<br \/>\nAlkoholgehalt 48%vol.<br \/>\nLh\u00e9raud Cognac, Domaine de Lasdoux, 16120 Angeac, France<\/p>\n","protected":false},"excerpt":{"rendered":"<p>exotisch und frisch &#8211; Aromen von fruchtiger Mango, w\u00fcrzigem Passionsfrucht-Chutney<span style=\"font-family: Arial, Verdana, Helvetica; font-size: 18px;\">, frischer Kokosnuss und frischem Ingwer<\/span><\/p>\n","protected":false},"featured_media":31217,"comment_status":"closed","ping_status":"closed","template":"","meta":{"_acf_changed":false},"product_brand":[],"product_cat":[1585,1586,1588],"product_tag":[847],"class_list":{"0":"post-7155","1":"product","2":"type-product","3":"status-publish","4":"has-post-thumbnail","6":"product_cat-cognac-calvados-armagnac","7":"product_cat-cognac","8":"product_cat-lheraud","9":"product_tag-cognac-lheraud-fachhandel-rolf-kaspar-nrw-importeur-lheraud-1973","11":"first","12":"instock","13":"taxable","14":"shipping-taxable","15":"purchasable","16":"product-type-simple"},"acf":[],"_links":{"self":[{"href":"https:\/\/www.kaspar-spirituosen.de\/shop\/wp-json\/wp\/v2\/product\/7155","targetHints":{"allow":["GET"]}}],"collection":[{"href":"https:\/\/www.kaspar-spirituosen.de\/shop\/wp-json\/wp\/v2\/product"}],"about":[{"href":"https:\/\/www.kaspar-spirituosen.de\/shop\/wp-json\/wp\/v2\/types\/product"}],"replies":[{"embeddable":true,"href":"https:\/\/www.kaspar-spirituosen.de\/shop\/wp-json\/wp\/v2\/comments?post=7155"}],"wp:featuredmedia":[{"embeddable":true,"href":"https:\/\/www.kaspar-spirituosen.de\/shop\/wp-json\/wp\/v2\/media\/31217"}],"wp:attachment":[{"href":"https:\/\/www.kaspar-spirituosen.de\/shop\/wp-json\/wp\/v2\/media?parent=7155"}],"wp:term":[{"taxonomy":"product_brand","embeddable":true,"href":"https:\/\/www.kaspar-spirituosen.de\/shop\/wp-json\/wp\/v2\/product_brand?post=7155"},{"taxonomy":"product_cat","embeddable":true,"href":"https:\/\/www.kaspar-spirituosen.de\/shop\/wp-json\/wp\/v2\/product_cat?post=7155"},{"taxonomy":"product_tag","embeddable":true,"href":"https:\/\/www.kaspar-spirituosen.de\/shop\/wp-json\/wp\/v2\/product_tag?post=7155"}],"curies":[{"name":"wp","href":"https:\/\/api.w.org\/{rel}","templated":true}]}}